{"id":10,"date":"2021-04-12T12:50:09","date_gmt":"2021-04-12T10:50:09","guid":{"rendered":"https:\/\/milniky.flaw.uniba.sk\/?page_id=10"},"modified":"2026-03-27T15:34:06","modified_gmt":"2026-03-27T14:34:06","slug":"kontakt","status":"publish","type":"page","link":"https:\/\/milniky.flaw.uniba.sk\/en\/kontakt\/","title":{"rendered":"V\u00fdbory konferencie"},"content":{"rendered":"<div class=\"wp-block-group\"><div class=\"wp-block-group__inner-container is-layout-flow wp-block-group-is-layout-flow\">\n<div class=\"wp-block-columns is-layout-flex wp-container-core-columns-is-layout-9d6595d7 wp-block-columns-is-layout-flex\">\n<div class=\"wp-block-column is-layout-flow wp-block-column-is-layout-flow\">\n<p><\/p>\n\n\n<p><iframe src=\"https:\/\/www.google.com\/maps\/embed?pb=!1m18!1m12!1m3!1d2838.970228983316!2d17.2984833!3d48.39422629999999!2m3!1f0!2f0!3f0!3m2!1i1024!2i768!4f13.1!3m3!1m2!1s0x476cbd995dc1086f%3A0x9a8acc7c247e8ab5!2zxIxhc3TDoSAtIFBhcGllcm5pxI1rYQ!5e1!3m2!1ssk!2ssk!4v1729085634225!5m2!1ssk!2ssk\" width=\"400\" height=\"300\" style=\"border:0;\" allowfullscreen=\"\" loading=\"lazy\" referrerpolicy=\"no-referrer-when-downgrade\"><\/iframe><\/p>\n<\/div>\n<\/div>\n<\/div><\/div>\n\n\n\n<p><strong>Organiza\u010dn\u00fd v\u00fdbor konferencie:<\/strong><\/p>\n\n\n\n<p>JUDr. Luk\u00e1\u0161 Turay, PhD. \u2013 Vice-Dean<\/p>\n\n\n\n<p>Mgr. Michaela Kahounov\u00e1<\/p>\n\n\n\n<p>Mgr. Ingrid Kmetzov\u00e1<\/p>\n\n\n\n<p><strong>Contact e-mail:&nbsp;<\/strong>milniky@flaw.uniba.sk<\/p>\n\n\n\n<p><strong>Charakteristika a p\u00f4sobnos\u0165:<\/strong><\/p>\n\n\n\n<p>Organiza\u010dn\u00fd v\u00fdbor zabezpe\u010duje praktick\u00fa a administrat\u00edvnu realiz\u00e1ciu konferencie. Je zodpovedn\u00fd za jej hladk\u00fd priebeh a koordin\u00e1ciu v\u0161etk\u00fdch organiza\u010dn\u00fdch \u010dinnost\u00ed.<\/p>\n\n\n\n<p>Medzi jeho hlavn\u00e9 \u00falohy patr\u00ed najm\u00e4:<\/p>\n\n\n\n<ul class=\"wp-block-list\">\n<li>spracovanie prihl\u00e1\u0161ok \u00fa\u010dastn\u00edkov a pr\u00edspevkov,<\/li>\n\n\n\n<li>komunik\u00e1cia s \u00fa\u010dastn\u00edkmi konferencie,<\/li>\n\n\n\n<li>tvorba \u010dasov\u00e9ho harmonogramu konferencie,<\/li>\n\n\n\n<li>logistick\u00e9 zabezpe\u010denie podujatia,<\/li>\n\n\n\n<li>spolupr\u00e1ca s vedeck\u00fdm v\u00fdborom pri tvorbe programu,<\/li>\n\n\n\n<li>technick\u00e1 a organiza\u010dn\u00e1 podpora po\u010das konferencie.<\/li>\n<\/ul>\n\n\n\n<p><\/p>\n\n\n\n<p class=\"has-primary-color has-text-color\"><\/p>\n\n\n\n<hr class=\"wp-block-separator has-text-color has-primary-color has-css-opacity has-primary-background-color has-background is-style-default\"\/>\n\n\n\n<h1 class=\"wp-block-heading has-text-align-center\">V\u00fdbory konferencie<\/h1>\n\n\n\n<p><strong>Vedeck\u00fd v\u00fdbor konferencie<\/strong>:<\/p>\n\n\n\n<p>1. prof. JUDr. Eduard Burda, PhD.\u00a0<\/p>\n\n\n\n<p>2. prof. JUDr. Ondrej Bla\u017eo, PhD.\u00a0<\/p>\n\n\n\n<p>3. doc. JUDr. Mat\u00fa\u0161 Mesar\u010d\u00edk, PhD.\u00a0<\/p>\n\n\n\n<p>4. Mgr. Olexij M. Mete\u0148kany\u010d, PhD.<\/p>\n\n\n\n<p>5. JUDr. Luk\u00e1\u0161 Turay, PhD.&nbsp;<\/p>\n\n\n\n<p><strong>Charakteristika a p\u00f4sobnos\u0165:<\/strong><\/p>\n\n\n\n<p>\u010clenmi vedeck\u00e9ho v\u00fdboru konferencie s\u00fa akademick\u00ed pracovn\u00edci v\u00e4\u010d\u0161inou s vy\u0161\u0161ou akademickou hodnos\u0165ou, ktor\u00ed preva\u017ene p\u00f4sobia na Pr\u00e1vnickej fakulte Univerzity Komensk\u00e9ho v Bratislave.<\/p>\n\n\n\n<p>Vedeck\u00fd v\u00fdbor zabezpe\u010duje odborn\u00fa \u00farove\u0148 konferencie a predstavuje jej najvy\u0161\u0161\u00ed kontroln\u00fd org\u00e1n. Medzi jeho hlavn\u00e9 pr\u00e1vomoci patr\u00ed najm\u00e4:<\/p>\n\n\n\n<ul class=\"wp-block-list\">\n<li>kone\u010dn\u00e9 rozhodnutie o zaraden\u00ed alebo nezaraden\u00ed pr\u00edspevku do programu konferencie,<\/li>\n\n\n\n<li>posudzovanie pr\u00edspevkov z h\u013eadiska odbornej, obsahovej a form\u00e1lnej kvality,<\/li>\n\n\n\n<li>rozhodovanie o vyraden\u00ed pr\u00edspevku zo zborn\u00edka,<\/li>\n\n\n\n<li>doh\u013ead nad dodr\u017eiavan\u00edm odborn\u00fdch \u0161tandardov konferencie,<\/li>\n\n\n\n<li>rie\u0161enie sporn\u00fdch situ\u00e1ci\u00ed t\u00fdkaj\u00facich sa pr\u00edspevkov alebo \u00fa\u010dasti,<\/li>\n\n\n\n<li>rozhodovanie o&nbsp;zaraden\u00ed do v\u00fdberov\u00e9ho zborn\u00edka COMENIUS: Milestones.<\/li>\n<\/ul>\n\n\n\n<p><strong>Vedeck\u00ed garanti konferencie:<\/strong><\/p>\n\n\n\n<p>doc. JUDr. Mgr. Martin Tur\u010dan, PhD.<\/p>\n\n\n\n<p>Mgr. Vincent Buj\u0148\u00e1k, PhD.<\/p>\n\n\n\n<p>doc. JUDr. Luk\u00e1\u0161 Mare\u010dek, PhD.<\/p>\n\n\n\n<p>doc. JUDr. Katar\u00edna Burdov\u00e1, PhD.<\/p>\n\n\n\n<p>prof. JUDr. M\u00e1ria Patakyov\u00e1, PhD.<\/p>\n\n\n\n<p>JUDr. Barbora Grambli\u010dkov\u00e1, PhD, LLM.<\/p>\n\n\n\n<p>prof. Mgr. Mgr. Ondrej Podolec, PhD.<\/p>\n\n\n\n<p>prof. JUDr. Mat\u00fa\u0161 Nemec, PhD.<\/p>\n\n\n\n<p>prof. doc. JUDr. Mgr. Vojtech Vlad\u00e1r, PhD.<\/p>\n\n\n\n<p>doc. Mgr. Martin Da\u0148ko, PhD.<\/p>\n\n\n\n<p>doc. JUDr. So\u0148a Sop\u00fachov\u00e1, PhD.<\/p>\n\n\n\n<p>prof. JUDr. Juraj Va\u010dok, PhD.<\/p>\n\n\n\n<p>prof. Mgr. Yuliia Vashchenko, PhD.<\/p>\n\n\n\n<p>prof. JUDr. Mari\u00e1n Vrabko, CSc.<\/p>\n\n\n\n<p>doc. JUDr. Michal Maslen, PhD.<\/p>\n\n\n\n<p>JUDr. Mat\u00fa\u0161 Michalovi\u010d, PhD.<\/p>\n\n\n\n<p>doc. JUDr. Yana Daudrikh, PhD.<\/p>\n\n\n\n<p>doc. JUDr. Simona Hesekov\u00e1, PhD.<\/p>\n\n\n\n<p>prof. JUDr. Juraj Hamu\u013e\u00e1k, PhD.<\/p>\n\n\n\n<p>doc. Mgr. Mikul\u00e1\u0161 Krippel, PhD.<\/p>\n\n\n\n<p>JUDr. Ing. Karin Rakov\u00e1, PhD., MBA<\/p>\n\n\n\n<p>JUDr. Radoslav Hnilica, PhD.<\/p>\n\n\n\n<p>prof. JUDr. Jozef \u010cent\u00e9\u0161, DrSc.<\/p>\n\n\n\n<p>prof. JUDr. Margita Prokeinov\u00e1, PhD.<\/p>\n\n\n\n<p>doc. JUDr. Radovan Bla\u017eek, PhD.<\/p>\n\n\n\n<p>doc. JUDr. Andrej Bele\u0161, PhD.<\/p>\n\n\n\n<p>JUDr. et Mgr. Iva Dud\u00e1\u0161ov\u00e1, PhD.<\/p>\n\n\n\n<p>PaedDr. Jarmila Brtkov\u00e1, PhD.<\/p>\n\n\n\n<p>Vedeck\u00ed garanti konferencie zabezpe\u010duj\u00fa odborn\u00fa \u00farove\u0148 jednotliv\u00fdch sekci\u00ed a akt\u00edvne sa podie\u013eaj\u00fa na tvorbe a realiz\u00e1cii vedeck\u00e9ho programu konferencie. Ich p\u00f4sobnos\u0165 zah\u0155\u0148a najm\u00e4:<\/p>\n\n\n\n<ul class=\"wp-block-list\">\n<li>odborn\u00e9 vedenie a garantovanie pridelen\u00fdch sekci\u00ed konferencie,<\/li>\n\n\n\n<li>spolupr\u00e1cu pri tvorbe tematick\u00e9ho zamerania jednotliv\u00fdch sekci\u00ed.<\/li>\n<\/ul>\n\n\n\n<p class=\"has-text-align-center\"><\/p>\n\n\n\n<p><\/p>","protected":false},"excerpt":{"rendered":"<p>Organiza\u010dn\u00fd v\u00fdbor konferencie: JUDr. Luk\u00e1\u0161 Turay, PhD. \u2013 prodekan Mgr. Michaela Kahounov\u00e1 Mgr. Ingrid Kmetzov\u00e1 Kontaktn\u00fd email:&nbsp;milniky@flaw.uniba.sk Charakteristika a p\u00f4sobnos\u0165: Organiza\u010dn\u00fd v\u00fdbor zabezpe\u010duje praktick\u00fa a administrat\u00edvnu realiz\u00e1ciu konferencie. Je zodpovedn\u00fd za jej hladk\u00fd priebeh a koordin\u00e1ciu v\u0161etk\u00fdch organiza\u010dn\u00fdch \u010dinnost\u00ed. Medzi jeho hlavn\u00e9 \u00falohy patr\u00ed najm\u00e4: V\u00fdbory konferencie Vedeck\u00fd v\u00fdbor konferencie: 1. prof. JUDr. Eduard Burda, [&hellip;]<\/p>\n","protected":false},"author":2,"featured_media":0,"parent":0,"menu_order":0,"comment_status":"closed","ping_status":"closed","template":"templates\/template-full-width.php","meta":{"footnotes":""},"class_list":["post-10","page","type-page","status-publish","hentry"],"yoast_head":"<!-- This site is optimized with the Yoast SEO plugin v27.2 - https:\/\/yoast.com\/product\/yoast-seo-wordpress\/ -->\n<title>V\u00fdbory konferencie - Milniky<\/title>\n<meta name=\"robots\" content=\"index, follow, max-snippet:-1, max-image-preview:large, max-video-preview:-1\" \/>\n<link rel=\"canonical\" href=\"https:\/\/milniky.flaw.uniba.sk\/en\/kontakt\/\" \/>\n<meta property=\"og:locale\" content=\"en_US\" \/>\n<meta property=\"og:type\" content=\"article\" \/>\n<meta property=\"og:title\" content=\"V\u00fdbory konferencie - Milniky\" \/>\n<meta property=\"og:description\" content=\"Organiza\u010dn\u00fd v\u00fdbor konferencie: JUDr. Luk\u00e1\u0161 Turay, PhD. \u2013 prodekan Mgr. Michaela Kahounov\u00e1 Mgr. Ingrid Kmetzov\u00e1 Kontaktn\u00fd email:&nbsp;milniky@flaw.uniba.sk Charakteristika a p\u00f4sobnos\u0165: Organiza\u010dn\u00fd v\u00fdbor zabezpe\u010duje praktick\u00fa a administrat\u00edvnu realiz\u00e1ciu konferencie. Je zodpovedn\u00fd za jej hladk\u00fd priebeh a koordin\u00e1ciu v\u0161etk\u00fdch organiza\u010dn\u00fdch \u010dinnost\u00ed. Medzi jeho hlavn\u00e9 \u00falohy patr\u00ed najm\u00e4: V\u00fdbory konferencie Vedeck\u00fd v\u00fdbor konferencie: 1. prof. JUDr. Eduard Burda, [&hellip;]\" \/>\n<meta property=\"og:url\" content=\"https:\/\/milniky.flaw.uniba.sk\/en\/kontakt\/\" \/>\n<meta property=\"og:site_name\" content=\"Milniky\" \/>\n<meta property=\"article:modified_time\" content=\"2026-03-27T14:34:06+00:00\" \/>\n<meta name=\"twitter:card\" content=\"summary_large_image\" \/>\n<meta name=\"twitter:label1\" content=\"Est. reading time\" \/>\n\t<meta name=\"twitter:data1\" content=\"3 minutes\" \/>\n<script type=\"application\/ld+json\" class=\"yoast-schema-graph\">{\"@context\":\"https:\/\/schema.org\",\"@graph\":[{\"@type\":\"WebPage\",\"@id\":\"https:\/\/milniky.flaw.uniba.sk\/kontakt\/\",\"url\":\"https:\/\/milniky.flaw.uniba.sk\/kontakt\/\",\"name\":\"V\u00fdbory konferencie - Milniky\",\"isPartOf\":{\"@id\":\"https:\/\/milniky.flaw.uniba.sk\/#website\"},\"datePublished\":\"2021-04-12T10:50:09+00:00\",\"dateModified\":\"2026-03-27T14:34:06+00:00\",\"breadcrumb\":{\"@id\":\"https:\/\/milniky.flaw.uniba.sk\/kontakt\/#breadcrumb\"},\"inLanguage\":\"en-US\",\"potentialAction\":[{\"@type\":\"ReadAction\",\"target\":[\"https:\/\/milniky.flaw.uniba.sk\/kontakt\/\"]}]},{\"@type\":\"BreadcrumbList\",\"@id\":\"https:\/\/milniky.flaw.uniba.sk\/kontakt\/#breadcrumb\",\"itemListElement\":[{\"@type\":\"ListItem\",\"position\":1,\"name\":\"Home\",\"item\":\"https:\/\/milniky.flaw.uniba.sk\/\"},{\"@type\":\"ListItem\",\"position\":2,\"name\":\"V\u00fdbory konferencie\"}]},{\"@type\":\"WebSite\",\"@id\":\"https:\/\/milniky.flaw.uniba.sk\/#website\",\"url\":\"https:\/\/milniky.flaw.uniba.sk\/\",\"name\":\"Milniky\",\"description\":\"\",\"publisher\":{\"@id\":\"https:\/\/milniky.flaw.uniba.sk\/#organization\"},\"potentialAction\":[{\"@type\":\"SearchAction\",\"target\":{\"@type\":\"EntryPoint\",\"urlTemplate\":\"https:\/\/milniky.flaw.uniba.sk\/?s={search_term_string}\"},\"query-input\":{\"@type\":\"PropertyValueSpecification\",\"valueRequired\":true,\"valueName\":\"search_term_string\"}}],\"inLanguage\":\"en-US\"},{\"@type\":\"Organization\",\"@id\":\"https:\/\/milniky.flaw.uniba.sk\/#organization\",\"name\":\"Milniky\",\"url\":\"https:\/\/milniky.flaw.uniba.sk\/\",\"logo\":{\"@type\":\"ImageObject\",\"inLanguage\":\"en-US\",\"@id\":\"https:\/\/milniky.flaw.uniba.sk\/#\/schema\/logo\/image\/\",\"url\":\"https:\/\/milniky.flaw.uniba.sk\/wp-content\/uploads\/2026\/02\/SK-biela-scaled.png\",\"contentUrl\":\"https:\/\/milniky.flaw.uniba.sk\/wp-content\/uploads\/2026\/02\/SK-biela-scaled.png\",\"width\":2560,\"height\":672,\"caption\":\"Milniky\"},\"image\":{\"@id\":\"https:\/\/milniky.flaw.uniba.sk\/#\/schema\/logo\/image\/\"}}]}<\/script>\n<!-- \/ Yoast SEO plugin. -->","yoast_head_json":{"title":"V\u00fdbory konferencie - Milniky","robots":{"index":"index","follow":"follow","max-snippet":"max-snippet:-1","max-image-preview":"max-image-preview:large","max-video-preview":"max-video-preview:-1"},"canonical":"https:\/\/milniky.flaw.uniba.sk\/en\/kontakt\/","og_locale":"en_US","og_type":"article","og_title":"V\u00fdbory konferencie - Milniky","og_description":"Organiza\u010dn\u00fd v\u00fdbor konferencie: JUDr. Luk\u00e1\u0161 Turay, PhD. \u2013 prodekan Mgr. Michaela Kahounov\u00e1 Mgr. Ingrid Kmetzov\u00e1 Kontaktn\u00fd email:&nbsp;milniky@flaw.uniba.sk Charakteristika a p\u00f4sobnos\u0165: Organiza\u010dn\u00fd v\u00fdbor zabezpe\u010duje praktick\u00fa a administrat\u00edvnu realiz\u00e1ciu konferencie. Je zodpovedn\u00fd za jej hladk\u00fd priebeh a koordin\u00e1ciu v\u0161etk\u00fdch organiza\u010dn\u00fdch \u010dinnost\u00ed. Medzi jeho hlavn\u00e9 \u00falohy patr\u00ed najm\u00e4: V\u00fdbory konferencie Vedeck\u00fd v\u00fdbor konferencie: 1. prof. JUDr. Eduard Burda, [&hellip;]","og_url":"https:\/\/milniky.flaw.uniba.sk\/en\/kontakt\/","og_site_name":"Milniky","article_modified_time":"2026-03-27T14:34:06+00:00","twitter_card":"summary_large_image","twitter_misc":{"Est. reading time":"3 minutes"},"schema":{"@context":"https:\/\/schema.org","@graph":[{"@type":"WebPage","@id":"https:\/\/milniky.flaw.uniba.sk\/kontakt\/","url":"https:\/\/milniky.flaw.uniba.sk\/kontakt\/","name":"V\u00fdbory konferencie - Milniky","isPartOf":{"@id":"https:\/\/milniky.flaw.uniba.sk\/#website"},"datePublished":"2021-04-12T10:50:09+00:00","dateModified":"2026-03-27T14:34:06+00:00","breadcrumb":{"@id":"https:\/\/milniky.flaw.uniba.sk\/kontakt\/#breadcrumb"},"inLanguage":"en-US","potentialAction":[{"@type":"ReadAction","target":["https:\/\/milniky.flaw.uniba.sk\/kontakt\/"]}]},{"@type":"BreadcrumbList","@id":"https:\/\/milniky.flaw.uniba.sk\/kontakt\/#breadcrumb","itemListElement":[{"@type":"ListItem","position":1,"name":"Home","item":"https:\/\/milniky.flaw.uniba.sk\/"},{"@type":"ListItem","position":2,"name":"V\u00fdbory konferencie"}]},{"@type":"WebSite","@id":"https:\/\/milniky.flaw.uniba.sk\/#website","url":"https:\/\/milniky.flaw.uniba.sk\/","name":"Milestones","description":"","publisher":{"@id":"https:\/\/milniky.flaw.uniba.sk\/#organization"},"potentialAction":[{"@type":"SearchAction","target":{"@type":"EntryPoint","urlTemplate":"https:\/\/milniky.flaw.uniba.sk\/?s={search_term_string}"},"query-input":{"@type":"PropertyValueSpecification","valueRequired":true,"valueName":"search_term_string"}}],"inLanguage":"en-US"},{"@type":"Organization","@id":"https:\/\/milniky.flaw.uniba.sk\/#organization","name":"Milestones","url":"https:\/\/milniky.flaw.uniba.sk\/","logo":{"@type":"ImageObject","inLanguage":"en-US","@id":"https:\/\/milniky.flaw.uniba.sk\/#\/schema\/logo\/image\/","url":"https:\/\/milniky.flaw.uniba.sk\/wp-content\/uploads\/2026\/02\/SK-biela-scaled.png","contentUrl":"https:\/\/milniky.flaw.uniba.sk\/wp-content\/uploads\/2026\/02\/SK-biela-scaled.png","width":2560,"height":672,"caption":"Milniky"},"image":{"@id":"https:\/\/milniky.flaw.uniba.sk\/#\/schema\/logo\/image\/"}}]}},"_links":{"self":[{"href":"https:\/\/milniky.flaw.uniba.sk\/en\/wp-json\/wp\/v2\/pages\/10","targetHints":{"allow":["GET"]}}],"collection":[{"href":"https:\/\/milniky.flaw.uniba.sk\/en\/wp-json\/wp\/v2\/pages"}],"about":[{"href":"https:\/\/milniky.flaw.uniba.sk\/en\/wp-json\/wp\/v2\/types\/page"}],"author":[{"embeddable":true,"href":"https:\/\/milniky.flaw.uniba.sk\/en\/wp-json\/wp\/v2\/users\/2"}],"replies":[{"embeddable":true,"href":"https:\/\/milniky.flaw.uniba.sk\/en\/wp-json\/wp\/v2\/comments?post=10"}],"version-history":[{"count":39,"href":"https:\/\/milniky.flaw.uniba.sk\/en\/wp-json\/wp\/v2\/pages\/10\/revisions"}],"predecessor-version":[{"id":1783,"href":"https:\/\/milniky.flaw.uniba.sk\/en\/wp-json\/wp\/v2\/pages\/10\/revisions\/1783"}],"wp:attachment":[{"href":"https:\/\/milniky.flaw.uniba.sk\/en\/wp-json\/wp\/v2\/media?parent=10"}],"curies":[{"name":"wp","href":"https:\/\/api.w.org\/{rel}","templated":true}]}}