{"id":126,"date":"2021-05-17T13:42:25","date_gmt":"2021-05-17T11:42:25","guid":{"rendered":"https:\/\/milniky.flaw.uniba.sk\/?page_id=126"},"modified":"2025-01-09T08:46:01","modified_gmt":"2025-01-09T07:46:01","slug":"sekcia-medzinarodneho-prava-a-medzinarodnych-vztahov","status":"publish","type":"page","link":"https:\/\/milniky.flaw.uniba.sk\/en\/sekcia-medzinarodneho-prava-a-medzinarodnych-vztahov\/","title":{"rendered":"Constitutional Law, International Law and International Relations Section"},"content":{"rendered":"<h2 class=\"wp-block-heading alignfull has-text-align-center\">Cross-border Influences on the Development of Legislation and Case Law in the Field of Fundamental Rights<\/h2>\n\n\n\n<div class=\"wp-block-buttons is-content-justification-center is-layout-flex wp-container-core-buttons-is-layout-16018d1d wp-block-buttons-is-layout-flex\"><\/div>\n\n\n\n<p class=\"has-drop-cap has-primary-color has-text-color\">Contributions in the framework of public and private international law explore the diverse areas of application of the norms of international (European) law, supranational courts or courts of third states to public institutions (for example their jurisdiction and competence) or private law relations with a foreign element (property rights, family law, etc.). In the context of constitutional law, the authors focus on the analysis of the impact of legally binding acts (bodies) of the European Union, the case law of the Court of Justice of the European Union and the case law of the European Court of Human Rights on the legal regulation of fundamental rights and freedoms in Slovak law and on the connotations associated with it, in the broadest possible scope.<\/p>\n\n\n\n<p><strong>Guarantors of the section: <\/strong><\/p>\n\n\n\n<p>doc. JUDr. Katar\u00edna Burdov\u00e1, PhD.<\/p>\n\n\n\n<p>JUDr. Stanislav Ga\u0148a, PhD.<\/p>\n\n\n\n<p><\/p>","protected":false},"excerpt":{"rendered":"<p>Cezhrani\u010dn\u00e9 vplyvy na v\u00fdvoj pr\u00e1vnej \u00fapravy a judikat\u00fary v oblasti z\u00e1kladn\u00fdch pr\u00e1v Pr\u00edspevky v r\u00e1mci medzin\u00e1rodn\u00e9ho pr\u00e1va verejn\u00e9ho a s\u00fakromn\u00e9ho sk\u00famaj\u00fa r\u00f4znorod\u00e9 oblasti uplatnenia noriem medzin\u00e1rodn\u00e9ho (eur\u00f3pskeho) pr\u00e1va, nadn\u00e1rodn\u00fdch s\u00fadov alebo s\u00fadov tret\u00edch \u0161t\u00e1tov na verejn\u00e9 in\u0161tit\u00facie (napr\u00edklad ich pr\u00e1vomoc a p\u00f4sobnos\u0165) alebo s\u00fakromnopr\u00e1vne vz\u0165ahy s cudz\u00edm prvkom (majetkov\u00e9 pr\u00e1va, rodinn\u00e9 pr\u00e1vo a pod.). V [&hellip;]<\/p>\n","protected":false},"author":2,"featured_media":0,"parent":0,"menu_order":0,"comment_status":"closed","ping_status":"closed","template":"","meta":{"footnotes":""},"class_list":["post-126","page","type-page","status-publish","hentry"],"yoast_head":"<!-- This site is optimized with the Yoast SEO plugin v27.2 - https:\/\/yoast.com\/product\/yoast-seo-wordpress\/ -->\n<title>Sekcia \u00fastavn\u00e9ho pr\u00e1va, medzin\u00e1rodn\u00e9ho pr\u00e1va a medzin\u00e1rodn\u00fdch vz\u0165ahov - Milniky<\/title>\n<meta name=\"robots\" content=\"index, follow, max-snippet:-1, max-image-preview:large, max-video-preview:-1\" \/>\n<link rel=\"canonical\" href=\"https:\/\/milniky.flaw.uniba.sk\/en\/sekcia-medzinarodneho-prava-a-medzinarodnych-vztahov\/\" \/>\n<meta property=\"og:locale\" content=\"en_US\" \/>\n<meta property=\"og:type\" content=\"article\" \/>\n<meta property=\"og:title\" content=\"Sekcia \u00fastavn\u00e9ho pr\u00e1va, medzin\u00e1rodn\u00e9ho pr\u00e1va a medzin\u00e1rodn\u00fdch vz\u0165ahov - Milniky\" \/>\n<meta property=\"og:description\" content=\"Cezhrani\u010dn\u00e9 vplyvy na v\u00fdvoj pr\u00e1vnej \u00fapravy a judikat\u00fary v oblasti z\u00e1kladn\u00fdch pr\u00e1v Pr\u00edspevky v r\u00e1mci medzin\u00e1rodn\u00e9ho pr\u00e1va verejn\u00e9ho a s\u00fakromn\u00e9ho sk\u00famaj\u00fa r\u00f4znorod\u00e9 oblasti uplatnenia noriem medzin\u00e1rodn\u00e9ho (eur\u00f3pskeho) pr\u00e1va, nadn\u00e1rodn\u00fdch s\u00fadov alebo s\u00fadov tret\u00edch \u0161t\u00e1tov na verejn\u00e9 in\u0161tit\u00facie (napr\u00edklad ich pr\u00e1vomoc a p\u00f4sobnos\u0165) alebo s\u00fakromnopr\u00e1vne vz\u0165ahy s cudz\u00edm prvkom (majetkov\u00e9 pr\u00e1va, rodinn\u00e9 pr\u00e1vo a pod.). V [&hellip;]\" \/>\n<meta property=\"og:url\" content=\"https:\/\/milniky.flaw.uniba.sk\/en\/sekcia-medzinarodneho-prava-a-medzinarodnych-vztahov\/\" \/>\n<meta property=\"og:site_name\" content=\"Milniky\" \/>\n<meta property=\"article:modified_time\" content=\"2025-01-09T07:46:01+00:00\" \/>\n<meta name=\"twitter:card\" content=\"summary_large_image\" \/>\n<meta name=\"twitter:label1\" content=\"Est. reading time\" \/>\n\t<meta name=\"twitter:data1\" content=\"1 minute\" \/>\n<script type=\"application\/ld+json\" class=\"yoast-schema-graph\">{\"@context\":\"https:\/\/schema.org\",\"@graph\":[{\"@type\":\"WebPage\",\"@id\":\"https:\/\/milniky.flaw.uniba.sk\/sekcia-medzinarodneho-prava-a-medzinarodnych-vztahov\/\",\"url\":\"https:\/\/milniky.flaw.uniba.sk\/sekcia-medzinarodneho-prava-a-medzinarodnych-vztahov\/\",\"name\":\"Sekcia \u00fastavn\u00e9ho pr\u00e1va, medzin\u00e1rodn\u00e9ho pr\u00e1va a medzin\u00e1rodn\u00fdch vz\u0165ahov - Milniky\",\"isPartOf\":{\"@id\":\"https:\/\/milniky.flaw.uniba.sk\/#website\"},\"datePublished\":\"2021-05-17T11:42:25+00:00\",\"dateModified\":\"2025-01-09T07:46:01+00:00\",\"breadcrumb\":{\"@id\":\"https:\/\/milniky.flaw.uniba.sk\/sekcia-medzinarodneho-prava-a-medzinarodnych-vztahov\/#breadcrumb\"},\"inLanguage\":\"en-US\",\"potentialAction\":[{\"@type\":\"ReadAction\",\"target\":[\"https:\/\/milniky.flaw.uniba.sk\/sekcia-medzinarodneho-prava-a-medzinarodnych-vztahov\/\"]}]},{\"@type\":\"BreadcrumbList\",\"@id\":\"https:\/\/milniky.flaw.uniba.sk\/sekcia-medzinarodneho-prava-a-medzinarodnych-vztahov\/#breadcrumb\",\"itemListElement\":[{\"@type\":\"ListItem\",\"position\":1,\"name\":\"Home\",\"item\":\"https:\/\/milniky.flaw.uniba.sk\/\"},{\"@type\":\"ListItem\",\"position\":2,\"name\":\"Sekcia \u00fastavn\u00e9ho pr\u00e1va, medzin\u00e1rodn\u00e9ho pr\u00e1va a medzin\u00e1rodn\u00fdch vz\u0165ahov\"}]},{\"@type\":\"WebSite\",\"@id\":\"https:\/\/milniky.flaw.uniba.sk\/#website\",\"url\":\"https:\/\/milniky.flaw.uniba.sk\/\",\"name\":\"Milniky\",\"description\":\"\",\"publisher\":{\"@id\":\"https:\/\/milniky.flaw.uniba.sk\/#organization\"},\"potentialAction\":[{\"@type\":\"SearchAction\",\"target\":{\"@type\":\"EntryPoint\",\"urlTemplate\":\"https:\/\/milniky.flaw.uniba.sk\/?s={search_term_string}\"},\"query-input\":{\"@type\":\"PropertyValueSpecification\",\"valueRequired\":true,\"valueName\":\"search_term_string\"}}],\"inLanguage\":\"en-US\"},{\"@type\":\"Organization\",\"@id\":\"https:\/\/milniky.flaw.uniba.sk\/#organization\",\"name\":\"Milniky\",\"url\":\"https:\/\/milniky.flaw.uniba.sk\/\",\"logo\":{\"@type\":\"ImageObject\",\"inLanguage\":\"en-US\",\"@id\":\"https:\/\/milniky.flaw.uniba.sk\/#\/schema\/logo\/image\/\",\"url\":\"https:\/\/milniky.flaw.uniba.sk\/wp-content\/uploads\/2026\/02\/SK-biela-scaled.png\",\"contentUrl\":\"https:\/\/milniky.flaw.uniba.sk\/wp-content\/uploads\/2026\/02\/SK-biela-scaled.png\",\"width\":2560,\"height\":672,\"caption\":\"Milniky\"},\"image\":{\"@id\":\"https:\/\/milniky.flaw.uniba.sk\/#\/schema\/logo\/image\/\"}}]}<\/script>\n<!-- \/ Yoast SEO plugin. -->","yoast_head_json":{"title":"Sekcia \u00fastavn\u00e9ho pr\u00e1va, medzin\u00e1rodn\u00e9ho pr\u00e1va a medzin\u00e1rodn\u00fdch vz\u0165ahov - Milniky","robots":{"index":"index","follow":"follow","max-snippet":"max-snippet:-1","max-image-preview":"max-image-preview:large","max-video-preview":"max-video-preview:-1"},"canonical":"https:\/\/milniky.flaw.uniba.sk\/en\/sekcia-medzinarodneho-prava-a-medzinarodnych-vztahov\/","og_locale":"en_US","og_type":"article","og_title":"Sekcia \u00fastavn\u00e9ho pr\u00e1va, medzin\u00e1rodn\u00e9ho pr\u00e1va a medzin\u00e1rodn\u00fdch vz\u0165ahov - Milniky","og_description":"Cezhrani\u010dn\u00e9 vplyvy na v\u00fdvoj pr\u00e1vnej \u00fapravy a judikat\u00fary v oblasti z\u00e1kladn\u00fdch pr\u00e1v Pr\u00edspevky v r\u00e1mci medzin\u00e1rodn\u00e9ho pr\u00e1va verejn\u00e9ho a s\u00fakromn\u00e9ho sk\u00famaj\u00fa r\u00f4znorod\u00e9 oblasti uplatnenia noriem medzin\u00e1rodn\u00e9ho (eur\u00f3pskeho) pr\u00e1va, nadn\u00e1rodn\u00fdch s\u00fadov alebo s\u00fadov tret\u00edch \u0161t\u00e1tov na verejn\u00e9 in\u0161tit\u00facie (napr\u00edklad ich pr\u00e1vomoc a p\u00f4sobnos\u0165) alebo s\u00fakromnopr\u00e1vne vz\u0165ahy s cudz\u00edm prvkom (majetkov\u00e9 pr\u00e1va, rodinn\u00e9 pr\u00e1vo a pod.). V [&hellip;]","og_url":"https:\/\/milniky.flaw.uniba.sk\/en\/sekcia-medzinarodneho-prava-a-medzinarodnych-vztahov\/","og_site_name":"Milniky","article_modified_time":"2025-01-09T07:46:01+00:00","twitter_card":"summary_large_image","twitter_misc":{"Est. reading time":"1 minute"},"schema":{"@context":"https:\/\/schema.org","@graph":[{"@type":"WebPage","@id":"https:\/\/milniky.flaw.uniba.sk\/sekcia-medzinarodneho-prava-a-medzinarodnych-vztahov\/","url":"https:\/\/milniky.flaw.uniba.sk\/sekcia-medzinarodneho-prava-a-medzinarodnych-vztahov\/","name":"Sekcia \u00fastavn\u00e9ho pr\u00e1va, medzin\u00e1rodn\u00e9ho pr\u00e1va a medzin\u00e1rodn\u00fdch vz\u0165ahov - Milniky","isPartOf":{"@id":"https:\/\/milniky.flaw.uniba.sk\/#website"},"datePublished":"2021-05-17T11:42:25+00:00","dateModified":"2025-01-09T07:46:01+00:00","breadcrumb":{"@id":"https:\/\/milniky.flaw.uniba.sk\/sekcia-medzinarodneho-prava-a-medzinarodnych-vztahov\/#breadcrumb"},"inLanguage":"en-US","potentialAction":[{"@type":"ReadAction","target":["https:\/\/milniky.flaw.uniba.sk\/sekcia-medzinarodneho-prava-a-medzinarodnych-vztahov\/"]}]},{"@type":"BreadcrumbList","@id":"https:\/\/milniky.flaw.uniba.sk\/sekcia-medzinarodneho-prava-a-medzinarodnych-vztahov\/#breadcrumb","itemListElement":[{"@type":"ListItem","position":1,"name":"Home","item":"https:\/\/milniky.flaw.uniba.sk\/"},{"@type":"ListItem","position":2,"name":"Sekcia \u00fastavn\u00e9ho pr\u00e1va, medzin\u00e1rodn\u00e9ho pr\u00e1va a medzin\u00e1rodn\u00fdch vz\u0165ahov"}]},{"@type":"WebSite","@id":"https:\/\/milniky.flaw.uniba.sk\/#website","url":"https:\/\/milniky.flaw.uniba.sk\/","name":"Milestones","description":"","publisher":{"@id":"https:\/\/milniky.flaw.uniba.sk\/#organization"},"potentialAction":[{"@type":"SearchAction","target":{"@type":"EntryPoint","urlTemplate":"https:\/\/milniky.flaw.uniba.sk\/?s={search_term_string}"},"query-input":{"@type":"PropertyValueSpecification","valueRequired":true,"valueName":"search_term_string"}}],"inLanguage":"en-US"},{"@type":"Organization","@id":"https:\/\/milniky.flaw.uniba.sk\/#organization","name":"Milestones","url":"https:\/\/milniky.flaw.uniba.sk\/","logo":{"@type":"ImageObject","inLanguage":"en-US","@id":"https:\/\/milniky.flaw.uniba.sk\/#\/schema\/logo\/image\/","url":"https:\/\/milniky.flaw.uniba.sk\/wp-content\/uploads\/2026\/02\/SK-biela-scaled.png","contentUrl":"https:\/\/milniky.flaw.uniba.sk\/wp-content\/uploads\/2026\/02\/SK-biela-scaled.png","width":2560,"height":672,"caption":"Milniky"},"image":{"@id":"https:\/\/milniky.flaw.uniba.sk\/#\/schema\/logo\/image\/"}}]}},"_links":{"self":[{"href":"https:\/\/milniky.flaw.uniba.sk\/en\/wp-json\/wp\/v2\/pages\/126","targetHints":{"allow":["GET"]}}],"collection":[{"href":"https:\/\/milniky.flaw.uniba.sk\/en\/wp-json\/wp\/v2\/pages"}],"about":[{"href":"https:\/\/milniky.flaw.uniba.sk\/en\/wp-json\/wp\/v2\/types\/page"}],"author":[{"embeddable":true,"href":"https:\/\/milniky.flaw.uniba.sk\/en\/wp-json\/wp\/v2\/users\/2"}],"replies":[{"embeddable":true,"href":"https:\/\/milniky.flaw.uniba.sk\/en\/wp-json\/wp\/v2\/comments?post=126"}],"version-history":[{"count":9,"href":"https:\/\/milniky.flaw.uniba.sk\/en\/wp-json\/wp\/v2\/pages\/126\/revisions"}],"predecessor-version":[{"id":1455,"href":"https:\/\/milniky.flaw.uniba.sk\/en\/wp-json\/wp\/v2\/pages\/126\/revisions\/1455"}],"wp:attachment":[{"href":"https:\/\/milniky.flaw.uniba.sk\/en\/wp-json\/wp\/v2\/media?parent=126"}],"curies":[{"name":"wp","href":"https:\/\/api.w.org\/{rel}","templated":true}]}}