{"id":132,"date":"2021-05-17T13:45:33","date_gmt":"2021-05-17T11:45:33","guid":{"rendered":"https:\/\/milniky.flaw.uniba.sk\/?page_id=132"},"modified":"2026-02-05T13:22:00","modified_gmt":"2026-02-05T12:22:00","slug":"sekcia-medzinarodneho-prava","status":"publish","type":"page","link":"https:\/\/milniky.flaw.uniba.sk\/en\/sekcia-medzinarodneho-prava\/","title":{"rendered":"International Law and International\nRelations Section"},"content":{"rendered":"<h2 class=\"wp-block-heading alignfull has-text-align-center\">What Kind of International Law Does Society Need in 2026?<\/h2>\n\n\n\n<p><\/p>\n\n\n\n<p class=\"has-drop-cap has-primary-color has-text-color\">Contributions within the framework of public and private international law will focus on existing and new areas of application of international law norms, principles, exceptions, reservations, general principles and types of sources of law that are currently effective and, conversely, that are obsolete or can be perceived as obstacles to the further development of international law. Contributions are also welcome on the need and future of norms of private and public international law, contributions that indicate a vision of this branch of international law in 2026 and beyond, opening questions about the fragmentation of international law in individual parts of the world, the need for its preservation, or, conversely, questions concluding the stagnation and effectiveness of international cooperation.<\/p>\n\n\n\n<p><\/p>\n\n\n\n<p><strong>Guarantors of the section: <\/strong><\/p>\n\n\n\n<p>doc. JUDr. Luk\u00e1\u0161 Mare\u010dek, PhD.<\/p>\n\n\n\n<p>doc. JUDr. Katar\u00edna Burdov\u00e1, PhD.<\/p>","protected":false},"excerpt":{"rendered":"<p>Ak\u00e9 medzin\u00e1rodn\u00e9 pr\u00e1vo potrebuje spolo\u010dnos\u0165 v roku 2026? Pr\u00edspevky v r\u00e1mci medzin\u00e1rodn\u00e9ho pr\u00e1va verejn\u00e9ho a s\u00fakromn\u00e9ho sa zameraj\u00fa na existuj\u00face a nov\u00e9 oblasti p\u00f4sobnosti noriem medzin\u00e1rodn\u00e9ho pr\u00e1va, princ\u00edpy, v\u00fdnimky, v\u00fdhrady, v\u0161eobecn\u00e9 z\u00e1sady a druhy prame\u0148ov pr\u00e1va, ktor\u00e9 s\u00fa v s\u00fa\u010dasnosti efekt\u00edvne a naopak, ktor\u00e9 s\u00fa obsolentn\u00e9 alebo je ich mo\u017en\u00e9 vn\u00edma\u0165 ako prek\u00e1\u017eky \u010fal\u0161ieho rozvoja [&hellip;]<\/p>\n","protected":false},"author":2,"featured_media":0,"parent":0,"menu_order":0,"comment_status":"closed","ping_status":"closed","template":"","meta":{"footnotes":""},"class_list":["post-132","page","type-page","status-publish","hentry"],"yoast_head":"<!-- This site is optimized with the Yoast SEO plugin v27.2 - https:\/\/yoast.com\/product\/yoast-seo-wordpress\/ -->\n<title>Sekcia medzin\u00e1rodn\u00e9ho pr\u00e1va a medzin\u00e1rodn\u00fdch vz\u0165ahov - Milniky<\/title>\n<meta name=\"robots\" content=\"index, follow, max-snippet:-1, max-image-preview:large, max-video-preview:-1\" \/>\n<link rel=\"canonical\" href=\"https:\/\/milniky.flaw.uniba.sk\/en\/sekcia-medzinarodneho-prava\/\" \/>\n<meta property=\"og:locale\" content=\"en_US\" \/>\n<meta property=\"og:type\" content=\"article\" \/>\n<meta property=\"og:title\" content=\"Sekcia medzin\u00e1rodn\u00e9ho pr\u00e1va a medzin\u00e1rodn\u00fdch vz\u0165ahov - Milniky\" \/>\n<meta property=\"og:description\" content=\"Ak\u00e9 medzin\u00e1rodn\u00e9 pr\u00e1vo potrebuje spolo\u010dnos\u0165 v roku 2026? Pr\u00edspevky v r\u00e1mci medzin\u00e1rodn\u00e9ho pr\u00e1va verejn\u00e9ho a s\u00fakromn\u00e9ho sa zameraj\u00fa na existuj\u00face a nov\u00e9 oblasti p\u00f4sobnosti noriem medzin\u00e1rodn\u00e9ho pr\u00e1va, princ\u00edpy, v\u00fdnimky, v\u00fdhrady, v\u0161eobecn\u00e9 z\u00e1sady a druhy prame\u0148ov pr\u00e1va, ktor\u00e9 s\u00fa v s\u00fa\u010dasnosti efekt\u00edvne a naopak, ktor\u00e9 s\u00fa obsolentn\u00e9 alebo je ich mo\u017en\u00e9 vn\u00edma\u0165 ako prek\u00e1\u017eky \u010fal\u0161ieho rozvoja [&hellip;]\" \/>\n<meta property=\"og:url\" content=\"https:\/\/milniky.flaw.uniba.sk\/en\/sekcia-medzinarodneho-prava\/\" \/>\n<meta property=\"og:site_name\" content=\"Milniky\" \/>\n<meta property=\"article:modified_time\" content=\"2026-02-05T12:22:00+00:00\" \/>\n<meta name=\"twitter:card\" content=\"summary_large_image\" \/>\n<meta name=\"twitter:label1\" content=\"Est. reading time\" \/>\n\t<meta name=\"twitter:data1\" content=\"1 minute\" \/>\n<script type=\"application\/ld+json\" class=\"yoast-schema-graph\">{\"@context\":\"https:\/\/schema.org\",\"@graph\":[{\"@type\":\"WebPage\",\"@id\":\"https:\/\/milniky.flaw.uniba.sk\/sekcia-medzinarodneho-prava\/\",\"url\":\"https:\/\/milniky.flaw.uniba.sk\/sekcia-medzinarodneho-prava\/\",\"name\":\"Sekcia medzin\u00e1rodn\u00e9ho pr\u00e1va a medzin\u00e1rodn\u00fdch vz\u0165ahov - Milniky\",\"isPartOf\":{\"@id\":\"https:\/\/milniky.flaw.uniba.sk\/#website\"},\"datePublished\":\"2021-05-17T11:45:33+00:00\",\"dateModified\":\"2026-02-05T12:22:00+00:00\",\"breadcrumb\":{\"@id\":\"https:\/\/milniky.flaw.uniba.sk\/sekcia-medzinarodneho-prava\/#breadcrumb\"},\"inLanguage\":\"en-US\",\"potentialAction\":[{\"@type\":\"ReadAction\",\"target\":[\"https:\/\/milniky.flaw.uniba.sk\/sekcia-medzinarodneho-prava\/\"]}]},{\"@type\":\"BreadcrumbList\",\"@id\":\"https:\/\/milniky.flaw.uniba.sk\/sekcia-medzinarodneho-prava\/#breadcrumb\",\"itemListElement\":[{\"@type\":\"ListItem\",\"position\":1,\"name\":\"Home\",\"item\":\"https:\/\/milniky.flaw.uniba.sk\/\"},{\"@type\":\"ListItem\",\"position\":2,\"name\":\"Sekcia medzin\u00e1rodn\u00e9ho pr\u00e1va a medzin\u00e1rodn\u00fdch vz\u0165ahov\"}]},{\"@type\":\"WebSite\",\"@id\":\"https:\/\/milniky.flaw.uniba.sk\/#website\",\"url\":\"https:\/\/milniky.flaw.uniba.sk\/\",\"name\":\"Milniky\",\"description\":\"\",\"publisher\":{\"@id\":\"https:\/\/milniky.flaw.uniba.sk\/#organization\"},\"potentialAction\":[{\"@type\":\"SearchAction\",\"target\":{\"@type\":\"EntryPoint\",\"urlTemplate\":\"https:\/\/milniky.flaw.uniba.sk\/?s={search_term_string}\"},\"query-input\":{\"@type\":\"PropertyValueSpecification\",\"valueRequired\":true,\"valueName\":\"search_term_string\"}}],\"inLanguage\":\"en-US\"},{\"@type\":\"Organization\",\"@id\":\"https:\/\/milniky.flaw.uniba.sk\/#organization\",\"name\":\"Milniky\",\"url\":\"https:\/\/milniky.flaw.uniba.sk\/\",\"logo\":{\"@type\":\"ImageObject\",\"inLanguage\":\"en-US\",\"@id\":\"https:\/\/milniky.flaw.uniba.sk\/#\/schema\/logo\/image\/\",\"url\":\"https:\/\/milniky.flaw.uniba.sk\/wp-content\/uploads\/2026\/02\/SK-biela-scaled.png\",\"contentUrl\":\"https:\/\/milniky.flaw.uniba.sk\/wp-content\/uploads\/2026\/02\/SK-biela-scaled.png\",\"width\":2560,\"height\":672,\"caption\":\"Milniky\"},\"image\":{\"@id\":\"https:\/\/milniky.flaw.uniba.sk\/#\/schema\/logo\/image\/\"}}]}<\/script>\n<!-- \/ Yoast SEO plugin. -->","yoast_head_json":{"title":"Sekcia medzin\u00e1rodn\u00e9ho pr\u00e1va a medzin\u00e1rodn\u00fdch vz\u0165ahov - Milniky","robots":{"index":"index","follow":"follow","max-snippet":"max-snippet:-1","max-image-preview":"max-image-preview:large","max-video-preview":"max-video-preview:-1"},"canonical":"https:\/\/milniky.flaw.uniba.sk\/en\/sekcia-medzinarodneho-prava\/","og_locale":"en_US","og_type":"article","og_title":"Sekcia medzin\u00e1rodn\u00e9ho pr\u00e1va a medzin\u00e1rodn\u00fdch vz\u0165ahov - Milniky","og_description":"Ak\u00e9 medzin\u00e1rodn\u00e9 pr\u00e1vo potrebuje spolo\u010dnos\u0165 v roku 2026? Pr\u00edspevky v r\u00e1mci medzin\u00e1rodn\u00e9ho pr\u00e1va verejn\u00e9ho a s\u00fakromn\u00e9ho sa zameraj\u00fa na existuj\u00face a nov\u00e9 oblasti p\u00f4sobnosti noriem medzin\u00e1rodn\u00e9ho pr\u00e1va, princ\u00edpy, v\u00fdnimky, v\u00fdhrady, v\u0161eobecn\u00e9 z\u00e1sady a druhy prame\u0148ov pr\u00e1va, ktor\u00e9 s\u00fa v s\u00fa\u010dasnosti efekt\u00edvne a naopak, ktor\u00e9 s\u00fa obsolentn\u00e9 alebo je ich mo\u017en\u00e9 vn\u00edma\u0165 ako prek\u00e1\u017eky \u010fal\u0161ieho rozvoja [&hellip;]","og_url":"https:\/\/milniky.flaw.uniba.sk\/en\/sekcia-medzinarodneho-prava\/","og_site_name":"Milniky","article_modified_time":"2026-02-05T12:22:00+00:00","twitter_card":"summary_large_image","twitter_misc":{"Est. reading time":"1 minute"},"schema":{"@context":"https:\/\/schema.org","@graph":[{"@type":"WebPage","@id":"https:\/\/milniky.flaw.uniba.sk\/sekcia-medzinarodneho-prava\/","url":"https:\/\/milniky.flaw.uniba.sk\/sekcia-medzinarodneho-prava\/","name":"Sekcia medzin\u00e1rodn\u00e9ho pr\u00e1va a medzin\u00e1rodn\u00fdch vz\u0165ahov - Milniky","isPartOf":{"@id":"https:\/\/milniky.flaw.uniba.sk\/#website"},"datePublished":"2021-05-17T11:45:33+00:00","dateModified":"2026-02-05T12:22:00+00:00","breadcrumb":{"@id":"https:\/\/milniky.flaw.uniba.sk\/sekcia-medzinarodneho-prava\/#breadcrumb"},"inLanguage":"en-US","potentialAction":[{"@type":"ReadAction","target":["https:\/\/milniky.flaw.uniba.sk\/sekcia-medzinarodneho-prava\/"]}]},{"@type":"BreadcrumbList","@id":"https:\/\/milniky.flaw.uniba.sk\/sekcia-medzinarodneho-prava\/#breadcrumb","itemListElement":[{"@type":"ListItem","position":1,"name":"Home","item":"https:\/\/milniky.flaw.uniba.sk\/"},{"@type":"ListItem","position":2,"name":"Sekcia medzin\u00e1rodn\u00e9ho pr\u00e1va a medzin\u00e1rodn\u00fdch vz\u0165ahov"}]},{"@type":"WebSite","@id":"https:\/\/milniky.flaw.uniba.sk\/#website","url":"https:\/\/milniky.flaw.uniba.sk\/","name":"Milestones","description":"","publisher":{"@id":"https:\/\/milniky.flaw.uniba.sk\/#organization"},"potentialAction":[{"@type":"SearchAction","target":{"@type":"EntryPoint","urlTemplate":"https:\/\/milniky.flaw.uniba.sk\/?s={search_term_string}"},"query-input":{"@type":"PropertyValueSpecification","valueRequired":true,"valueName":"search_term_string"}}],"inLanguage":"en-US"},{"@type":"Organization","@id":"https:\/\/milniky.flaw.uniba.sk\/#organization","name":"Milestones","url":"https:\/\/milniky.flaw.uniba.sk\/","logo":{"@type":"ImageObject","inLanguage":"en-US","@id":"https:\/\/milniky.flaw.uniba.sk\/#\/schema\/logo\/image\/","url":"https:\/\/milniky.flaw.uniba.sk\/wp-content\/uploads\/2026\/02\/SK-biela-scaled.png","contentUrl":"https:\/\/milniky.flaw.uniba.sk\/wp-content\/uploads\/2026\/02\/SK-biela-scaled.png","width":2560,"height":672,"caption":"Milniky"},"image":{"@id":"https:\/\/milniky.flaw.uniba.sk\/#\/schema\/logo\/image\/"}}]}},"_links":{"self":[{"href":"https:\/\/milniky.flaw.uniba.sk\/en\/wp-json\/wp\/v2\/pages\/132","targetHints":{"allow":["GET"]}}],"collection":[{"href":"https:\/\/milniky.flaw.uniba.sk\/en\/wp-json\/wp\/v2\/pages"}],"about":[{"href":"https:\/\/milniky.flaw.uniba.sk\/en\/wp-json\/wp\/v2\/types\/page"}],"author":[{"embeddable":true,"href":"https:\/\/milniky.flaw.uniba.sk\/en\/wp-json\/wp\/v2\/users\/2"}],"replies":[{"embeddable":true,"href":"https:\/\/milniky.flaw.uniba.sk\/en\/wp-json\/wp\/v2\/comments?post=132"}],"version-history":[{"count":4,"href":"https:\/\/milniky.flaw.uniba.sk\/en\/wp-json\/wp\/v2\/pages\/132\/revisions"}],"predecessor-version":[{"id":1658,"href":"https:\/\/milniky.flaw.uniba.sk\/en\/wp-json\/wp\/v2\/pages\/132\/revisions\/1658"}],"wp:attachment":[{"href":"https:\/\/milniky.flaw.uniba.sk\/en\/wp-json\/wp\/v2\/media?parent=132"}],"curies":[{"name":"wp","href":"https:\/\/api.w.org\/{rel}","templated":true}]}}