{"id":134,"date":"2021-05-17T13:46:21","date_gmt":"2021-05-17T11:46:21","guid":{"rendered":"https:\/\/milniky.flaw.uniba.sk\/?page_id=134"},"modified":"2026-02-05T13:36:13","modified_gmt":"2026-02-05T12:36:13","slug":"sekcia-spravneho-prava","status":"publish","type":"page","link":"https:\/\/milniky.flaw.uniba.sk\/en\/sekcia-spravneho-prava\/","title":{"rendered":"Administrative Law Section"},"content":{"rendered":"<h2 class=\"wp-block-heading alignfull has-text-align-center\">New Forms of Public Administration Activity<\/h2>\n\n\n\n<div class=\"wp-block-buttons is-content-justification-center is-layout-flex wp-container-core-buttons-is-layout-16018d1d wp-block-buttons-is-layout-flex\"><\/div>\n\n\n\n<p>New Forms of Activity in Public Administration reflect the gradual transformation of the classical model of public authority based exclusively on unilateral, authoritative decision making towards more flexible, cooperative and often hybrid instruments of public governance. Digitalisation, European integration, the growing importance of public private cooperation, as well as an increased emphasis on efficiency, participation and good administration, have led to a diversification of the forms through which public administration intervenes in the legal sphere of individuals and other entities.<br>This section focuses on the identification, legal nature and limits of new forms of public administration activity, their relationship to traditional administrative acts and procedures, and issues of legality, accountability and the protection of the rights of affected persons. The conference particularly welcomes contributions addressing the following topics:<\/p>\n\n\n\n<ul class=\"wp-block-list\">\n<li>non-traditional and hybrid forms of public administration activity (soft law, informal acts, recommendations, guidelines),<\/li>\n\n\n\n<li>contractual and consensual instruments in administrative law (administrative contracts),<\/li>\n\n\n\n<li>digitalisation of public administration and new forms of electronic communication and decision making,<\/li>\n\n\n\n<li>legal safeguards, judicial and administrative review of new forms of public administration activity,<\/li>\n\n\n\n<li>the influence of European Union law and case law on the development and legitimisation of new instruments of public administration.<\/li>\n<\/ul>\n\n\n\n<p><strong>Guarantors of the section:<\/strong><\/p>\n\n\n\n<p>prof. JUDr. Juraj Va\u010dok, PhD.<\/p>\n\n\n\n<p>prof. Mgr. Yuliia Vashchenko, PhD.<\/p>\n\n\n\n<p>prof. JUDr. Mari\u00e1n Vrabko, CSc.<\/p>\n\n\n\n<p><\/p>","protected":false},"excerpt":{"rendered":"<p>Nov\u00e9 formy \u010dinnosti vo verejnej spr\u00e1ve Nov\u00e9 formy \u010dinnosti vo verejnej spr\u00e1ve odr\u00e1\u017eaj\u00fa postupn\u00fa premenu klasick\u00e9ho modelu verejnej moci zalo\u017een\u00e9ho v\u00fdlu\u010dne na autoritat\u00edvnom rozhodovan\u00ed smerom k flexibilnej\u0161\u00edm, kooperat\u00edvnym a niekedy hybridn\u00fdm n\u00e1strojom spr\u00e1vy vec\u00ed verejn\u00fdch. Digitaliz\u00e1cia, eur\u00f3pska integr\u00e1cia, rast\u00faci v\u00fdznam verejno-s\u00fakromnej spolupr\u00e1ce, ako aj d\u00f4raz na efekt\u00edvnos\u0165, particip\u00e1ciu a dobr\u00fa spr\u00e1vu (good administration) ved\u00fa k [&hellip;]<\/p>\n","protected":false},"author":2,"featured_media":0,"parent":0,"menu_order":0,"comment_status":"closed","ping_status":"closed","template":"","meta":{"footnotes":""},"class_list":["post-134","page","type-page","status-publish","hentry"],"yoast_head":"<!-- This site is optimized with the Yoast SEO plugin v27.2 - https:\/\/yoast.com\/product\/yoast-seo-wordpress\/ -->\n<title>Sekcia spr\u00e1vneho pr\u00e1va - Milniky<\/title>\n<meta name=\"robots\" content=\"index, follow, max-snippet:-1, max-image-preview:large, max-video-preview:-1\" \/>\n<link rel=\"canonical\" href=\"https:\/\/milniky.flaw.uniba.sk\/en\/sekcia-spravneho-prava\/\" \/>\n<meta property=\"og:locale\" content=\"en_US\" \/>\n<meta property=\"og:type\" content=\"article\" \/>\n<meta property=\"og:title\" content=\"Sekcia spr\u00e1vneho pr\u00e1va - Milniky\" \/>\n<meta property=\"og:description\" content=\"Nov\u00e9 formy \u010dinnosti vo verejnej spr\u00e1ve Nov\u00e9 formy \u010dinnosti vo verejnej spr\u00e1ve odr\u00e1\u017eaj\u00fa postupn\u00fa premenu klasick\u00e9ho modelu verejnej moci zalo\u017een\u00e9ho v\u00fdlu\u010dne na autoritat\u00edvnom rozhodovan\u00ed smerom k flexibilnej\u0161\u00edm, kooperat\u00edvnym a niekedy hybridn\u00fdm n\u00e1strojom spr\u00e1vy vec\u00ed verejn\u00fdch. Digitaliz\u00e1cia, eur\u00f3pska integr\u00e1cia, rast\u00faci v\u00fdznam verejno-s\u00fakromnej spolupr\u00e1ce, ako aj d\u00f4raz na efekt\u00edvnos\u0165, particip\u00e1ciu a dobr\u00fa spr\u00e1vu (good administration) ved\u00fa k [&hellip;]\" \/>\n<meta property=\"og:url\" content=\"https:\/\/milniky.flaw.uniba.sk\/en\/sekcia-spravneho-prava\/\" \/>\n<meta property=\"og:site_name\" content=\"Milniky\" \/>\n<meta property=\"article:modified_time\" content=\"2026-02-05T12:36:13+00:00\" \/>\n<meta name=\"twitter:card\" content=\"summary_large_image\" \/>\n<meta name=\"twitter:label1\" content=\"Est. reading time\" \/>\n\t<meta name=\"twitter:data1\" content=\"1 minute\" \/>\n<script type=\"application\/ld+json\" class=\"yoast-schema-graph\">{\"@context\":\"https:\/\/schema.org\",\"@graph\":[{\"@type\":\"WebPage\",\"@id\":\"https:\/\/milniky.flaw.uniba.sk\/sekcia-spravneho-prava\/\",\"url\":\"https:\/\/milniky.flaw.uniba.sk\/sekcia-spravneho-prava\/\",\"name\":\"Sekcia spr\u00e1vneho pr\u00e1va - Milniky\",\"isPartOf\":{\"@id\":\"https:\/\/milniky.flaw.uniba.sk\/#website\"},\"datePublished\":\"2021-05-17T11:46:21+00:00\",\"dateModified\":\"2026-02-05T12:36:13+00:00\",\"breadcrumb\":{\"@id\":\"https:\/\/milniky.flaw.uniba.sk\/sekcia-spravneho-prava\/#breadcrumb\"},\"inLanguage\":\"en-US\",\"potentialAction\":[{\"@type\":\"ReadAction\",\"target\":[\"https:\/\/milniky.flaw.uniba.sk\/sekcia-spravneho-prava\/\"]}]},{\"@type\":\"BreadcrumbList\",\"@id\":\"https:\/\/milniky.flaw.uniba.sk\/sekcia-spravneho-prava\/#breadcrumb\",\"itemListElement\":[{\"@type\":\"ListItem\",\"position\":1,\"name\":\"Home\",\"item\":\"https:\/\/milniky.flaw.uniba.sk\/\"},{\"@type\":\"ListItem\",\"position\":2,\"name\":\"Sekcia spr\u00e1vneho pr\u00e1va\"}]},{\"@type\":\"WebSite\",\"@id\":\"https:\/\/milniky.flaw.uniba.sk\/#website\",\"url\":\"https:\/\/milniky.flaw.uniba.sk\/\",\"name\":\"Milniky\",\"description\":\"\",\"publisher\":{\"@id\":\"https:\/\/milniky.flaw.uniba.sk\/#organization\"},\"potentialAction\":[{\"@type\":\"SearchAction\",\"target\":{\"@type\":\"EntryPoint\",\"urlTemplate\":\"https:\/\/milniky.flaw.uniba.sk\/?s={search_term_string}\"},\"query-input\":{\"@type\":\"PropertyValueSpecification\",\"valueRequired\":true,\"valueName\":\"search_term_string\"}}],\"inLanguage\":\"en-US\"},{\"@type\":\"Organization\",\"@id\":\"https:\/\/milniky.flaw.uniba.sk\/#organization\",\"name\":\"Milniky\",\"url\":\"https:\/\/milniky.flaw.uniba.sk\/\",\"logo\":{\"@type\":\"ImageObject\",\"inLanguage\":\"en-US\",\"@id\":\"https:\/\/milniky.flaw.uniba.sk\/#\/schema\/logo\/image\/\",\"url\":\"https:\/\/milniky.flaw.uniba.sk\/wp-content\/uploads\/2026\/02\/SK-biela-scaled.png\",\"contentUrl\":\"https:\/\/milniky.flaw.uniba.sk\/wp-content\/uploads\/2026\/02\/SK-biela-scaled.png\",\"width\":2560,\"height\":672,\"caption\":\"Milniky\"},\"image\":{\"@id\":\"https:\/\/milniky.flaw.uniba.sk\/#\/schema\/logo\/image\/\"}}]}<\/script>\n<!-- \/ Yoast SEO plugin. -->","yoast_head_json":{"title":"Sekcia spr\u00e1vneho pr\u00e1va - Milniky","robots":{"index":"index","follow":"follow","max-snippet":"max-snippet:-1","max-image-preview":"max-image-preview:large","max-video-preview":"max-video-preview:-1"},"canonical":"https:\/\/milniky.flaw.uniba.sk\/en\/sekcia-spravneho-prava\/","og_locale":"en_US","og_type":"article","og_title":"Sekcia spr\u00e1vneho pr\u00e1va - Milniky","og_description":"Nov\u00e9 formy \u010dinnosti vo verejnej spr\u00e1ve Nov\u00e9 formy \u010dinnosti vo verejnej spr\u00e1ve odr\u00e1\u017eaj\u00fa postupn\u00fa premenu klasick\u00e9ho modelu verejnej moci zalo\u017een\u00e9ho v\u00fdlu\u010dne na autoritat\u00edvnom rozhodovan\u00ed smerom k flexibilnej\u0161\u00edm, kooperat\u00edvnym a niekedy hybridn\u00fdm n\u00e1strojom spr\u00e1vy vec\u00ed verejn\u00fdch. Digitaliz\u00e1cia, eur\u00f3pska integr\u00e1cia, rast\u00faci v\u00fdznam verejno-s\u00fakromnej spolupr\u00e1ce, ako aj d\u00f4raz na efekt\u00edvnos\u0165, particip\u00e1ciu a dobr\u00fa spr\u00e1vu (good administration) ved\u00fa k [&hellip;]","og_url":"https:\/\/milniky.flaw.uniba.sk\/en\/sekcia-spravneho-prava\/","og_site_name":"Milniky","article_modified_time":"2026-02-05T12:36:13+00:00","twitter_card":"summary_large_image","twitter_misc":{"Est. reading time":"1 minute"},"schema":{"@context":"https:\/\/schema.org","@graph":[{"@type":"WebPage","@id":"https:\/\/milniky.flaw.uniba.sk\/sekcia-spravneho-prava\/","url":"https:\/\/milniky.flaw.uniba.sk\/sekcia-spravneho-prava\/","name":"Sekcia spr\u00e1vneho pr\u00e1va - Milniky","isPartOf":{"@id":"https:\/\/milniky.flaw.uniba.sk\/#website"},"datePublished":"2021-05-17T11:46:21+00:00","dateModified":"2026-02-05T12:36:13+00:00","breadcrumb":{"@id":"https:\/\/milniky.flaw.uniba.sk\/sekcia-spravneho-prava\/#breadcrumb"},"inLanguage":"en-US","potentialAction":[{"@type":"ReadAction","target":["https:\/\/milniky.flaw.uniba.sk\/sekcia-spravneho-prava\/"]}]},{"@type":"BreadcrumbList","@id":"https:\/\/milniky.flaw.uniba.sk\/sekcia-spravneho-prava\/#breadcrumb","itemListElement":[{"@type":"ListItem","position":1,"name":"Home","item":"https:\/\/milniky.flaw.uniba.sk\/"},{"@type":"ListItem","position":2,"name":"Sekcia spr\u00e1vneho pr\u00e1va"}]},{"@type":"WebSite","@id":"https:\/\/milniky.flaw.uniba.sk\/#website","url":"https:\/\/milniky.flaw.uniba.sk\/","name":"Milestones","description":"","publisher":{"@id":"https:\/\/milniky.flaw.uniba.sk\/#organization"},"potentialAction":[{"@type":"SearchAction","target":{"@type":"EntryPoint","urlTemplate":"https:\/\/milniky.flaw.uniba.sk\/?s={search_term_string}"},"query-input":{"@type":"PropertyValueSpecification","valueRequired":true,"valueName":"search_term_string"}}],"inLanguage":"en-US"},{"@type":"Organization","@id":"https:\/\/milniky.flaw.uniba.sk\/#organization","name":"Milestones","url":"https:\/\/milniky.flaw.uniba.sk\/","logo":{"@type":"ImageObject","inLanguage":"en-US","@id":"https:\/\/milniky.flaw.uniba.sk\/#\/schema\/logo\/image\/","url":"https:\/\/milniky.flaw.uniba.sk\/wp-content\/uploads\/2026\/02\/SK-biela-scaled.png","contentUrl":"https:\/\/milniky.flaw.uniba.sk\/wp-content\/uploads\/2026\/02\/SK-biela-scaled.png","width":2560,"height":672,"caption":"Milniky"},"image":{"@id":"https:\/\/milniky.flaw.uniba.sk\/#\/schema\/logo\/image\/"}}]}},"_links":{"self":[{"href":"https:\/\/milniky.flaw.uniba.sk\/en\/wp-json\/wp\/v2\/pages\/134","targetHints":{"allow":["GET"]}}],"collection":[{"href":"https:\/\/milniky.flaw.uniba.sk\/en\/wp-json\/wp\/v2\/pages"}],"about":[{"href":"https:\/\/milniky.flaw.uniba.sk\/en\/wp-json\/wp\/v2\/types\/page"}],"author":[{"embeddable":true,"href":"https:\/\/milniky.flaw.uniba.sk\/en\/wp-json\/wp\/v2\/users\/2"}],"replies":[{"embeddable":true,"href":"https:\/\/milniky.flaw.uniba.sk\/en\/wp-json\/wp\/v2\/comments?post=134"}],"version-history":[{"count":9,"href":"https:\/\/milniky.flaw.uniba.sk\/en\/wp-json\/wp\/v2\/pages\/134\/revisions"}],"predecessor-version":[{"id":1678,"href":"https:\/\/milniky.flaw.uniba.sk\/en\/wp-json\/wp\/v2\/pages\/134\/revisions\/1678"}],"wp:attachment":[{"href":"https:\/\/milniky.flaw.uniba.sk\/en\/wp-json\/wp\/v2\/media?parent=134"}],"curies":[{"name":"wp","href":"https:\/\/api.w.org\/{rel}","templated":true}]}}