{"id":136,"date":"2021-05-17T13:46:58","date_gmt":"2021-05-17T11:46:58","guid":{"rendered":"https:\/\/milniky.flaw.uniba.sk\/?page_id=136"},"modified":"2026-02-05T13:38:49","modified_gmt":"2026-02-05T12:38:49","slug":"sekcia-environmentalneho-prava","status":"publish","type":"page","link":"https:\/\/milniky.flaw.uniba.sk\/en\/sekcia-environmentalneho-prava\/","title":{"rendered":"Environmental Law and Climate Law Section"},"content":{"rendered":"<h2 class=\"wp-block-heading alignfull has-text-align-center\">Environmental Rights, Property and the Public Interest in Times of Land-Use Transformation<\/h2>\n\n\n\n<div class=\"wp-block-buttons is-content-justification-center is-layout-flex wp-container-core-buttons-is-layout-16018d1d wp-block-buttons-is-layout-flex\"><\/div>\n\n\n\n<p class=\"has-drop-cap has-primary-color has-text-color\">Land-use transformation \u2013 including brownfield regeneration, infrastructure development and renewable energy projects \u2013 generates conflicts between environmental protection, property rights and the public interest in territorial development. Section focuses on how legal systems respond to these conflicts and how they balance environmental protection, economic development and a fair distribution of benefits and burdens.\nWe particularly welcome contributions addressing:<br>\u2022 legal aspects of brownfield regeneration and redevelopment,<br>\u2022 the relationship between spatial planning, permitting procedures and environmental protection,<br>\u2022 conflicts between the public interest and private rights in large-scale projects (transport infrastructure, industrial zones, renewable energy),<br>\u2022 environmental justice and the distribution of environmental risks and impacts,<br>\u2022 the role of environmental procedural rights (access to information, public participation, access to justice) in land-use decision-making,<br>\u2022 new tools and trends in land-use governance (participatory planning, strategic environmental assessment, voluntary instruments).<\/p>\n\n\n\n<p class=\"has-drop-cap has-primary-color has-text-color\"><\/p>\n\n\n\n<p><strong>Guarantors of the section: <\/strong><\/p>\n\n\n\n<p>doc. JUDr. Michal Maslen, PhD.<\/p>\n\n\n\n<p>JUDr. Mat\u00fa\u0161 Michalovi\u010d, PhD.<\/p>\n\n\n\n<p><em>The section is organized as part of the VEGA project No. 1\/0625\/25 \u2013 Environmental democracy and environmental justice in the legal order of the Slovak Republic in the 21st century.<\/em><\/p>","protected":false},"excerpt":{"rendered":"<p>Environment\u00e1lne pr\u00e1va, vlastn\u00edctvo a verejn\u00fd z\u00e1ujem v \u010dasoch premeny vyu\u017e\u00edvania \u00fazemia Premena vyu\u017e\u00edvania \u00fazemia (land-use transformation) \u2013 vr\u00e1tane regener\u00e1cie brownfieldov, rozvoja infra\u0161trukt\u00fary a projektov obnovite\u013en\u00fdch zdrojov energie \u2013 prin\u00e1\u0161a nov\u00e9 konflikty medzi ochranou \u017eivotn\u00e9ho prostredia, vlastn\u00edckymi pr\u00e1vami a verejn\u00fdm z\u00e1ujmom na \u00fazemnom rozvoji. Sekcia sa zameria na to, ako pr\u00e1vny poriadok reaguje na tieto konflikty [&hellip;]<\/p>\n","protected":false},"author":2,"featured_media":0,"parent":0,"menu_order":0,"comment_status":"closed","ping_status":"closed","template":"","meta":{"footnotes":""},"class_list":["post-136","page","type-page","status-publish","hentry"],"yoast_head":"<!-- This site is optimized with the Yoast SEO plugin v27.2 - https:\/\/yoast.com\/product\/yoast-seo-wordpress\/ -->\n<title>Sekcia environment\u00e1lneho a klimatick\u00e9ho pr\u00e1va - Milniky<\/title>\n<meta name=\"robots\" content=\"index, follow, max-snippet:-1, max-image-preview:large, max-video-preview:-1\" \/>\n<link rel=\"canonical\" href=\"https:\/\/milniky.flaw.uniba.sk\/en\/sekcia-environmentalneho-prava\/\" \/>\n<meta property=\"og:locale\" content=\"en_US\" \/>\n<meta property=\"og:type\" content=\"article\" \/>\n<meta property=\"og:title\" content=\"Sekcia environment\u00e1lneho a klimatick\u00e9ho pr\u00e1va - Milniky\" \/>\n<meta property=\"og:description\" content=\"Environment\u00e1lne pr\u00e1va, vlastn\u00edctvo a verejn\u00fd z\u00e1ujem v \u010dasoch premeny vyu\u017e\u00edvania \u00fazemia Premena vyu\u017e\u00edvania \u00fazemia (land-use transformation) \u2013 vr\u00e1tane regener\u00e1cie brownfieldov, rozvoja infra\u0161trukt\u00fary a projektov obnovite\u013en\u00fdch zdrojov energie \u2013 prin\u00e1\u0161a nov\u00e9 konflikty medzi ochranou \u017eivotn\u00e9ho prostredia, vlastn\u00edckymi pr\u00e1vami a verejn\u00fdm z\u00e1ujmom na \u00fazemnom rozvoji. Sekcia sa zameria na to, ako pr\u00e1vny poriadok reaguje na tieto konflikty [&hellip;]\" \/>\n<meta property=\"og:url\" content=\"https:\/\/milniky.flaw.uniba.sk\/en\/sekcia-environmentalneho-prava\/\" \/>\n<meta property=\"og:site_name\" content=\"Milniky\" \/>\n<meta property=\"article:modified_time\" content=\"2026-02-05T12:38:49+00:00\" \/>\n<meta name=\"twitter:card\" content=\"summary_large_image\" \/>\n<meta name=\"twitter:label1\" content=\"Est. reading time\" \/>\n\t<meta name=\"twitter:data1\" content=\"1 minute\" \/>\n<script type=\"application\/ld+json\" class=\"yoast-schema-graph\">{\"@context\":\"https:\/\/schema.org\",\"@graph\":[{\"@type\":\"WebPage\",\"@id\":\"https:\/\/milniky.flaw.uniba.sk\/sekcia-environmentalneho-prava\/\",\"url\":\"https:\/\/milniky.flaw.uniba.sk\/sekcia-environmentalneho-prava\/\",\"name\":\"Sekcia environment\u00e1lneho a klimatick\u00e9ho pr\u00e1va - Milniky\",\"isPartOf\":{\"@id\":\"https:\/\/milniky.flaw.uniba.sk\/#website\"},\"datePublished\":\"2021-05-17T11:46:58+00:00\",\"dateModified\":\"2026-02-05T12:38:49+00:00\",\"breadcrumb\":{\"@id\":\"https:\/\/milniky.flaw.uniba.sk\/sekcia-environmentalneho-prava\/#breadcrumb\"},\"inLanguage\":\"en-US\",\"potentialAction\":[{\"@type\":\"ReadAction\",\"target\":[\"https:\/\/milniky.flaw.uniba.sk\/sekcia-environmentalneho-prava\/\"]}]},{\"@type\":\"BreadcrumbList\",\"@id\":\"https:\/\/milniky.flaw.uniba.sk\/sekcia-environmentalneho-prava\/#breadcrumb\",\"itemListElement\":[{\"@type\":\"ListItem\",\"position\":1,\"name\":\"Home\",\"item\":\"https:\/\/milniky.flaw.uniba.sk\/\"},{\"@type\":\"ListItem\",\"position\":2,\"name\":\"Sekcia environment\u00e1lneho a klimatick\u00e9ho pr\u00e1va\"}]},{\"@type\":\"WebSite\",\"@id\":\"https:\/\/milniky.flaw.uniba.sk\/#website\",\"url\":\"https:\/\/milniky.flaw.uniba.sk\/\",\"name\":\"Milniky\",\"description\":\"\",\"publisher\":{\"@id\":\"https:\/\/milniky.flaw.uniba.sk\/#organization\"},\"potentialAction\":[{\"@type\":\"SearchAction\",\"target\":{\"@type\":\"EntryPoint\",\"urlTemplate\":\"https:\/\/milniky.flaw.uniba.sk\/?s={search_term_string}\"},\"query-input\":{\"@type\":\"PropertyValueSpecification\",\"valueRequired\":true,\"valueName\":\"search_term_string\"}}],\"inLanguage\":\"en-US\"},{\"@type\":\"Organization\",\"@id\":\"https:\/\/milniky.flaw.uniba.sk\/#organization\",\"name\":\"Milniky\",\"url\":\"https:\/\/milniky.flaw.uniba.sk\/\",\"logo\":{\"@type\":\"ImageObject\",\"inLanguage\":\"en-US\",\"@id\":\"https:\/\/milniky.flaw.uniba.sk\/#\/schema\/logo\/image\/\",\"url\":\"https:\/\/milniky.flaw.uniba.sk\/wp-content\/uploads\/2026\/02\/SK-biela-scaled.png\",\"contentUrl\":\"https:\/\/milniky.flaw.uniba.sk\/wp-content\/uploads\/2026\/02\/SK-biela-scaled.png\",\"width\":2560,\"height\":672,\"caption\":\"Milniky\"},\"image\":{\"@id\":\"https:\/\/milniky.flaw.uniba.sk\/#\/schema\/logo\/image\/\"}}]}<\/script>\n<!-- \/ Yoast SEO plugin. -->","yoast_head_json":{"title":"Sekcia environment\u00e1lneho a klimatick\u00e9ho pr\u00e1va - Milniky","robots":{"index":"index","follow":"follow","max-snippet":"max-snippet:-1","max-image-preview":"max-image-preview:large","max-video-preview":"max-video-preview:-1"},"canonical":"https:\/\/milniky.flaw.uniba.sk\/en\/sekcia-environmentalneho-prava\/","og_locale":"en_US","og_type":"article","og_title":"Sekcia environment\u00e1lneho a klimatick\u00e9ho pr\u00e1va - Milniky","og_description":"Environment\u00e1lne pr\u00e1va, vlastn\u00edctvo a verejn\u00fd z\u00e1ujem v \u010dasoch premeny vyu\u017e\u00edvania \u00fazemia Premena vyu\u017e\u00edvania \u00fazemia (land-use transformation) \u2013 vr\u00e1tane regener\u00e1cie brownfieldov, rozvoja infra\u0161trukt\u00fary a projektov obnovite\u013en\u00fdch zdrojov energie \u2013 prin\u00e1\u0161a nov\u00e9 konflikty medzi ochranou \u017eivotn\u00e9ho prostredia, vlastn\u00edckymi pr\u00e1vami a verejn\u00fdm z\u00e1ujmom na \u00fazemnom rozvoji. Sekcia sa zameria na to, ako pr\u00e1vny poriadok reaguje na tieto konflikty [&hellip;]","og_url":"https:\/\/milniky.flaw.uniba.sk\/en\/sekcia-environmentalneho-prava\/","og_site_name":"Milniky","article_modified_time":"2026-02-05T12:38:49+00:00","twitter_card":"summary_large_image","twitter_misc":{"Est. reading time":"1 minute"},"schema":{"@context":"https:\/\/schema.org","@graph":[{"@type":"WebPage","@id":"https:\/\/milniky.flaw.uniba.sk\/sekcia-environmentalneho-prava\/","url":"https:\/\/milniky.flaw.uniba.sk\/sekcia-environmentalneho-prava\/","name":"Sekcia environment\u00e1lneho a klimatick\u00e9ho pr\u00e1va - Milniky","isPartOf":{"@id":"https:\/\/milniky.flaw.uniba.sk\/#website"},"datePublished":"2021-05-17T11:46:58+00:00","dateModified":"2026-02-05T12:38:49+00:00","breadcrumb":{"@id":"https:\/\/milniky.flaw.uniba.sk\/sekcia-environmentalneho-prava\/#breadcrumb"},"inLanguage":"en-US","potentialAction":[{"@type":"ReadAction","target":["https:\/\/milniky.flaw.uniba.sk\/sekcia-environmentalneho-prava\/"]}]},{"@type":"BreadcrumbList","@id":"https:\/\/milniky.flaw.uniba.sk\/sekcia-environmentalneho-prava\/#breadcrumb","itemListElement":[{"@type":"ListItem","position":1,"name":"Home","item":"https:\/\/milniky.flaw.uniba.sk\/"},{"@type":"ListItem","position":2,"name":"Sekcia environment\u00e1lneho a klimatick\u00e9ho pr\u00e1va"}]},{"@type":"WebSite","@id":"https:\/\/milniky.flaw.uniba.sk\/#website","url":"https:\/\/milniky.flaw.uniba.sk\/","name":"Milestones","description":"","publisher":{"@id":"https:\/\/milniky.flaw.uniba.sk\/#organization"},"potentialAction":[{"@type":"SearchAction","target":{"@type":"EntryPoint","urlTemplate":"https:\/\/milniky.flaw.uniba.sk\/?s={search_term_string}"},"query-input":{"@type":"PropertyValueSpecification","valueRequired":true,"valueName":"search_term_string"}}],"inLanguage":"en-US"},{"@type":"Organization","@id":"https:\/\/milniky.flaw.uniba.sk\/#organization","name":"Milestones","url":"https:\/\/milniky.flaw.uniba.sk\/","logo":{"@type":"ImageObject","inLanguage":"en-US","@id":"https:\/\/milniky.flaw.uniba.sk\/#\/schema\/logo\/image\/","url":"https:\/\/milniky.flaw.uniba.sk\/wp-content\/uploads\/2026\/02\/SK-biela-scaled.png","contentUrl":"https:\/\/milniky.flaw.uniba.sk\/wp-content\/uploads\/2026\/02\/SK-biela-scaled.png","width":2560,"height":672,"caption":"Milniky"},"image":{"@id":"https:\/\/milniky.flaw.uniba.sk\/#\/schema\/logo\/image\/"}}]}},"_links":{"self":[{"href":"https:\/\/milniky.flaw.uniba.sk\/en\/wp-json\/wp\/v2\/pages\/136","targetHints":{"allow":["GET"]}}],"collection":[{"href":"https:\/\/milniky.flaw.uniba.sk\/en\/wp-json\/wp\/v2\/pages"}],"about":[{"href":"https:\/\/milniky.flaw.uniba.sk\/en\/wp-json\/wp\/v2\/types\/page"}],"author":[{"embeddable":true,"href":"https:\/\/milniky.flaw.uniba.sk\/en\/wp-json\/wp\/v2\/users\/2"}],"replies":[{"embeddable":true,"href":"https:\/\/milniky.flaw.uniba.sk\/en\/wp-json\/wp\/v2\/comments?post=136"}],"version-history":[{"count":10,"href":"https:\/\/milniky.flaw.uniba.sk\/en\/wp-json\/wp\/v2\/pages\/136\/revisions"}],"predecessor-version":[{"id":1683,"href":"https:\/\/milniky.flaw.uniba.sk\/en\/wp-json\/wp\/v2\/pages\/136\/revisions\/1683"}],"wp:attachment":[{"href":"https:\/\/milniky.flaw.uniba.sk\/en\/wp-json\/wp\/v2\/media?parent=136"}],"curies":[{"name":"wp","href":"https:\/\/api.w.org\/{rel}","templated":true}]}}