{"id":138,"date":"2021-05-17T13:47:43","date_gmt":"2021-05-17T11:47:43","guid":{"rendered":"https:\/\/milniky.flaw.uniba.sk\/?page_id=138"},"modified":"2026-02-06T10:18:15","modified_gmt":"2026-02-06T09:18:15","slug":"sekcia-obchodneho-hospodarskeho-financneho-prava","status":"publish","type":"page","link":"https:\/\/milniky.flaw.uniba.sk\/en\/sekcia-obchodneho-hospodarskeho-financneho-prava\/","title":{"rendered":"Commercial Law and Economic Law Section"},"content":{"rendered":"<h2 class=\"wp-block-heading alignfull has-text-align-center\">Corporate Governance of Companies with Municipal or Regional Participation<\/h2>\n\n\n\n<div class=\"wp-block-buttons is-content-justification-center is-layout-flex wp-container-core-buttons-is-layout-16018d1d wp-block-buttons-is-layout-flex\"><\/div>\n\n\n\n<p>Municipal\/regional enterprises (MOE) are companies established for the purpose of carrying out specific business sectors where either state regulatory interventions or market realities limit competition (e.g. water management, waste management). As a result, their objective is usually broader than pure profit-making (or loss minimization); their existence may be motivated by urban policies and public benefit. MOEs operate in strategic areas of urban or municipal life, such as transport, waste management, culture and sports.<\/p>\n\n\n\n<p>Within the English-language section (participants from V4 countries and other countries), we will specifically focus on the questions:<\/p>\n\n\n\n<ol class=\"wp-block-list\">\n<li>Are municipalities constitutionally guaranteed the right to self-government and, if so, how is this reflected in their status as shareholders in capital companies?<\/li>\n\n\n\n<li>Are there specific rules in the legal systems (V4 and other countries) governing which municipal body decides on matters related to the management of a capital company and exercises its shareholder rights? Can municipalities deviate from these rules? What are the consequences of not complying with them?<\/li>\n\n\n\n<li>What is the approach in your countries to the purpose of a capital company with a majority municipal participation (direct or indirect)? Should this approach be stated in the articles of association? Can it be only public or also private, or mixed? In other words, can a capital company with a majority municipal participation be established solely for the purpose of making profit and distributing it to shareholders? How is this handled if the articles of association are silent about the purpose?<\/li>\n\n\n\n<li>In terms of transparency, are there specific rules for municipalities and capital companies in which municipalities have a majority participation?<\/li>\n<\/ol>\n\n\n\n<p><strong>Guarantors of the section: <\/strong><\/p>\n\n\n\n<p>prof. JUDr. M\u00e1ria Patakyov\u00e1, PhD.<\/p>\n\n\n\n<p>JUDr. Barbora Grambli\u010dkov\u00e1, PhD, LLM.<\/p>\n\n\n\n<p><\/p>","protected":false},"excerpt":{"rendered":"<p>Spr\u00e1va a riadenie spolo\u010dnost\u00ed s \u00fa\u010das\u0165ou obc\u00ed\/miest alebo regi\u00f3nu Mestsk\u00e9\/region\u00e1lne podniky (MOE) s\u00fa spolo\u010dnosti zalo\u017een\u00e9 na \u00fa\u010dely vykon\u00e1vania \u0161pecifick\u00fdch odvetv\u00ed podnikania, v ktor\u00fdch bu\u010f regula\u010dn\u00e9 z\u00e1sahy \u0161t\u00e1tu, alebo trhov\u00e1 realita obmedzuj\u00fa hospod\u00e1rsku s\u00fa\u0165a\u017e (napr. vodohospod\u00e1rstvo, odpadov\u00e9 hospod\u00e1rstvo). V d\u00f4sledku toho je ich cie\u013e zvy\u010dajne \u0161ir\u0161\u00ed ako \u010dist\u00e1 tvorba zisku (alebo minimaliz\u00e1cia str\u00e1t); ich existencia m\u00f4\u017ee [&hellip;]<\/p>\n","protected":false},"author":2,"featured_media":0,"parent":0,"menu_order":0,"comment_status":"closed","ping_status":"closed","template":"","meta":{"footnotes":""},"class_list":["post-138","page","type-page","status-publish","hentry"],"yoast_head":"<!-- This site is optimized with the Yoast SEO plugin v27.2 - https:\/\/yoast.com\/product\/yoast-seo-wordpress\/ -->\n<title>Sekcia obchodn\u00e9ho a hospod\u00e1rskeho pr\u00e1va - Milniky<\/title>\n<meta name=\"robots\" content=\"index, follow, max-snippet:-1, max-image-preview:large, max-video-preview:-1\" \/>\n<link rel=\"canonical\" href=\"https:\/\/milniky.flaw.uniba.sk\/en\/sekcia-obchodneho-hospodarskeho-financneho-prava\/\" \/>\n<meta property=\"og:locale\" content=\"en_US\" \/>\n<meta property=\"og:type\" content=\"article\" \/>\n<meta property=\"og:title\" content=\"Sekcia obchodn\u00e9ho a hospod\u00e1rskeho pr\u00e1va - Milniky\" \/>\n<meta property=\"og:description\" content=\"Spr\u00e1va a riadenie spolo\u010dnost\u00ed s \u00fa\u010das\u0165ou obc\u00ed\/miest alebo regi\u00f3nu Mestsk\u00e9\/region\u00e1lne podniky (MOE) s\u00fa spolo\u010dnosti zalo\u017een\u00e9 na \u00fa\u010dely vykon\u00e1vania \u0161pecifick\u00fdch odvetv\u00ed podnikania, v ktor\u00fdch bu\u010f regula\u010dn\u00e9 z\u00e1sahy \u0161t\u00e1tu, alebo trhov\u00e1 realita obmedzuj\u00fa hospod\u00e1rsku s\u00fa\u0165a\u017e (napr. vodohospod\u00e1rstvo, odpadov\u00e9 hospod\u00e1rstvo). V d\u00f4sledku toho je ich cie\u013e zvy\u010dajne \u0161ir\u0161\u00ed ako \u010dist\u00e1 tvorba zisku (alebo minimaliz\u00e1cia str\u00e1t); ich existencia m\u00f4\u017ee [&hellip;]\" \/>\n<meta property=\"og:url\" content=\"https:\/\/milniky.flaw.uniba.sk\/en\/sekcia-obchodneho-hospodarskeho-financneho-prava\/\" \/>\n<meta property=\"og:site_name\" content=\"Milniky\" \/>\n<meta property=\"article:modified_time\" content=\"2026-02-06T09:18:15+00:00\" \/>\n<meta name=\"twitter:card\" content=\"summary_large_image\" \/>\n<meta name=\"twitter:label1\" content=\"Est. reading time\" \/>\n\t<meta name=\"twitter:data1\" content=\"2 minutes\" \/>\n<script type=\"application\/ld+json\" class=\"yoast-schema-graph\">{\"@context\":\"https:\/\/schema.org\",\"@graph\":[{\"@type\":\"WebPage\",\"@id\":\"https:\/\/milniky.flaw.uniba.sk\/sekcia-obchodneho-hospodarskeho-financneho-prava\/\",\"url\":\"https:\/\/milniky.flaw.uniba.sk\/sekcia-obchodneho-hospodarskeho-financneho-prava\/\",\"name\":\"Sekcia obchodn\u00e9ho a hospod\u00e1rskeho pr\u00e1va - Milniky\",\"isPartOf\":{\"@id\":\"https:\/\/milniky.flaw.uniba.sk\/#website\"},\"datePublished\":\"2021-05-17T11:47:43+00:00\",\"dateModified\":\"2026-02-06T09:18:15+00:00\",\"breadcrumb\":{\"@id\":\"https:\/\/milniky.flaw.uniba.sk\/sekcia-obchodneho-hospodarskeho-financneho-prava\/#breadcrumb\"},\"inLanguage\":\"en-US\",\"potentialAction\":[{\"@type\":\"ReadAction\",\"target\":[\"https:\/\/milniky.flaw.uniba.sk\/sekcia-obchodneho-hospodarskeho-financneho-prava\/\"]}]},{\"@type\":\"BreadcrumbList\",\"@id\":\"https:\/\/milniky.flaw.uniba.sk\/sekcia-obchodneho-hospodarskeho-financneho-prava\/#breadcrumb\",\"itemListElement\":[{\"@type\":\"ListItem\",\"position\":1,\"name\":\"Home\",\"item\":\"https:\/\/milniky.flaw.uniba.sk\/\"},{\"@type\":\"ListItem\",\"position\":2,\"name\":\"Sekcia obchodn\u00e9ho a hospod\u00e1rskeho pr\u00e1va\"}]},{\"@type\":\"WebSite\",\"@id\":\"https:\/\/milniky.flaw.uniba.sk\/#website\",\"url\":\"https:\/\/milniky.flaw.uniba.sk\/\",\"name\":\"Milniky\",\"description\":\"\",\"publisher\":{\"@id\":\"https:\/\/milniky.flaw.uniba.sk\/#organization\"},\"potentialAction\":[{\"@type\":\"SearchAction\",\"target\":{\"@type\":\"EntryPoint\",\"urlTemplate\":\"https:\/\/milniky.flaw.uniba.sk\/?s={search_term_string}\"},\"query-input\":{\"@type\":\"PropertyValueSpecification\",\"valueRequired\":true,\"valueName\":\"search_term_string\"}}],\"inLanguage\":\"en-US\"},{\"@type\":\"Organization\",\"@id\":\"https:\/\/milniky.flaw.uniba.sk\/#organization\",\"name\":\"Milniky\",\"url\":\"https:\/\/milniky.flaw.uniba.sk\/\",\"logo\":{\"@type\":\"ImageObject\",\"inLanguage\":\"en-US\",\"@id\":\"https:\/\/milniky.flaw.uniba.sk\/#\/schema\/logo\/image\/\",\"url\":\"https:\/\/milniky.flaw.uniba.sk\/wp-content\/uploads\/2026\/02\/SK-biela-scaled.png\",\"contentUrl\":\"https:\/\/milniky.flaw.uniba.sk\/wp-content\/uploads\/2026\/02\/SK-biela-scaled.png\",\"width\":2560,\"height\":672,\"caption\":\"Milniky\"},\"image\":{\"@id\":\"https:\/\/milniky.flaw.uniba.sk\/#\/schema\/logo\/image\/\"}}]}<\/script>\n<!-- \/ Yoast SEO plugin. -->","yoast_head_json":{"title":"Sekcia obchodn\u00e9ho a hospod\u00e1rskeho pr\u00e1va - Milniky","robots":{"index":"index","follow":"follow","max-snippet":"max-snippet:-1","max-image-preview":"max-image-preview:large","max-video-preview":"max-video-preview:-1"},"canonical":"https:\/\/milniky.flaw.uniba.sk\/en\/sekcia-obchodneho-hospodarskeho-financneho-prava\/","og_locale":"en_US","og_type":"article","og_title":"Sekcia obchodn\u00e9ho a hospod\u00e1rskeho pr\u00e1va - Milniky","og_description":"Spr\u00e1va a riadenie spolo\u010dnost\u00ed s \u00fa\u010das\u0165ou obc\u00ed\/miest alebo regi\u00f3nu Mestsk\u00e9\/region\u00e1lne podniky (MOE) s\u00fa spolo\u010dnosti zalo\u017een\u00e9 na \u00fa\u010dely vykon\u00e1vania \u0161pecifick\u00fdch odvetv\u00ed podnikania, v ktor\u00fdch bu\u010f regula\u010dn\u00e9 z\u00e1sahy \u0161t\u00e1tu, alebo trhov\u00e1 realita obmedzuj\u00fa hospod\u00e1rsku s\u00fa\u0165a\u017e (napr. vodohospod\u00e1rstvo, odpadov\u00e9 hospod\u00e1rstvo). V d\u00f4sledku toho je ich cie\u013e zvy\u010dajne \u0161ir\u0161\u00ed ako \u010dist\u00e1 tvorba zisku (alebo minimaliz\u00e1cia str\u00e1t); ich existencia m\u00f4\u017ee [&hellip;]","og_url":"https:\/\/milniky.flaw.uniba.sk\/en\/sekcia-obchodneho-hospodarskeho-financneho-prava\/","og_site_name":"Milniky","article_modified_time":"2026-02-06T09:18:15+00:00","twitter_card":"summary_large_image","twitter_misc":{"Est. reading time":"2 minutes"},"schema":{"@context":"https:\/\/schema.org","@graph":[{"@type":"WebPage","@id":"https:\/\/milniky.flaw.uniba.sk\/sekcia-obchodneho-hospodarskeho-financneho-prava\/","url":"https:\/\/milniky.flaw.uniba.sk\/sekcia-obchodneho-hospodarskeho-financneho-prava\/","name":"Sekcia obchodn\u00e9ho a hospod\u00e1rskeho pr\u00e1va - Milniky","isPartOf":{"@id":"https:\/\/milniky.flaw.uniba.sk\/#website"},"datePublished":"2021-05-17T11:47:43+00:00","dateModified":"2026-02-06T09:18:15+00:00","breadcrumb":{"@id":"https:\/\/milniky.flaw.uniba.sk\/sekcia-obchodneho-hospodarskeho-financneho-prava\/#breadcrumb"},"inLanguage":"en-US","potentialAction":[{"@type":"ReadAction","target":["https:\/\/milniky.flaw.uniba.sk\/sekcia-obchodneho-hospodarskeho-financneho-prava\/"]}]},{"@type":"BreadcrumbList","@id":"https:\/\/milniky.flaw.uniba.sk\/sekcia-obchodneho-hospodarskeho-financneho-prava\/#breadcrumb","itemListElement":[{"@type":"ListItem","position":1,"name":"Home","item":"https:\/\/milniky.flaw.uniba.sk\/"},{"@type":"ListItem","position":2,"name":"Sekcia obchodn\u00e9ho a hospod\u00e1rskeho pr\u00e1va"}]},{"@type":"WebSite","@id":"https:\/\/milniky.flaw.uniba.sk\/#website","url":"https:\/\/milniky.flaw.uniba.sk\/","name":"Milestones","description":"","publisher":{"@id":"https:\/\/milniky.flaw.uniba.sk\/#organization"},"potentialAction":[{"@type":"SearchAction","target":{"@type":"EntryPoint","urlTemplate":"https:\/\/milniky.flaw.uniba.sk\/?s={search_term_string}"},"query-input":{"@type":"PropertyValueSpecification","valueRequired":true,"valueName":"search_term_string"}}],"inLanguage":"en-US"},{"@type":"Organization","@id":"https:\/\/milniky.flaw.uniba.sk\/#organization","name":"Milestones","url":"https:\/\/milniky.flaw.uniba.sk\/","logo":{"@type":"ImageObject","inLanguage":"en-US","@id":"https:\/\/milniky.flaw.uniba.sk\/#\/schema\/logo\/image\/","url":"https:\/\/milniky.flaw.uniba.sk\/wp-content\/uploads\/2026\/02\/SK-biela-scaled.png","contentUrl":"https:\/\/milniky.flaw.uniba.sk\/wp-content\/uploads\/2026\/02\/SK-biela-scaled.png","width":2560,"height":672,"caption":"Milniky"},"image":{"@id":"https:\/\/milniky.flaw.uniba.sk\/#\/schema\/logo\/image\/"}}]}},"_links":{"self":[{"href":"https:\/\/milniky.flaw.uniba.sk\/en\/wp-json\/wp\/v2\/pages\/138","targetHints":{"allow":["GET"]}}],"collection":[{"href":"https:\/\/milniky.flaw.uniba.sk\/en\/wp-json\/wp\/v2\/pages"}],"about":[{"href":"https:\/\/milniky.flaw.uniba.sk\/en\/wp-json\/wp\/v2\/types\/page"}],"author":[{"embeddable":true,"href":"https:\/\/milniky.flaw.uniba.sk\/en\/wp-json\/wp\/v2\/users\/2"}],"replies":[{"embeddable":true,"href":"https:\/\/milniky.flaw.uniba.sk\/en\/wp-json\/wp\/v2\/comments?post=138"}],"version-history":[{"count":16,"href":"https:\/\/milniky.flaw.uniba.sk\/en\/wp-json\/wp\/v2\/pages\/138\/revisions"}],"predecessor-version":[{"id":1721,"href":"https:\/\/milniky.flaw.uniba.sk\/en\/wp-json\/wp\/v2\/pages\/138\/revisions\/1721"}],"wp:attachment":[{"href":"https:\/\/milniky.flaw.uniba.sk\/en\/wp-json\/wp\/v2\/media?parent=138"}],"curies":[{"name":"wp","href":"https:\/\/api.w.org\/{rel}","templated":true}]}}