{"id":144,"date":"2021-05-17T13:49:50","date_gmt":"2021-05-17T11:49:50","guid":{"rendered":"https:\/\/milniky.flaw.uniba.sk\/?page_id=144"},"modified":"2026-03-27T15:35:54","modified_gmt":"2026-03-27T14:35:54","slug":"sekcia-trestneho-prava","status":"publish","type":"page","link":"https:\/\/milniky.flaw.uniba.sk\/en\/sekcia-trestneho-prava\/","title":{"rendered":"Criminal Law, Criminology and Criminalistics Section"},"content":{"rendered":"<h2 class=\"wp-block-heading alignwide has-text-align-center\">Implementation of Modern Innovations into Traditional Criminal Justice Systems in the V4 Region<\/h2>\n\n\n\n<div class=\"wp-block-buttons is-content-justification-center is-layout-flex wp-container-core-buttons-is-layout-16018d1d wp-block-buttons-is-layout-flex\"><\/div>\n\n\n\n<p class=\"has-drop-cap has-primary-color has-text-color\">Within the criminal law section, attention will be devoted to the challenges of implementing modern innovations into traditional criminal justice systems in the V4 region. Progress and innovations in criminal law are a subject of interest for representatives of both legal theory and legal practice, who are gradually acquiring new skills that represent a gradual transition towards modern criminal law. This trend is highly relevant for the V4 countries, and therefore the sharing of new knowledge may contribute to a more practical application of modern technologies.<\/p>\n\n\n\n<p><strong>Guarantors of the section: <\/strong><\/p>\n\n\n\n<p>prof. JUDr. Jozef \u010cent\u00e9\u0161, DrSc.<\/p>\n\n\n\n<p>prof. JUDr. Margita Prokeinov\u00e1, PhD.<\/p>\n\n\n\n<p>doc. JUDr. Radovan Bla\u017eek, PhD.<\/p>\n\n\n\n<p><\/p>\n\n\n\n<p><em>T\u00e1to sekcia je realizovan\u00e1 v r\u00e1mci projektu VEGA c. 1\/0819\/25 &#8222;Moderniz\u00e1cia v\u00fdkonu trestu od\u0148atia slobody v kontexte eur\u00f3pskych \u0161tandardov&#8220;.<\/em><\/p>","protected":false},"excerpt":{"rendered":"<p>Implement\u00e1cia modern\u00fdch inov\u00e1ci\u00ed do tradi\u010dn\u00fdch syst\u00e9mov trestnej just\u00edcie v regi\u00f3ne V4 V r\u00e1mci sekcie trestn\u00e9ho pr\u00e1va bude venovan\u00e1 pozornos\u0165 v\u00fdzvam realiz\u00e1cie modern\u00fdch inov\u00e1ci\u00ed do tradi\u010dn\u00fdch syst\u00e9mov trestnej just\u00edcie v regi\u00f3ne V4. Pokrok a inov\u00e1cie v trestnom pr\u00e1ve s\u00fa predmetom z\u00e1ujmu z\u00e1stupcov te\u00f3rie a aplika\u010dnej praxe, ktor\u00ed si postupne osvojuj\u00fa nov\u00e9 zru\u010dnosti, ktor\u00e9 predstavuj\u00fa postupn\u00fd prechod [&hellip;]<\/p>\n","protected":false},"author":2,"featured_media":0,"parent":0,"menu_order":0,"comment_status":"closed","ping_status":"closed","template":"","meta":{"footnotes":""},"class_list":["post-144","page","type-page","status-publish","hentry"],"yoast_head":"<!-- This site is optimized with the Yoast SEO plugin v27.2 - https:\/\/yoast.com\/product\/yoast-seo-wordpress\/ -->\n<title>Sekcia trestn\u00e9ho pr\u00e1va, kriminol\u00f3gie a kriminalistiky - Milniky<\/title>\n<meta name=\"robots\" content=\"index, follow, max-snippet:-1, max-image-preview:large, max-video-preview:-1\" \/>\n<link rel=\"canonical\" href=\"https:\/\/milniky.flaw.uniba.sk\/en\/sekcia-trestneho-prava\/\" \/>\n<meta property=\"og:locale\" content=\"en_US\" \/>\n<meta property=\"og:type\" content=\"article\" \/>\n<meta property=\"og:title\" content=\"Sekcia trestn\u00e9ho pr\u00e1va, kriminol\u00f3gie a kriminalistiky - Milniky\" \/>\n<meta property=\"og:description\" content=\"Implement\u00e1cia modern\u00fdch inov\u00e1ci\u00ed do tradi\u010dn\u00fdch syst\u00e9mov trestnej just\u00edcie v regi\u00f3ne V4 V r\u00e1mci sekcie trestn\u00e9ho pr\u00e1va bude venovan\u00e1 pozornos\u0165 v\u00fdzvam realiz\u00e1cie modern\u00fdch inov\u00e1ci\u00ed do tradi\u010dn\u00fdch syst\u00e9mov trestnej just\u00edcie v regi\u00f3ne V4. Pokrok a inov\u00e1cie v trestnom pr\u00e1ve s\u00fa predmetom z\u00e1ujmu z\u00e1stupcov te\u00f3rie a aplika\u010dnej praxe, ktor\u00ed si postupne osvojuj\u00fa nov\u00e9 zru\u010dnosti, ktor\u00e9 predstavuj\u00fa postupn\u00fd prechod [&hellip;]\" \/>\n<meta property=\"og:url\" content=\"https:\/\/milniky.flaw.uniba.sk\/en\/sekcia-trestneho-prava\/\" \/>\n<meta property=\"og:site_name\" content=\"Milniky\" \/>\n<meta property=\"article:modified_time\" content=\"2026-03-27T14:35:54+00:00\" \/>\n<meta name=\"twitter:card\" content=\"summary_large_image\" \/>\n<meta name=\"twitter:label1\" content=\"Est. reading time\" \/>\n\t<meta name=\"twitter:data1\" content=\"1 minute\" \/>\n<script type=\"application\/ld+json\" class=\"yoast-schema-graph\">{\"@context\":\"https:\/\/schema.org\",\"@graph\":[{\"@type\":\"WebPage\",\"@id\":\"https:\/\/milniky.flaw.uniba.sk\/sekcia-trestneho-prava\/\",\"url\":\"https:\/\/milniky.flaw.uniba.sk\/sekcia-trestneho-prava\/\",\"name\":\"Sekcia trestn\u00e9ho pr\u00e1va, kriminol\u00f3gie a kriminalistiky - Milniky\",\"isPartOf\":{\"@id\":\"https:\/\/milniky.flaw.uniba.sk\/#website\"},\"datePublished\":\"2021-05-17T11:49:50+00:00\",\"dateModified\":\"2026-03-27T14:35:54+00:00\",\"breadcrumb\":{\"@id\":\"https:\/\/milniky.flaw.uniba.sk\/sekcia-trestneho-prava\/#breadcrumb\"},\"inLanguage\":\"en-US\",\"potentialAction\":[{\"@type\":\"ReadAction\",\"target\":[\"https:\/\/milniky.flaw.uniba.sk\/sekcia-trestneho-prava\/\"]}]},{\"@type\":\"BreadcrumbList\",\"@id\":\"https:\/\/milniky.flaw.uniba.sk\/sekcia-trestneho-prava\/#breadcrumb\",\"itemListElement\":[{\"@type\":\"ListItem\",\"position\":1,\"name\":\"Home\",\"item\":\"https:\/\/milniky.flaw.uniba.sk\/\"},{\"@type\":\"ListItem\",\"position\":2,\"name\":\"Sekcia trestn\u00e9ho pr\u00e1va, kriminol\u00f3gie a kriminalistiky\"}]},{\"@type\":\"WebSite\",\"@id\":\"https:\/\/milniky.flaw.uniba.sk\/#website\",\"url\":\"https:\/\/milniky.flaw.uniba.sk\/\",\"name\":\"Milniky\",\"description\":\"\",\"publisher\":{\"@id\":\"https:\/\/milniky.flaw.uniba.sk\/#organization\"},\"potentialAction\":[{\"@type\":\"SearchAction\",\"target\":{\"@type\":\"EntryPoint\",\"urlTemplate\":\"https:\/\/milniky.flaw.uniba.sk\/?s={search_term_string}\"},\"query-input\":{\"@type\":\"PropertyValueSpecification\",\"valueRequired\":true,\"valueName\":\"search_term_string\"}}],\"inLanguage\":\"en-US\"},{\"@type\":\"Organization\",\"@id\":\"https:\/\/milniky.flaw.uniba.sk\/#organization\",\"name\":\"Milniky\",\"url\":\"https:\/\/milniky.flaw.uniba.sk\/\",\"logo\":{\"@type\":\"ImageObject\",\"inLanguage\":\"en-US\",\"@id\":\"https:\/\/milniky.flaw.uniba.sk\/#\/schema\/logo\/image\/\",\"url\":\"https:\/\/milniky.flaw.uniba.sk\/wp-content\/uploads\/2026\/02\/SK-biela-scaled.png\",\"contentUrl\":\"https:\/\/milniky.flaw.uniba.sk\/wp-content\/uploads\/2026\/02\/SK-biela-scaled.png\",\"width\":2560,\"height\":672,\"caption\":\"Milniky\"},\"image\":{\"@id\":\"https:\/\/milniky.flaw.uniba.sk\/#\/schema\/logo\/image\/\"}}]}<\/script>\n<!-- \/ Yoast SEO plugin. -->","yoast_head_json":{"title":"Sekcia trestn\u00e9ho pr\u00e1va, kriminol\u00f3gie a kriminalistiky - Milniky","robots":{"index":"index","follow":"follow","max-snippet":"max-snippet:-1","max-image-preview":"max-image-preview:large","max-video-preview":"max-video-preview:-1"},"canonical":"https:\/\/milniky.flaw.uniba.sk\/en\/sekcia-trestneho-prava\/","og_locale":"en_US","og_type":"article","og_title":"Sekcia trestn\u00e9ho pr\u00e1va, kriminol\u00f3gie a kriminalistiky - Milniky","og_description":"Implement\u00e1cia modern\u00fdch inov\u00e1ci\u00ed do tradi\u010dn\u00fdch syst\u00e9mov trestnej just\u00edcie v regi\u00f3ne V4 V r\u00e1mci sekcie trestn\u00e9ho pr\u00e1va bude venovan\u00e1 pozornos\u0165 v\u00fdzvam realiz\u00e1cie modern\u00fdch inov\u00e1ci\u00ed do tradi\u010dn\u00fdch syst\u00e9mov trestnej just\u00edcie v regi\u00f3ne V4. Pokrok a inov\u00e1cie v trestnom pr\u00e1ve s\u00fa predmetom z\u00e1ujmu z\u00e1stupcov te\u00f3rie a aplika\u010dnej praxe, ktor\u00ed si postupne osvojuj\u00fa nov\u00e9 zru\u010dnosti, ktor\u00e9 predstavuj\u00fa postupn\u00fd prechod [&hellip;]","og_url":"https:\/\/milniky.flaw.uniba.sk\/en\/sekcia-trestneho-prava\/","og_site_name":"Milniky","article_modified_time":"2026-03-27T14:35:54+00:00","twitter_card":"summary_large_image","twitter_misc":{"Est. reading time":"1 minute"},"schema":{"@context":"https:\/\/schema.org","@graph":[{"@type":"WebPage","@id":"https:\/\/milniky.flaw.uniba.sk\/sekcia-trestneho-prava\/","url":"https:\/\/milniky.flaw.uniba.sk\/sekcia-trestneho-prava\/","name":"Sekcia trestn\u00e9ho pr\u00e1va, kriminol\u00f3gie a kriminalistiky - Milniky","isPartOf":{"@id":"https:\/\/milniky.flaw.uniba.sk\/#website"},"datePublished":"2021-05-17T11:49:50+00:00","dateModified":"2026-03-27T14:35:54+00:00","breadcrumb":{"@id":"https:\/\/milniky.flaw.uniba.sk\/sekcia-trestneho-prava\/#breadcrumb"},"inLanguage":"en-US","potentialAction":[{"@type":"ReadAction","target":["https:\/\/milniky.flaw.uniba.sk\/sekcia-trestneho-prava\/"]}]},{"@type":"BreadcrumbList","@id":"https:\/\/milniky.flaw.uniba.sk\/sekcia-trestneho-prava\/#breadcrumb","itemListElement":[{"@type":"ListItem","position":1,"name":"Home","item":"https:\/\/milniky.flaw.uniba.sk\/"},{"@type":"ListItem","position":2,"name":"Sekcia trestn\u00e9ho pr\u00e1va, kriminol\u00f3gie a kriminalistiky"}]},{"@type":"WebSite","@id":"https:\/\/milniky.flaw.uniba.sk\/#website","url":"https:\/\/milniky.flaw.uniba.sk\/","name":"Milestones","description":"","publisher":{"@id":"https:\/\/milniky.flaw.uniba.sk\/#organization"},"potentialAction":[{"@type":"SearchAction","target":{"@type":"EntryPoint","urlTemplate":"https:\/\/milniky.flaw.uniba.sk\/?s={search_term_string}"},"query-input":{"@type":"PropertyValueSpecification","valueRequired":true,"valueName":"search_term_string"}}],"inLanguage":"en-US"},{"@type":"Organization","@id":"https:\/\/milniky.flaw.uniba.sk\/#organization","name":"Milestones","url":"https:\/\/milniky.flaw.uniba.sk\/","logo":{"@type":"ImageObject","inLanguage":"en-US","@id":"https:\/\/milniky.flaw.uniba.sk\/#\/schema\/logo\/image\/","url":"https:\/\/milniky.flaw.uniba.sk\/wp-content\/uploads\/2026\/02\/SK-biela-scaled.png","contentUrl":"https:\/\/milniky.flaw.uniba.sk\/wp-content\/uploads\/2026\/02\/SK-biela-scaled.png","width":2560,"height":672,"caption":"Milniky"},"image":{"@id":"https:\/\/milniky.flaw.uniba.sk\/#\/schema\/logo\/image\/"}}]}},"_links":{"self":[{"href":"https:\/\/milniky.flaw.uniba.sk\/en\/wp-json\/wp\/v2\/pages\/144","targetHints":{"allow":["GET"]}}],"collection":[{"href":"https:\/\/milniky.flaw.uniba.sk\/en\/wp-json\/wp\/v2\/pages"}],"about":[{"href":"https:\/\/milniky.flaw.uniba.sk\/en\/wp-json\/wp\/v2\/types\/page"}],"author":[{"embeddable":true,"href":"https:\/\/milniky.flaw.uniba.sk\/en\/wp-json\/wp\/v2\/users\/2"}],"replies":[{"embeddable":true,"href":"https:\/\/milniky.flaw.uniba.sk\/en\/wp-json\/wp\/v2\/comments?post=144"}],"version-history":[{"count":11,"href":"https:\/\/milniky.flaw.uniba.sk\/en\/wp-json\/wp\/v2\/pages\/144\/revisions"}],"predecessor-version":[{"id":1784,"href":"https:\/\/milniky.flaw.uniba.sk\/en\/wp-json\/wp\/v2\/pages\/144\/revisions\/1784"}],"wp:attachment":[{"href":"https:\/\/milniky.flaw.uniba.sk\/en\/wp-json\/wp\/v2\/media?parent=144"}],"curies":[{"name":"wp","href":"https:\/\/api.w.org\/{rel}","templated":true}]}}