{"id":148,"date":"2021-05-17T13:51:06","date_gmt":"2021-05-17T11:51:06","guid":{"rendered":"https:\/\/milniky.flaw.uniba.sk\/?page_id=148"},"modified":"2026-03-26T14:32:08","modified_gmt":"2026-03-26T13:32:08","slug":"sekcia-prava-it-a-prava-dusevneho-vlastnictva","status":"publish","type":"page","link":"https:\/\/milniky.flaw.uniba.sk\/en\/sekcia-prava-it-a-prava-dusevneho-vlastnictva\/","title":{"rendered":"Information Technology Law and Intellectual Property Law Section"},"content":{"rendered":"<h2 class=\"wp-block-heading alignfull has-text-align-center\">Between Regulation and Innovation: Limits and Possibilities of EU Digital Law<\/h2>\n\n\n\n<div class=\"wp-block-buttons is-content-justification-center is-layout-flex wp-container-core-buttons-is-layout-16018d1d wp-block-buttons-is-layout-flex\"><\/div>\n\n\n\n<p class=\"has-drop-cap has-primary-color has-text-color\">This section explores the tension between regulation and deregulation of digital technologies within European Union law, particularly in the context of AI, online platforms, and the data economy. It examines whether the emerging EU digital rulebook functions as a constraint on innovation or as a necessary framework for<br>the protection of fundamental rights and the public interest. The section aims to provide a\nspace for critical discussion among early-career researchers on the normative boundaries,<br>regulatory strategies, and future trajectories of\nEU digital regulation.<\/p>\n\n\n\n<p class=\"has-drop-cap has-primary-color has-text-color\"><\/p>\n\n\n\n<p><strong>Guarantors of the section:<\/strong><\/p>\n\n\n\n<p>doc. Mgr. Martin Da\u0148ko, PhD.<\/p>\n\n\n\n<p>doc. JUDr. So\u0148a Sop\u00fachov\u00e1, PhD.<\/p>","protected":false},"excerpt":{"rendered":"<p>Medzi regul\u00e1ciou a inov\u00e1ciou: limity a mo\u017enosti pr\u00e1va E\u00da v digit\u00e1lnom priestore Sekcia sa zameriava na nap\u00e4tie medzi regul\u00e1ciou a deregul\u00e1ciou digit\u00e1lnych technol\u00f3gi\u00ed v pr\u00e1ve Eur\u00f3pskej \u00fanie, najm\u00e4 v kontexte AI, platforiem a d\u00e1tovej ekonomiky. Otv\u00e1ra ot\u00e1zky, \u010di s\u00fa\u010dasn\u00fd \u201eEU digital rulebook\u201c predstavuje brzdu inov\u00e1ci\u00ed alebo nevyhnutn\u00fd r\u00e1mec preochranu z\u00e1kladn\u00fdch pr\u00e1v a verejn\u00e9ho z\u00e1ujmu. Cie\u013eom [&hellip;]<\/p>\n","protected":false},"author":2,"featured_media":0,"parent":0,"menu_order":0,"comment_status":"closed","ping_status":"closed","template":"","meta":{"footnotes":""},"class_list":["post-148","page","type-page","status-publish","hentry"],"yoast_head":"<!-- This site is optimized with the Yoast SEO plugin v27.2 - https:\/\/yoast.com\/product\/yoast-seo-wordpress\/ -->\n<title>Sekcia pr\u00e1va informa\u010dn\u00fdch technol\u00f3gi\u00ed a pr\u00e1va du\u0161evn\u00e9ho vlastn\u00edctva - Milniky<\/title>\n<meta name=\"robots\" content=\"index, follow, max-snippet:-1, max-image-preview:large, max-video-preview:-1\" \/>\n<link rel=\"canonical\" href=\"https:\/\/milniky.flaw.uniba.sk\/en\/sekcia-prava-it-a-prava-dusevneho-vlastnictva\/\" \/>\n<meta property=\"og:locale\" content=\"en_US\" \/>\n<meta property=\"og:type\" content=\"article\" \/>\n<meta property=\"og:title\" content=\"Sekcia pr\u00e1va informa\u010dn\u00fdch technol\u00f3gi\u00ed a pr\u00e1va du\u0161evn\u00e9ho vlastn\u00edctva - Milniky\" \/>\n<meta property=\"og:description\" content=\"Medzi regul\u00e1ciou a inov\u00e1ciou: limity a mo\u017enosti pr\u00e1va E\u00da v digit\u00e1lnom priestore Sekcia sa zameriava na nap\u00e4tie medzi regul\u00e1ciou a deregul\u00e1ciou digit\u00e1lnych technol\u00f3gi\u00ed v pr\u00e1ve Eur\u00f3pskej \u00fanie, najm\u00e4 v kontexte AI, platforiem a d\u00e1tovej ekonomiky. Otv\u00e1ra ot\u00e1zky, \u010di s\u00fa\u010dasn\u00fd \u201eEU digital rulebook\u201c predstavuje brzdu inov\u00e1ci\u00ed alebo nevyhnutn\u00fd r\u00e1mec preochranu z\u00e1kladn\u00fdch pr\u00e1v a verejn\u00e9ho z\u00e1ujmu. Cie\u013eom [&hellip;]\" \/>\n<meta property=\"og:url\" content=\"https:\/\/milniky.flaw.uniba.sk\/en\/sekcia-prava-it-a-prava-dusevneho-vlastnictva\/\" \/>\n<meta property=\"og:site_name\" content=\"Milniky\" \/>\n<meta property=\"article:modified_time\" content=\"2026-03-26T13:32:08+00:00\" \/>\n<meta name=\"twitter:card\" content=\"summary_large_image\" \/>\n<meta name=\"twitter:label1\" content=\"Est. reading time\" \/>\n\t<meta name=\"twitter:data1\" content=\"1 minute\" \/>\n<script type=\"application\/ld+json\" class=\"yoast-schema-graph\">{\"@context\":\"https:\/\/schema.org\",\"@graph\":[{\"@type\":\"WebPage\",\"@id\":\"https:\/\/milniky.flaw.uniba.sk\/sekcia-prava-it-a-prava-dusevneho-vlastnictva\/\",\"url\":\"https:\/\/milniky.flaw.uniba.sk\/sekcia-prava-it-a-prava-dusevneho-vlastnictva\/\",\"name\":\"Sekcia pr\u00e1va informa\u010dn\u00fdch technol\u00f3gi\u00ed a pr\u00e1va du\u0161evn\u00e9ho vlastn\u00edctva - Milniky\",\"isPartOf\":{\"@id\":\"https:\/\/milniky.flaw.uniba.sk\/#website\"},\"datePublished\":\"2021-05-17T11:51:06+00:00\",\"dateModified\":\"2026-03-26T13:32:08+00:00\",\"breadcrumb\":{\"@id\":\"https:\/\/milniky.flaw.uniba.sk\/sekcia-prava-it-a-prava-dusevneho-vlastnictva\/#breadcrumb\"},\"inLanguage\":\"en-US\",\"potentialAction\":[{\"@type\":\"ReadAction\",\"target\":[\"https:\/\/milniky.flaw.uniba.sk\/sekcia-prava-it-a-prava-dusevneho-vlastnictva\/\"]}]},{\"@type\":\"BreadcrumbList\",\"@id\":\"https:\/\/milniky.flaw.uniba.sk\/sekcia-prava-it-a-prava-dusevneho-vlastnictva\/#breadcrumb\",\"itemListElement\":[{\"@type\":\"ListItem\",\"position\":1,\"name\":\"Home\",\"item\":\"https:\/\/milniky.flaw.uniba.sk\/\"},{\"@type\":\"ListItem\",\"position\":2,\"name\":\"Sekcia pr\u00e1va informa\u010dn\u00fdch technol\u00f3gi\u00ed a pr\u00e1va du\u0161evn\u00e9ho vlastn\u00edctva\"}]},{\"@type\":\"WebSite\",\"@id\":\"https:\/\/milniky.flaw.uniba.sk\/#website\",\"url\":\"https:\/\/milniky.flaw.uniba.sk\/\",\"name\":\"Milniky\",\"description\":\"\",\"publisher\":{\"@id\":\"https:\/\/milniky.flaw.uniba.sk\/#organization\"},\"potentialAction\":[{\"@type\":\"SearchAction\",\"target\":{\"@type\":\"EntryPoint\",\"urlTemplate\":\"https:\/\/milniky.flaw.uniba.sk\/?s={search_term_string}\"},\"query-input\":{\"@type\":\"PropertyValueSpecification\",\"valueRequired\":true,\"valueName\":\"search_term_string\"}}],\"inLanguage\":\"en-US\"},{\"@type\":\"Organization\",\"@id\":\"https:\/\/milniky.flaw.uniba.sk\/#organization\",\"name\":\"Milniky\",\"url\":\"https:\/\/milniky.flaw.uniba.sk\/\",\"logo\":{\"@type\":\"ImageObject\",\"inLanguage\":\"en-US\",\"@id\":\"https:\/\/milniky.flaw.uniba.sk\/#\/schema\/logo\/image\/\",\"url\":\"https:\/\/milniky.flaw.uniba.sk\/wp-content\/uploads\/2026\/02\/SK-biela-scaled.png\",\"contentUrl\":\"https:\/\/milniky.flaw.uniba.sk\/wp-content\/uploads\/2026\/02\/SK-biela-scaled.png\",\"width\":2560,\"height\":672,\"caption\":\"Milniky\"},\"image\":{\"@id\":\"https:\/\/milniky.flaw.uniba.sk\/#\/schema\/logo\/image\/\"}}]}<\/script>\n<!-- \/ Yoast SEO plugin. -->","yoast_head_json":{"title":"Sekcia pr\u00e1va informa\u010dn\u00fdch technol\u00f3gi\u00ed a pr\u00e1va du\u0161evn\u00e9ho vlastn\u00edctva - Milniky","robots":{"index":"index","follow":"follow","max-snippet":"max-snippet:-1","max-image-preview":"max-image-preview:large","max-video-preview":"max-video-preview:-1"},"canonical":"https:\/\/milniky.flaw.uniba.sk\/en\/sekcia-prava-it-a-prava-dusevneho-vlastnictva\/","og_locale":"en_US","og_type":"article","og_title":"Sekcia pr\u00e1va informa\u010dn\u00fdch technol\u00f3gi\u00ed a pr\u00e1va du\u0161evn\u00e9ho vlastn\u00edctva - Milniky","og_description":"Medzi regul\u00e1ciou a inov\u00e1ciou: limity a mo\u017enosti pr\u00e1va E\u00da v digit\u00e1lnom priestore Sekcia sa zameriava na nap\u00e4tie medzi regul\u00e1ciou a deregul\u00e1ciou digit\u00e1lnych technol\u00f3gi\u00ed v pr\u00e1ve Eur\u00f3pskej \u00fanie, najm\u00e4 v kontexte AI, platforiem a d\u00e1tovej ekonomiky. Otv\u00e1ra ot\u00e1zky, \u010di s\u00fa\u010dasn\u00fd \u201eEU digital rulebook\u201c predstavuje brzdu inov\u00e1ci\u00ed alebo nevyhnutn\u00fd r\u00e1mec preochranu z\u00e1kladn\u00fdch pr\u00e1v a verejn\u00e9ho z\u00e1ujmu. Cie\u013eom [&hellip;]","og_url":"https:\/\/milniky.flaw.uniba.sk\/en\/sekcia-prava-it-a-prava-dusevneho-vlastnictva\/","og_site_name":"Milniky","article_modified_time":"2026-03-26T13:32:08+00:00","twitter_card":"summary_large_image","twitter_misc":{"Est. reading time":"1 minute"},"schema":{"@context":"https:\/\/schema.org","@graph":[{"@type":"WebPage","@id":"https:\/\/milniky.flaw.uniba.sk\/sekcia-prava-it-a-prava-dusevneho-vlastnictva\/","url":"https:\/\/milniky.flaw.uniba.sk\/sekcia-prava-it-a-prava-dusevneho-vlastnictva\/","name":"Sekcia pr\u00e1va informa\u010dn\u00fdch technol\u00f3gi\u00ed a pr\u00e1va du\u0161evn\u00e9ho vlastn\u00edctva - Milniky","isPartOf":{"@id":"https:\/\/milniky.flaw.uniba.sk\/#website"},"datePublished":"2021-05-17T11:51:06+00:00","dateModified":"2026-03-26T13:32:08+00:00","breadcrumb":{"@id":"https:\/\/milniky.flaw.uniba.sk\/sekcia-prava-it-a-prava-dusevneho-vlastnictva\/#breadcrumb"},"inLanguage":"en-US","potentialAction":[{"@type":"ReadAction","target":["https:\/\/milniky.flaw.uniba.sk\/sekcia-prava-it-a-prava-dusevneho-vlastnictva\/"]}]},{"@type":"BreadcrumbList","@id":"https:\/\/milniky.flaw.uniba.sk\/sekcia-prava-it-a-prava-dusevneho-vlastnictva\/#breadcrumb","itemListElement":[{"@type":"ListItem","position":1,"name":"Home","item":"https:\/\/milniky.flaw.uniba.sk\/"},{"@type":"ListItem","position":2,"name":"Sekcia pr\u00e1va informa\u010dn\u00fdch technol\u00f3gi\u00ed a pr\u00e1va du\u0161evn\u00e9ho vlastn\u00edctva"}]},{"@type":"WebSite","@id":"https:\/\/milniky.flaw.uniba.sk\/#website","url":"https:\/\/milniky.flaw.uniba.sk\/","name":"Milestones","description":"","publisher":{"@id":"https:\/\/milniky.flaw.uniba.sk\/#organization"},"potentialAction":[{"@type":"SearchAction","target":{"@type":"EntryPoint","urlTemplate":"https:\/\/milniky.flaw.uniba.sk\/?s={search_term_string}"},"query-input":{"@type":"PropertyValueSpecification","valueRequired":true,"valueName":"search_term_string"}}],"inLanguage":"en-US"},{"@type":"Organization","@id":"https:\/\/milniky.flaw.uniba.sk\/#organization","name":"Milestones","url":"https:\/\/milniky.flaw.uniba.sk\/","logo":{"@type":"ImageObject","inLanguage":"en-US","@id":"https:\/\/milniky.flaw.uniba.sk\/#\/schema\/logo\/image\/","url":"https:\/\/milniky.flaw.uniba.sk\/wp-content\/uploads\/2026\/02\/SK-biela-scaled.png","contentUrl":"https:\/\/milniky.flaw.uniba.sk\/wp-content\/uploads\/2026\/02\/SK-biela-scaled.png","width":2560,"height":672,"caption":"Milniky"},"image":{"@id":"https:\/\/milniky.flaw.uniba.sk\/#\/schema\/logo\/image\/"}}]}},"_links":{"self":[{"href":"https:\/\/milniky.flaw.uniba.sk\/en\/wp-json\/wp\/v2\/pages\/148","targetHints":{"allow":["GET"]}}],"collection":[{"href":"https:\/\/milniky.flaw.uniba.sk\/en\/wp-json\/wp\/v2\/pages"}],"about":[{"href":"https:\/\/milniky.flaw.uniba.sk\/en\/wp-json\/wp\/v2\/types\/page"}],"author":[{"embeddable":true,"href":"https:\/\/milniky.flaw.uniba.sk\/en\/wp-json\/wp\/v2\/users\/2"}],"replies":[{"embeddable":true,"href":"https:\/\/milniky.flaw.uniba.sk\/en\/wp-json\/wp\/v2\/comments?post=148"}],"version-history":[{"count":7,"href":"https:\/\/milniky.flaw.uniba.sk\/en\/wp-json\/wp\/v2\/pages\/148\/revisions"}],"predecessor-version":[{"id":1772,"href":"https:\/\/milniky.flaw.uniba.sk\/en\/wp-json\/wp\/v2\/pages\/148\/revisions\/1772"}],"wp:attachment":[{"href":"https:\/\/milniky.flaw.uniba.sk\/en\/wp-json\/wp\/v2\/media?parent=148"}],"curies":[{"name":"wp","href":"https:\/\/api.w.org\/{rel}","templated":true}]}}