{"id":280,"date":"2022-04-27T13:40:55","date_gmt":"2022-04-27T11:40:55","guid":{"rendered":"https:\/\/milniky.flaw.uniba.sk\/?page_id=280"},"modified":"2026-02-05T13:31:12","modified_gmt":"2026-02-05T12:31:12","slug":"sekcia-pravnych-dejin-rimskeho-prava","status":"publish","type":"page","link":"https:\/\/milniky.flaw.uniba.sk\/en\/sekcia-pravnych-dejin-rimskeho-prava\/","title":{"rendered":"Legal History, Roman Law and Canon Law Section"},"content":{"rendered":"<p><\/p>\n\n\n\n<h2 class=\"wp-block-heading alignfull has-text-align-center\">Tradition and Principles vs. Progress and\nInnovation: Historical and Legal Heritage\nin Confrontation with Modern Approaches\nin Law in Central Europe<\/h2>\n\n\n\n<div class=\"wp-block-buttons is-content-justification-center is-layout-flex wp-container-core-buttons-is-layout-16018d1d wp-block-buttons-is-layout-flex\"><\/div>\n\n\n\n<p class=\"has-drop-cap\">There is no strictly gap between the past and the present, and this also applies to the relationship between legal history, ancient Roman law, canon law and modern law. There are traditions and ideas with power, timelessness, and rationale, which are undoubtedly consistently present in legal thinking, even in modern times. The challenges of present times inspire legal historians, romanists, and canonists to seek connections between the past and the present, but at the same time, the legal traditions, principles, values, and approaches of legal history, Roman law, and canon law are undoubtably also an inspiration for the contemporary law-making if the moder era do not want to resign itself to the words of the Roman lawyer Hermogenianus that all law is established for men`s sake.<\/p>\n\n\n\n<p><strong>Guarantors of the section: <\/strong><\/p>\n\n\n\n<p>prof. Mgr. Mgr. Ondrej Podolec, PhD.<\/p>\n\n\n\n<p>prof. JUDr. Mat\u00fa\u0161 Nemec, PhD.<\/p>\n\n\n\n<p>prof. Doc. JUDr. Mgr. Vojtech Vlad\u00e1r, PhD.<\/p>\n\n\n\n<p><\/p>","protected":false},"excerpt":{"rendered":"<p>Trad\u00edcia a princ\u00edpy vs. Pokrok a inov\u00e1cie: historickopr\u00e1vne dedi\u010dstvo v konfront\u00e1cii s modern\u00fdmi pr\u00edstupmi v pr\u00e1ve v stredoeur\u00f3pskom priestore Medzi minulos\u0165ou a pr\u00edtomnos\u0165ou neexistuje priepas\u0165 a plat\u00ed to aj o vz\u0165ahu pr\u00e1vnej hist\u00f3rie, r\u00edmskeho antick\u00e9ho pr\u00e1va, k\u00e1nonick\u00e9ho pr\u00e1va a modern\u00e9ho pr\u00e1va. Existuj\u00fa trad\u00edcie a idey, ktor\u00fdch sila, nad\u010dasovos\u0165 a ratio s\u00fa nepochybne neust\u00e1le pr\u00edtomn\u00e9 v [&hellip;]<\/p>\n","protected":false},"author":2,"featured_media":0,"parent":0,"menu_order":0,"comment_status":"closed","ping_status":"closed","template":"","meta":{"footnotes":""},"class_list":["post-280","page","type-page","status-publish","hentry"],"yoast_head":"<!-- This site is optimized with the Yoast SEO plugin v27.2 - https:\/\/yoast.com\/product\/yoast-seo-wordpress\/ -->\n<title>Sekcia pr\u00e1vnych dej\u00edn, r\u00edmskeho pr\u00e1va a k\u00e1nonick\u00e9ho pr\u00e1va - Milniky<\/title>\n<meta name=\"robots\" content=\"index, follow, max-snippet:-1, max-image-preview:large, max-video-preview:-1\" \/>\n<link rel=\"canonical\" href=\"https:\/\/milniky.flaw.uniba.sk\/en\/sekcia-pravnych-dejin-rimskeho-prava\/\" \/>\n<meta property=\"og:locale\" content=\"en_US\" \/>\n<meta property=\"og:type\" content=\"article\" \/>\n<meta property=\"og:title\" content=\"Sekcia pr\u00e1vnych dej\u00edn, r\u00edmskeho pr\u00e1va a k\u00e1nonick\u00e9ho pr\u00e1va - Milniky\" \/>\n<meta property=\"og:description\" content=\"Trad\u00edcia a princ\u00edpy vs. Pokrok a inov\u00e1cie: historickopr\u00e1vne dedi\u010dstvo v konfront\u00e1cii s modern\u00fdmi pr\u00edstupmi v pr\u00e1ve v stredoeur\u00f3pskom priestore Medzi minulos\u0165ou a pr\u00edtomnos\u0165ou neexistuje priepas\u0165 a plat\u00ed to aj o vz\u0165ahu pr\u00e1vnej hist\u00f3rie, r\u00edmskeho antick\u00e9ho pr\u00e1va, k\u00e1nonick\u00e9ho pr\u00e1va a modern\u00e9ho pr\u00e1va. Existuj\u00fa trad\u00edcie a idey, ktor\u00fdch sila, nad\u010dasovos\u0165 a ratio s\u00fa nepochybne neust\u00e1le pr\u00edtomn\u00e9 v [&hellip;]\" \/>\n<meta property=\"og:url\" content=\"https:\/\/milniky.flaw.uniba.sk\/en\/sekcia-pravnych-dejin-rimskeho-prava\/\" \/>\n<meta property=\"og:site_name\" content=\"Milniky\" \/>\n<meta property=\"article:modified_time\" content=\"2026-02-05T12:31:12+00:00\" \/>\n<meta name=\"twitter:card\" content=\"summary_large_image\" \/>\n<meta name=\"twitter:label1\" content=\"Est. reading time\" \/>\n\t<meta name=\"twitter:data1\" content=\"1 minute\" \/>\n<script type=\"application\/ld+json\" class=\"yoast-schema-graph\">{\"@context\":\"https:\/\/schema.org\",\"@graph\":[{\"@type\":\"WebPage\",\"@id\":\"https:\/\/milniky.flaw.uniba.sk\/sekcia-pravnych-dejin-rimskeho-prava\/\",\"url\":\"https:\/\/milniky.flaw.uniba.sk\/sekcia-pravnych-dejin-rimskeho-prava\/\",\"name\":\"Sekcia pr\u00e1vnych dej\u00edn, r\u00edmskeho pr\u00e1va a k\u00e1nonick\u00e9ho pr\u00e1va - Milniky\",\"isPartOf\":{\"@id\":\"https:\/\/milniky.flaw.uniba.sk\/#website\"},\"datePublished\":\"2022-04-27T11:40:55+00:00\",\"dateModified\":\"2026-02-05T12:31:12+00:00\",\"breadcrumb\":{\"@id\":\"https:\/\/milniky.flaw.uniba.sk\/sekcia-pravnych-dejin-rimskeho-prava\/#breadcrumb\"},\"inLanguage\":\"en-US\",\"potentialAction\":[{\"@type\":\"ReadAction\",\"target\":[\"https:\/\/milniky.flaw.uniba.sk\/sekcia-pravnych-dejin-rimskeho-prava\/\"]}]},{\"@type\":\"BreadcrumbList\",\"@id\":\"https:\/\/milniky.flaw.uniba.sk\/sekcia-pravnych-dejin-rimskeho-prava\/#breadcrumb\",\"itemListElement\":[{\"@type\":\"ListItem\",\"position\":1,\"name\":\"Home\",\"item\":\"https:\/\/milniky.flaw.uniba.sk\/\"},{\"@type\":\"ListItem\",\"position\":2,\"name\":\"Sekcia pr\u00e1vnych dej\u00edn, r\u00edmskeho pr\u00e1va a k\u00e1nonick\u00e9ho pr\u00e1va\"}]},{\"@type\":\"WebSite\",\"@id\":\"https:\/\/milniky.flaw.uniba.sk\/#website\",\"url\":\"https:\/\/milniky.flaw.uniba.sk\/\",\"name\":\"Milniky\",\"description\":\"\",\"publisher\":{\"@id\":\"https:\/\/milniky.flaw.uniba.sk\/#organization\"},\"potentialAction\":[{\"@type\":\"SearchAction\",\"target\":{\"@type\":\"EntryPoint\",\"urlTemplate\":\"https:\/\/milniky.flaw.uniba.sk\/?s={search_term_string}\"},\"query-input\":{\"@type\":\"PropertyValueSpecification\",\"valueRequired\":true,\"valueName\":\"search_term_string\"}}],\"inLanguage\":\"en-US\"},{\"@type\":\"Organization\",\"@id\":\"https:\/\/milniky.flaw.uniba.sk\/#organization\",\"name\":\"Milniky\",\"url\":\"https:\/\/milniky.flaw.uniba.sk\/\",\"logo\":{\"@type\":\"ImageObject\",\"inLanguage\":\"en-US\",\"@id\":\"https:\/\/milniky.flaw.uniba.sk\/#\/schema\/logo\/image\/\",\"url\":\"https:\/\/milniky.flaw.uniba.sk\/wp-content\/uploads\/2026\/02\/SK-biela-scaled.png\",\"contentUrl\":\"https:\/\/milniky.flaw.uniba.sk\/wp-content\/uploads\/2026\/02\/SK-biela-scaled.png\",\"width\":2560,\"height\":672,\"caption\":\"Milniky\"},\"image\":{\"@id\":\"https:\/\/milniky.flaw.uniba.sk\/#\/schema\/logo\/image\/\"}}]}<\/script>\n<!-- \/ Yoast SEO plugin. -->","yoast_head_json":{"title":"Sekcia pr\u00e1vnych dej\u00edn, r\u00edmskeho pr\u00e1va a k\u00e1nonick\u00e9ho pr\u00e1va - Milniky","robots":{"index":"index","follow":"follow","max-snippet":"max-snippet:-1","max-image-preview":"max-image-preview:large","max-video-preview":"max-video-preview:-1"},"canonical":"https:\/\/milniky.flaw.uniba.sk\/en\/sekcia-pravnych-dejin-rimskeho-prava\/","og_locale":"en_US","og_type":"article","og_title":"Sekcia pr\u00e1vnych dej\u00edn, r\u00edmskeho pr\u00e1va a k\u00e1nonick\u00e9ho pr\u00e1va - Milniky","og_description":"Trad\u00edcia a princ\u00edpy vs. Pokrok a inov\u00e1cie: historickopr\u00e1vne dedi\u010dstvo v konfront\u00e1cii s modern\u00fdmi pr\u00edstupmi v pr\u00e1ve v stredoeur\u00f3pskom priestore Medzi minulos\u0165ou a pr\u00edtomnos\u0165ou neexistuje priepas\u0165 a plat\u00ed to aj o vz\u0165ahu pr\u00e1vnej hist\u00f3rie, r\u00edmskeho antick\u00e9ho pr\u00e1va, k\u00e1nonick\u00e9ho pr\u00e1va a modern\u00e9ho pr\u00e1va. Existuj\u00fa trad\u00edcie a idey, ktor\u00fdch sila, nad\u010dasovos\u0165 a ratio s\u00fa nepochybne neust\u00e1le pr\u00edtomn\u00e9 v [&hellip;]","og_url":"https:\/\/milniky.flaw.uniba.sk\/en\/sekcia-pravnych-dejin-rimskeho-prava\/","og_site_name":"Milniky","article_modified_time":"2026-02-05T12:31:12+00:00","twitter_card":"summary_large_image","twitter_misc":{"Est. reading time":"1 minute"},"schema":{"@context":"https:\/\/schema.org","@graph":[{"@type":"WebPage","@id":"https:\/\/milniky.flaw.uniba.sk\/sekcia-pravnych-dejin-rimskeho-prava\/","url":"https:\/\/milniky.flaw.uniba.sk\/sekcia-pravnych-dejin-rimskeho-prava\/","name":"Sekcia pr\u00e1vnych dej\u00edn, r\u00edmskeho pr\u00e1va a k\u00e1nonick\u00e9ho pr\u00e1va - Milniky","isPartOf":{"@id":"https:\/\/milniky.flaw.uniba.sk\/#website"},"datePublished":"2022-04-27T11:40:55+00:00","dateModified":"2026-02-05T12:31:12+00:00","breadcrumb":{"@id":"https:\/\/milniky.flaw.uniba.sk\/sekcia-pravnych-dejin-rimskeho-prava\/#breadcrumb"},"inLanguage":"en-US","potentialAction":[{"@type":"ReadAction","target":["https:\/\/milniky.flaw.uniba.sk\/sekcia-pravnych-dejin-rimskeho-prava\/"]}]},{"@type":"BreadcrumbList","@id":"https:\/\/milniky.flaw.uniba.sk\/sekcia-pravnych-dejin-rimskeho-prava\/#breadcrumb","itemListElement":[{"@type":"ListItem","position":1,"name":"Home","item":"https:\/\/milniky.flaw.uniba.sk\/"},{"@type":"ListItem","position":2,"name":"Sekcia pr\u00e1vnych dej\u00edn, r\u00edmskeho pr\u00e1va a k\u00e1nonick\u00e9ho pr\u00e1va"}]},{"@type":"WebSite","@id":"https:\/\/milniky.flaw.uniba.sk\/#website","url":"https:\/\/milniky.flaw.uniba.sk\/","name":"Milestones","description":"","publisher":{"@id":"https:\/\/milniky.flaw.uniba.sk\/#organization"},"potentialAction":[{"@type":"SearchAction","target":{"@type":"EntryPoint","urlTemplate":"https:\/\/milniky.flaw.uniba.sk\/?s={search_term_string}"},"query-input":{"@type":"PropertyValueSpecification","valueRequired":true,"valueName":"search_term_string"}}],"inLanguage":"en-US"},{"@type":"Organization","@id":"https:\/\/milniky.flaw.uniba.sk\/#organization","name":"Milestones","url":"https:\/\/milniky.flaw.uniba.sk\/","logo":{"@type":"ImageObject","inLanguage":"en-US","@id":"https:\/\/milniky.flaw.uniba.sk\/#\/schema\/logo\/image\/","url":"https:\/\/milniky.flaw.uniba.sk\/wp-content\/uploads\/2026\/02\/SK-biela-scaled.png","contentUrl":"https:\/\/milniky.flaw.uniba.sk\/wp-content\/uploads\/2026\/02\/SK-biela-scaled.png","width":2560,"height":672,"caption":"Milniky"},"image":{"@id":"https:\/\/milniky.flaw.uniba.sk\/#\/schema\/logo\/image\/"}}]}},"_links":{"self":[{"href":"https:\/\/milniky.flaw.uniba.sk\/en\/wp-json\/wp\/v2\/pages\/280","targetHints":{"allow":["GET"]}}],"collection":[{"href":"https:\/\/milniky.flaw.uniba.sk\/en\/wp-json\/wp\/v2\/pages"}],"about":[{"href":"https:\/\/milniky.flaw.uniba.sk\/en\/wp-json\/wp\/v2\/types\/page"}],"author":[{"embeddable":true,"href":"https:\/\/milniky.flaw.uniba.sk\/en\/wp-json\/wp\/v2\/users\/2"}],"replies":[{"embeddable":true,"href":"https:\/\/milniky.flaw.uniba.sk\/en\/wp-json\/wp\/v2\/comments?post=280"}],"version-history":[{"count":12,"href":"https:\/\/milniky.flaw.uniba.sk\/en\/wp-json\/wp\/v2\/pages\/280\/revisions"}],"predecessor-version":[{"id":1668,"href":"https:\/\/milniky.flaw.uniba.sk\/en\/wp-json\/wp\/v2\/pages\/280\/revisions\/1668"}],"wp:attachment":[{"href":"https:\/\/milniky.flaw.uniba.sk\/en\/wp-json\/wp\/v2\/media?parent=280"}],"curies":[{"name":"wp","href":"https:\/\/api.w.org\/{rel}","templated":true}]}}