{"id":32,"date":"2021-04-12T13:01:42","date_gmt":"2021-04-12T11:01:42","guid":{"rendered":"https:\/\/milniky.flaw.uniba.sk\/?page_id=32"},"modified":"2026-02-06T09:04:04","modified_gmt":"2026-02-06T08:04:04","slug":"uvod","status":"publish","type":"page","link":"https:\/\/milniky.flaw.uniba.sk\/en\/","title":{"rendered":"Home"},"content":{"rendered":"<p class=\"has-text-align-center\">Comenius University Bratislava, Faculty of Law is organising 20th annual international scholarly conference for Ph.D. students and young researchers \"<strong>The Milestones of Law in Central Europe 2026<\/strong>\". The conference will be held under the auspices of the Dean of Faculty of Law, Comenius University in Bratislava, prof. JUDr. Eduard Burda, PhD. from <strong>27 \u2013 28 March 2026 (Friday \u2013 Saturday)<\/strong> in the premises of <strong>Purpose-built facility of the National Council of the Slovak Republic \u010cast\u00e1 \u2013 Papierni\u010dka<\/strong>.<\/p>\n\n\n\n<p class=\"has-text-align-center\">The conference is intended for all Ph.D. students and law researchers <strong>who have not obtained the scientific and pedagogical title of associate professor yet<\/strong>. &nbsp;<\/p>\n\n\n\n<p class=\"has-text-align-center\">International scholarly conference \"The Milestones of Law in Central Europe 2026\" with the central theme <strong>\"Progress and Innovation in Law: Between Tradition and Modern Challenges in the V4 Region\"<\/strong> will serve as a unique platform for approximately 150 young researchers, primarily from the V4 countries, to present their work, engage in discussions on current legal challenges (not only) related to the central topic of the conference, and establish valuable cross-border cooperation and connections that can support their academic and professional development. The event will be held in the premises of the Special Purpose-built facility of the National Council of the Slovak Republic \"\u010cast\u00e1 \u2013 Papierni\u010dka\", which, in addition to the premises for the official part of the conference, also provides suitable premises for the social program and accommodation of participants.<\/p>\n\n\n\n<div class=\"row\"><script src=\"https:\/\/cdn.logwork.com\/widget\/countdown.js\"><\/script>\n<a href=\"https:\/\/logwork.com\/countdown-timer\" class=\"countdown-timer\" data-style=\"columns\" data-timezone=\"Europe\/Bratislava\" data-language=\"sk\" data-date=\"2026-03-26 8:00\">Countdown<\/a><div>\n\n\n\n<h2 class=\"wp-block-heading has-text-align-center\">Partners<\/h2>\n\n\n\n<div class=\"wp-block-group\"><div class=\"wp-block-group__inner-container is-layout-constrained wp-block-group-is-layout-constrained\">\n<div class=\"wp-block-columns is-layout-flex wp-container-core-columns-is-layout-9d6595d7 wp-block-columns-is-layout-flex\">\n<div class=\"wp-block-column is-layout-flow wp-block-column-is-layout-flow\">\n<figure class=\"wp-block-image size-full\"><a href=\"https:\/\/www.wolterskluwer.com\/en\"><img fetchpriority=\"high\" decoding=\"async\" width=\"960\" height=\"540\" src=\"https:\/\/milniky.flaw.uniba.sk\/wp-content\/uploads\/2021\/05\/wolters.jpg\" alt=\"partner-logo\" class=\"wp-image-159\" srcset=\"https:\/\/milniky.flaw.uniba.sk\/wp-content\/uploads\/2021\/05\/wolters.jpg 960w, https:\/\/milniky.flaw.uniba.sk\/wp-content\/uploads\/2021\/05\/wolters-300x169.jpg 300w, https:\/\/milniky.flaw.uniba.sk\/wp-content\/uploads\/2021\/05\/wolters-768x432.jpg 768w, https:\/\/milniky.flaw.uniba.sk\/wp-content\/uploads\/2021\/05\/wolters-16x9.jpg 16w\" sizes=\"(max-width: 960px) 100vw, 960px\" \/><\/a><\/figure>\n<\/div>\n\n\n\n<div class=\"wp-block-column is-layout-flow wp-block-column-is-layout-flow\">\n<figure class=\"wp-block-image size-large\"><a href=\"https:\/\/www.beck.sk\/\"><img decoding=\"async\" width=\"1024\" height=\"315\" src=\"https:\/\/milniky.flaw.uniba.sk\/wp-content\/uploads\/2021\/05\/logo-grifin-C.-H.-BECK-vedle-sebe-cervena-1024x315.png\" alt=\"partner-logo\" class=\"wp-image-157\" srcset=\"https:\/\/milniky.flaw.uniba.sk\/wp-content\/uploads\/2021\/05\/logo-grifin-C.-H.-BECK-vedle-sebe-cervena-1024x315.png 1024w, https:\/\/milniky.flaw.uniba.sk\/wp-content\/uploads\/2021\/05\/logo-grifin-C.-H.-BECK-vedle-sebe-cervena-300x92.png 300w, https:\/\/milniky.flaw.uniba.sk\/wp-content\/uploads\/2021\/05\/logo-grifin-C.-H.-BECK-vedle-sebe-cervena-768x237.png 768w, https:\/\/milniky.flaw.uniba.sk\/wp-content\/uploads\/2021\/05\/logo-grifin-C.-H.-BECK-vedle-sebe-cervena-1536x473.png 1536w, https:\/\/milniky.flaw.uniba.sk\/wp-content\/uploads\/2021\/05\/logo-grifin-C.-H.-BECK-vedle-sebe-cervena-2048x631.png 2048w, https:\/\/milniky.flaw.uniba.sk\/wp-content\/uploads\/2021\/05\/logo-grifin-C.-H.-BECK-vedle-sebe-cervena-16x5.png 16w, https:\/\/milniky.flaw.uniba.sk\/wp-content\/uploads\/2021\/05\/logo-grifin-C.-H.-BECK-vedle-sebe-cervena-1200x370.png 1200w, https:\/\/milniky.flaw.uniba.sk\/wp-content\/uploads\/2021\/05\/logo-grifin-C.-H.-BECK-vedle-sebe-cervena-1980x610.png 1980w\" sizes=\"(max-width: 1024px) 100vw, 1024px\" \/><\/a><\/figure>\n<\/div>\n\n\n\n<div class=\"wp-block-column is-layout-flow wp-block-column-is-layout-flow\">\n<figure class=\"wp-block-image size-full\"><a href=\"https:\/\/www.judikaty.info\/\"><img decoding=\"async\" width=\"246\" height=\"81\" src=\"https:\/\/milniky.flaw.uniba.sk\/wp-content\/uploads\/2021\/05\/ji1.jpg\" alt=\"partner-logo\" class=\"wp-image-156\" srcset=\"https:\/\/milniky.flaw.uniba.sk\/wp-content\/uploads\/2021\/05\/ji1.jpg 246w, https:\/\/milniky.flaw.uniba.sk\/wp-content\/uploads\/2021\/05\/ji1-16x5.jpg 16w\" sizes=\"(max-width: 246px) 100vw, 246px\" \/><\/a><\/figure>\n<\/div>\n<\/div>\n<\/div><\/div>\n\n\n\n<div class=\"wp-block-columns is-layout-flex wp-container-core-columns-is-layout-9d6595d7 wp-block-columns-is-layout-flex\">\n<div class=\"wp-block-column is-layout-flow wp-block-column-is-layout-flow\">\n<figure class=\"wp-block-image size-full\"><a href=\"https:\/\/www.aspi.sk\/\"><img loading=\"lazy\" decoding=\"async\" width=\"236\" height=\"236\" src=\"https:\/\/milniky.flaw.uniba.sk\/wp-content\/uploads\/2021\/05\/12977.jpg\" alt=\"partner-logo\" class=\"wp-image-155\" srcset=\"https:\/\/milniky.flaw.uniba.sk\/wp-content\/uploads\/2021\/05\/12977.jpg 236w, https:\/\/milniky.flaw.uniba.sk\/wp-content\/uploads\/2021\/05\/12977-150x150.jpg 150w, https:\/\/milniky.flaw.uniba.sk\/wp-content\/uploads\/2021\/05\/12977-12x12.jpg 12w\" sizes=\"(max-width: 236px) 100vw, 236px\" \/><\/a><\/figure>\n<\/div>\n\n\n\n<div class=\"wp-block-column is-layout-flow wp-block-column-is-layout-flow\">\n<figure class=\"wp-block-image size-full\"><a href=\"https:\/\/www.beck-online.sk\/\"><img loading=\"lazy\" decoding=\"async\" width=\"397\" height=\"90\" src=\"https:\/\/milniky.flaw.uniba.sk\/wp-content\/uploads\/2021\/05\/logo-red.png\" alt=\"partner-logo\" class=\"wp-image-158\" srcset=\"https:\/\/milniky.flaw.uniba.sk\/wp-content\/uploads\/2021\/05\/logo-red.png 397w, https:\/\/milniky.flaw.uniba.sk\/wp-content\/uploads\/2021\/05\/logo-red-300x68.png 300w, https:\/\/milniky.flaw.uniba.sk\/wp-content\/uploads\/2021\/05\/logo-red-16x4.png 16w\" sizes=\"(max-width: 397px) 100vw, 397px\" \/><\/a><\/figure>\n<\/div>\n\n\n\n<div class=\"wp-block-column is-layout-flow wp-block-column-is-layout-flow\">\n<figure class=\"wp-block-image size-full\"><a href=\"https:\/\/zakony.judikaty.info\/\"><img loading=\"lazy\" decoding=\"async\" width=\"349\" height=\"78\" src=\"https:\/\/milniky.flaw.uniba.sk\/wp-content\/uploads\/2021\/05\/zj1.jpg\" alt=\"partner-logo\" class=\"wp-image-160\" srcset=\"https:\/\/milniky.flaw.uniba.sk\/wp-content\/uploads\/2021\/05\/zj1.jpg 349w, https:\/\/milniky.flaw.uniba.sk\/wp-content\/uploads\/2021\/05\/zj1-300x67.jpg 300w, https:\/\/milniky.flaw.uniba.sk\/wp-content\/uploads\/2021\/05\/zj1-16x4.jpg 16w\" sizes=\"(max-width: 349px) 100vw, 349px\" \/><\/a><\/figure>\n<\/div>\n<\/div>","protected":false},"excerpt":{"rendered":"<p>Univerzita Komensk\u00e9ho v Bratislave, Pr\u00e1vnick\u00e1 fakulta organizuje 20. ro\u010dn\u00edk medzin\u00e1rodnej vedeckej konferencie doktorandov a mlad\u00fdch vedeck\u00fdch pracovn\u00edkov \u201eM\u00ed\u013eniky pr\u00e1va v stredoeur\u00f3pskom priestore 2026\u201c. Konferencia sa bude kona\u0165 pod z\u00e1\u0161titou dekana Pr\u00e1vnickej fakulty Univerzity Komensk\u00e9ho v Bratislave, prof. JUDr. Eduarda Burdu, PhD. v d\u0148och 27. \u2013 28. marca 2026 (piatok \u2013 sobota) v priestoroch \u00da\u010delov\u00e9ho zariadenia [&hellip;]<\/p>\n","protected":false},"author":2,"featured_media":99,"parent":0,"menu_order":0,"comment_status":"closed","ping_status":"closed","template":"templates\/template-cover.php","meta":{"footnotes":""},"class_list":["post-32","page","type-page","status-publish","has-post-thumbnail","hentry"],"yoast_head":"<!-- This site is optimized with the Yoast SEO plugin v27.2 - https:\/\/yoast.com\/product\/yoast-seo-wordpress\/ -->\n<title>\u00davod - Milniky<\/title>\n<meta name=\"robots\" content=\"index, follow, max-snippet:-1, max-image-preview:large, max-video-preview:-1\" \/>\n<link rel=\"canonical\" href=\"https:\/\/milniky.flaw.uniba.sk\/en\/\" \/>\n<meta property=\"og:locale\" content=\"en_US\" \/>\n<meta property=\"og:type\" content=\"article\" \/>\n<meta property=\"og:title\" content=\"\u00davod - Milniky\" \/>\n<meta property=\"og:description\" content=\"Univerzita Komensk\u00e9ho v Bratislave, Pr\u00e1vnick\u00e1 fakulta organizuje 20. ro\u010dn\u00edk medzin\u00e1rodnej vedeckej konferencie doktorandov a mlad\u00fdch vedeck\u00fdch pracovn\u00edkov \u201eM\u00ed\u013eniky pr\u00e1va v stredoeur\u00f3pskom priestore 2026\u201c. Konferencia sa bude kona\u0165 pod z\u00e1\u0161titou dekana Pr\u00e1vnickej fakulty Univerzity Komensk\u00e9ho v Bratislave, prof. JUDr. Eduarda Burdu, PhD. v d\u0148och 27. \u2013 28. marca 2026 (piatok \u2013 sobota) v priestoroch \u00da\u010delov\u00e9ho zariadenia [&hellip;]\" \/>\n<meta property=\"og:url\" content=\"https:\/\/milniky.flaw.uniba.sk\/en\/\" \/>\n<meta property=\"og:site_name\" content=\"Milniky\" \/>\n<meta property=\"article:modified_time\" content=\"2026-02-06T08:04:04+00:00\" \/>\n<meta property=\"og:image\" content=\"https:\/\/milniky.flaw.uniba.sk\/wp-content\/uploads\/2021\/05\/cut-scaled.jpg\" \/>\n\t<meta property=\"og:image:width\" content=\"2560\" \/>\n\t<meta property=\"og:image:height\" content=\"1211\" \/>\n\t<meta property=\"og:image:type\" content=\"image\/jpeg\" \/>\n<meta name=\"twitter:card\" content=\"summary_large_image\" \/>\n<meta name=\"twitter:label1\" content=\"Est. reading time\" \/>\n\t<meta name=\"twitter:data1\" content=\"3 minutes\" \/>\n<script type=\"application\/ld+json\" class=\"yoast-schema-graph\">{\"@context\":\"https:\/\/schema.org\",\"@graph\":[{\"@type\":\"WebPage\",\"@id\":\"https:\/\/milniky.flaw.uniba.sk\/\",\"url\":\"https:\/\/milniky.flaw.uniba.sk\/\",\"name\":\"\u00davod - Milniky\",\"isPartOf\":{\"@id\":\"https:\/\/milniky.flaw.uniba.sk\/#website\"},\"primaryImageOfPage\":{\"@id\":\"https:\/\/milniky.flaw.uniba.sk\/#primaryimage\"},\"image\":{\"@id\":\"https:\/\/milniky.flaw.uniba.sk\/#primaryimage\"},\"thumbnailUrl\":\"https:\/\/milniky.flaw.uniba.sk\/wp-content\/uploads\/2021\/05\/cut-scaled.jpg\",\"datePublished\":\"2021-04-12T11:01:42+00:00\",\"dateModified\":\"2026-02-06T08:04:04+00:00\",\"breadcrumb\":{\"@id\":\"https:\/\/milniky.flaw.uniba.sk\/#breadcrumb\"},\"inLanguage\":\"en-US\",\"potentialAction\":[{\"@type\":\"ReadAction\",\"target\":[\"https:\/\/milniky.flaw.uniba.sk\/\"]}]},{\"@type\":\"ImageObject\",\"inLanguage\":\"en-US\",\"@id\":\"https:\/\/milniky.flaw.uniba.sk\/#primaryimage\",\"url\":\"https:\/\/milniky.flaw.uniba.sk\/wp-content\/uploads\/2021\/05\/cut-scaled.jpg\",\"contentUrl\":\"https:\/\/milniky.flaw.uniba.sk\/wp-content\/uploads\/2021\/05\/cut-scaled.jpg\",\"width\":2560,\"height\":1211,\"caption\":\"overlay\"},{\"@type\":\"BreadcrumbList\",\"@id\":\"https:\/\/milniky.flaw.uniba.sk\/#breadcrumb\",\"itemListElement\":[{\"@type\":\"ListItem\",\"position\":1,\"name\":\"Home\",\"item\":\"https:\/\/milniky.flaw.uniba.sk\/\"},{\"@type\":\"ListItem\",\"position\":2,\"name\":\"\u00davod\"}]},{\"@type\":\"WebSite\",\"@id\":\"https:\/\/milniky.flaw.uniba.sk\/#website\",\"url\":\"https:\/\/milniky.flaw.uniba.sk\/\",\"name\":\"Milniky\",\"description\":\"\",\"publisher\":{\"@id\":\"https:\/\/milniky.flaw.uniba.sk\/#organization\"},\"potentialAction\":[{\"@type\":\"SearchAction\",\"target\":{\"@type\":\"EntryPoint\",\"urlTemplate\":\"https:\/\/milniky.flaw.uniba.sk\/?s={search_term_string}\"},\"query-input\":{\"@type\":\"PropertyValueSpecification\",\"valueRequired\":true,\"valueName\":\"search_term_string\"}}],\"inLanguage\":\"en-US\"},{\"@type\":\"Organization\",\"@id\":\"https:\/\/milniky.flaw.uniba.sk\/#organization\",\"name\":\"Milniky\",\"url\":\"https:\/\/milniky.flaw.uniba.sk\/\",\"logo\":{\"@type\":\"ImageObject\",\"inLanguage\":\"en-US\",\"@id\":\"https:\/\/milniky.flaw.uniba.sk\/#\/schema\/logo\/image\/\",\"url\":\"https:\/\/milniky.flaw.uniba.sk\/wp-content\/uploads\/2026\/02\/SK-biela-scaled.png\",\"contentUrl\":\"https:\/\/milniky.flaw.uniba.sk\/wp-content\/uploads\/2026\/02\/SK-biela-scaled.png\",\"width\":2560,\"height\":672,\"caption\":\"Milniky\"},\"image\":{\"@id\":\"https:\/\/milniky.flaw.uniba.sk\/#\/schema\/logo\/image\/\"}}]}<\/script>\n<!-- \/ Yoast SEO plugin. -->","yoast_head_json":{"title":"\u00davod - Milniky","robots":{"index":"index","follow":"follow","max-snippet":"max-snippet:-1","max-image-preview":"max-image-preview:large","max-video-preview":"max-video-preview:-1"},"canonical":"https:\/\/milniky.flaw.uniba.sk\/en\/","og_locale":"en_US","og_type":"article","og_title":"\u00davod - Milniky","og_description":"Univerzita Komensk\u00e9ho v Bratislave, Pr\u00e1vnick\u00e1 fakulta organizuje 20. ro\u010dn\u00edk medzin\u00e1rodnej vedeckej konferencie doktorandov a mlad\u00fdch vedeck\u00fdch pracovn\u00edkov \u201eM\u00ed\u013eniky pr\u00e1va v stredoeur\u00f3pskom priestore 2026\u201c. Konferencia sa bude kona\u0165 pod z\u00e1\u0161titou dekana Pr\u00e1vnickej fakulty Univerzity Komensk\u00e9ho v Bratislave, prof. JUDr. Eduarda Burdu, PhD. v d\u0148och 27. \u2013 28. marca 2026 (piatok \u2013 sobota) v priestoroch \u00da\u010delov\u00e9ho zariadenia [&hellip;]","og_url":"https:\/\/milniky.flaw.uniba.sk\/en\/","og_site_name":"Milniky","article_modified_time":"2026-02-06T08:04:04+00:00","og_image":[{"width":2560,"height":1211,"url":"https:\/\/milniky.flaw.uniba.sk\/wp-content\/uploads\/2021\/05\/cut-scaled.jpg","type":"image\/jpeg"}],"twitter_card":"summary_large_image","twitter_misc":{"Est. reading time":"3 minutes"},"schema":{"@context":"https:\/\/schema.org","@graph":[{"@type":"WebPage","@id":"https:\/\/milniky.flaw.uniba.sk\/","url":"https:\/\/milniky.flaw.uniba.sk\/","name":"\u00davod - Milniky","isPartOf":{"@id":"https:\/\/milniky.flaw.uniba.sk\/#website"},"primaryImageOfPage":{"@id":"https:\/\/milniky.flaw.uniba.sk\/#primaryimage"},"image":{"@id":"https:\/\/milniky.flaw.uniba.sk\/#primaryimage"},"thumbnailUrl":"https:\/\/milniky.flaw.uniba.sk\/wp-content\/uploads\/2021\/05\/cut-scaled.jpg","datePublished":"2021-04-12T11:01:42+00:00","dateModified":"2026-02-06T08:04:04+00:00","breadcrumb":{"@id":"https:\/\/milniky.flaw.uniba.sk\/#breadcrumb"},"inLanguage":"en-US","potentialAction":[{"@type":"ReadAction","target":["https:\/\/milniky.flaw.uniba.sk\/"]}]},{"@type":"ImageObject","inLanguage":"en-US","@id":"https:\/\/milniky.flaw.uniba.sk\/#primaryimage","url":"https:\/\/milniky.flaw.uniba.sk\/wp-content\/uploads\/2021\/05\/cut-scaled.jpg","contentUrl":"https:\/\/milniky.flaw.uniba.sk\/wp-content\/uploads\/2021\/05\/cut-scaled.jpg","width":2560,"height":1211,"caption":"overlay"},{"@type":"BreadcrumbList","@id":"https:\/\/milniky.flaw.uniba.sk\/#breadcrumb","itemListElement":[{"@type":"ListItem","position":1,"name":"Home","item":"https:\/\/milniky.flaw.uniba.sk\/"},{"@type":"ListItem","position":2,"name":"\u00davod"}]},{"@type":"WebSite","@id":"https:\/\/milniky.flaw.uniba.sk\/#website","url":"https:\/\/milniky.flaw.uniba.sk\/","name":"Milestones","description":"","publisher":{"@id":"https:\/\/milniky.flaw.uniba.sk\/#organization"},"potentialAction":[{"@type":"SearchAction","target":{"@type":"EntryPoint","urlTemplate":"https:\/\/milniky.flaw.uniba.sk\/?s={search_term_string}"},"query-input":{"@type":"PropertyValueSpecification","valueRequired":true,"valueName":"search_term_string"}}],"inLanguage":"en-US"},{"@type":"Organization","@id":"https:\/\/milniky.flaw.uniba.sk\/#organization","name":"Milestones","url":"https:\/\/milniky.flaw.uniba.sk\/","logo":{"@type":"ImageObject","inLanguage":"en-US","@id":"https:\/\/milniky.flaw.uniba.sk\/#\/schema\/logo\/image\/","url":"https:\/\/milniky.flaw.uniba.sk\/wp-content\/uploads\/2026\/02\/SK-biela-scaled.png","contentUrl":"https:\/\/milniky.flaw.uniba.sk\/wp-content\/uploads\/2026\/02\/SK-biela-scaled.png","width":2560,"height":672,"caption":"Milniky"},"image":{"@id":"https:\/\/milniky.flaw.uniba.sk\/#\/schema\/logo\/image\/"}}]}},"_links":{"self":[{"href":"https:\/\/milniky.flaw.uniba.sk\/en\/wp-json\/wp\/v2\/pages\/32","targetHints":{"allow":["GET"]}}],"collection":[{"href":"https:\/\/milniky.flaw.uniba.sk\/en\/wp-json\/wp\/v2\/pages"}],"about":[{"href":"https:\/\/milniky.flaw.uniba.sk\/en\/wp-json\/wp\/v2\/types\/page"}],"author":[{"embeddable":true,"href":"https:\/\/milniky.flaw.uniba.sk\/en\/wp-json\/wp\/v2\/users\/2"}],"replies":[{"embeddable":true,"href":"https:\/\/milniky.flaw.uniba.sk\/en\/wp-json\/wp\/v2\/comments?post=32"}],"version-history":[{"count":77,"href":"https:\/\/milniky.flaw.uniba.sk\/en\/wp-json\/wp\/v2\/pages\/32\/revisions"}],"predecessor-version":[{"id":1716,"href":"https:\/\/milniky.flaw.uniba.sk\/en\/wp-json\/wp\/v2\/pages\/32\/revisions\/1716"}],"wp:featuredmedia":[{"embeddable":true,"href":"https:\/\/milniky.flaw.uniba.sk\/en\/wp-json\/wp\/v2\/media\/99"}],"wp:attachment":[{"href":"https:\/\/milniky.flaw.uniba.sk\/en\/wp-json\/wp\/v2\/media?parent=32"}],"curies":[{"name":"wp","href":"https:\/\/api.w.org\/{rel}","templated":true}]}}