{"id":36,"date":"2021-04-12T13:02:29","date_gmt":"2021-04-12T11:02:29","guid":{"rendered":"https:\/\/milniky.flaw.uniba.sk\/?page_id=36"},"modified":"2026-03-25T09:49:52","modified_gmt":"2026-03-25T08:49:52","slug":"program","status":"publish","type":"page","link":"https:\/\/milniky.flaw.uniba.sk\/en\/program\/","title":{"rendered":"Programme"},"content":{"rendered":"<div data-wp-interactive=\"core\/file\" class=\"wp-block-file\"><object data-wp-bind--hidden=\"!state.hasPdfPreview\" hidden class=\"wp-block-file__embed\" data=\"https:\/\/milniky.flaw.uniba.sk\/wp-content\/uploads\/2026\/03\/Milniky-2026_PROGRAM-4.pdf\" type=\"application\/pdf\" style=\"width:100%;height:600px\" aria-label=\"Embed of M\u00ed\u013eniky 2026_PROGRAM.\"><\/object><a id=\"wp-block-file--media-670a56cb-5732-42e2-83e4-1b2e49a79061\" href=\"https:\/\/milniky.flaw.uniba.sk\/wp-content\/uploads\/2026\/03\/Milniky-2026_PROGRAM-4.pdf\">Milestones 2026_PROGRAM<\/a><a href=\"https:\/\/milniky.flaw.uniba.sk\/wp-content\/uploads\/2026\/03\/Milniky-2026_PROGRAM-4.pdf\" class=\"wp-block-file__button wp-element-button\" download aria-describedby=\"wp-block-file--media-670a56cb-5732-42e2-83e4-1b2e49a79061\">Download<\/a><\/div>\n\n\n\n<p><\/p>\n\n\n\n<p class=\"has-text-align-center\"><strong><mark style=\"background-color:rgba(0, 0, 0, 0)\" class=\"has-inline-color has-accent-color\">SECTIONS AND THEIR TIMETABLE<\/mark><\/strong><\/p>\n\n\n\n<figure class=\"wp-block-table\"><table class=\"has-fixed-layout\"><tbody><tr><td class=\"has-text-align-left\" data-align=\"left\"><strong><mark style=\"background-color:rgba(0, 0, 0, 0)\" class=\"has-inline-color has-accent-color\">Friday, 27 March 2026<\/mark><\/strong><br><em><mark style=\"background-color:rgba(0, 0, 0, 0)\" class=\"has-inline-color has-accent-color\">Morning Block: 9.00 \u2013 12.30<\/mark><\/em><\/td><td class=\"has-text-align-center\" data-align=\"center\"><strong><mark style=\"background-color:rgba(0, 0, 0, 0)\" class=\"has-inline-color has-accent-color\">Room<\/mark><\/strong><\/td><\/tr><tr><td class=\"has-text-align-left\" data-align=\"left\"><strong>1. Section of Legal Theory, Philosophy of Law, and Constitutional Law<\/strong><br>(9.00 \u2013 12.30)<\/td><td class=\"has-text-align-center\" data-align=\"center\">Meeting room 1<\/td><\/tr><tr><td class=\"has-text-align-left\" data-align=\"left\"><strong>10. Section of Civil Law<\/strong><br>(9.00 \u2013 14.30)<\/td><td class=\"has-text-align-center\" data-align=\"center\">Meeting room 2<\/td><\/tr><tr><td class=\"has-text-align-left\" data-align=\"left\"><strong>11. Section of Criminal Law, Criminology, and Criminalistics<\/strong><br>(9.00 \u2013 19.00)<\/td><td class=\"has-text-align-center\" data-align=\"center\">Cinema Hall<\/td><\/tr><tr><td class=\"has-text-align-left\" data-align=\"left\"><strong>6. Section of Administrative Law<\/strong><br>(9.00 \u2013 12.30)<\/td><td class=\"has-text-align-center\" data-align=\"center\">Conference Hall<\/td><\/tr><tr><td class=\"has-text-align-left\" data-align=\"left\"><strong><mark style=\"background-color:rgba(0, 0, 0, 0)\" class=\"has-inline-color has-accent-color\">Friday, 27 March 2026<\/mark><\/strong><br><em><mark style=\"background-color:rgba(0, 0, 0, 0)\" class=\"has-inline-color has-accent-color\">Afternoon Block: 13.00 \u2013 18.30<\/mark><\/em><\/td><td class=\"has-text-align-center\" data-align=\"center\"><strong><mark style=\"background-color:rgba(0, 0, 0, 0)\" class=\"has-inline-color has-accent-color\">Room<\/mark><\/strong><\/td><\/tr><tr><td class=\"has-text-align-left\" data-align=\"left\"><strong>4. Section of Legal History, Roman Law and Canon Law<\/strong><br>(13.00 \u2013 15.30)<\/td><td class=\"has-text-align-center\" data-align=\"center\">Meeting room 1<\/td><\/tr><tr><td class=\"has-text-align-left\" data-align=\"left\"><strong>7. Section of Environmental and Climate Law<\/strong><br>(15.30 \u2013 18.00)<\/td><td class=\"has-text-align-center\" data-align=\"center\">Meeting room 1<\/td><\/tr><tr><td class=\"has-text-align-left\" data-align=\"left\"><strong>13. Section of Legal Communication in Foreign Languages<\/strong><br>(13.00 \u2013 15.00)<\/td><td class=\"has-text-align-center\" data-align=\"center\">Salon<\/td><\/tr><tr><td class=\"has-text-align-left\" data-align=\"left\"><strong>1. WORKSHOP<\/strong><br>(15.00 \u2013 16.00)<\/td><td class=\"has-text-align-center\" data-align=\"center\">Salon<\/td><\/tr><tr><td class=\"has-text-align-left\" data-align=\"left\"><strong>2.<\/strong> <strong>WORKSHOP<\/strong><br>(16.00 \u2013 17.00)<\/td><td class=\"has-text-align-center\" data-align=\"center\">Salon<\/td><\/tr><tr><td class=\"has-text-align-left\" data-align=\"left\"><strong>3. Sekcia obchodn\u00e9ho a&nbsp;hospod\u00e1rskeho pr\u00e1va<\/strong><br>(14.30 \u2013 18.30)<\/td><td class=\"has-text-align-center\" data-align=\"center\">Meeting room 2<\/td><\/tr><tr><td class=\"has-text-align-left\" data-align=\"left\"><strong>9. Section of Labour Law and Social Security Law<\/strong><br>(13.00 \u2013 15.00)<\/td><td class=\"has-text-align-center\" data-align=\"center\">Conference Hall<\/td><\/tr><tr><td class=\"has-text-align-left\" data-align=\"left\"><strong>5. Section of Information Technology Law and Intellectual Property Law<\/strong><br>(15.00 \u2013 17.30)<\/td><td class=\"has-text-align-center\" data-align=\"center\">Conference Hall<\/td><\/tr><tr><td class=\"has-text-align-left\" data-align=\"left\"><strong><mark style=\"background-color:rgba(0, 0, 0, 0)\" class=\"has-inline-color has-accent-color\">Saturday, 28 March 2026<\/mark><\/strong><br><em><mark style=\"background-color:rgba(0, 0, 0, 0)\" class=\"has-inline-color has-accent-color\">Morning Block: 9.00 \u2013 15.30<\/mark><\/em><\/td><td class=\"has-text-align-center\" data-align=\"center\"><strong><mark style=\"background-color:rgba(0, 0, 0, 0)\" class=\"has-inline-color has-accent-color\">Room<\/mark><\/strong><\/td><\/tr><tr><td class=\"has-text-align-left\" data-align=\"left\"><strong>12. Section of European Law<br><\/strong>(9.00 \u2013 12.00)<\/td><td class=\"has-text-align-center\" data-align=\"center\">Meeting room 1<\/td><\/tr><tr><td class=\"has-text-align-left\" data-align=\"left\"><strong>8. Section of Financial Law<\/strong><br>(9.00 \u2013 12.00)<\/td><td class=\"has-text-align-center\" data-align=\"center\">Meeting room 2<\/td><\/tr><tr><td class=\"has-text-align-left\" data-align=\"left\"><strong>2. Section of International Law and International Relations<\/strong><br>(9.00 \u2013 15.30)<\/td><td class=\"has-text-align-center\" data-align=\"center\">Conference Hall<\/td><\/tr><\/tbody><\/table><\/figure>\n\n\n\n<p class=\"has-text-align-center\"><strong>INFORMATION ABOUT ACCOMMODATION<\/strong><\/p>\n\n\n\n<p><strong>On Saturdays, rooms must be vacated by 9:00 a.m. According to the instructions of the purpose-built facility, the specified time cannot be extended beyond 9:00 a.m.<\/strong><\/p>\n\n\n\n<div class=\"wp-block-buttons is-content-justification-center is-layout-flex wp-container-core-buttons-is-layout-16018d1d wp-block-buttons-is-layout-flex\"><\/div>\n\n\n\n<h2 class=\"wp-block-heading has-text-align-center\">Transport to the conference<\/h2>\n\n\n\n<h5 class=\"wp-block-heading\"><strong>Transportation to the Purpose-built facility of the National Council of the Slovak Republic \u010cast\u00e1 \u2013 Papierni\u010dka is individual.<\/strong><\/h5>\n\n\n\n<p>The facility offers parking throughout the entire area.<\/p>\n\n\n\n<p><strong>Transportation from Bratislava:<\/strong><\/p>\n\n\n\n<p><a href=\"https:\/\/cp.sk\/vlakbusmhd\/spojenie\/vysledky\/?date=27.03.2026&amp;time=06:00&amp;f=Bratislava,,AS&amp;fc=200003&amp;t=%C4%8Cast%C3%A1,,R%C3%A1zcestie%20P%C3%ADla&amp;tc=200003\">Timetable of the Buses<\/a><\/p>\n\n\n\n<p><b>Bus Stop: \u010cast\u00e1 \u2013 R\u00e1zcestie P\u00edla<\/b>.<\/p>\n\n\n\n<p>The purpose-built facility is 3 km from the bus stop.<\/p>\n\n\n\n<p>You can request transportation from the \u010cast\u00e1 \u2013 R\u00e1zcestie P\u00edla bus stop to the \u010cast\u00e1-Papierni\u010dka by calling the following number: <strong>+421 905 297 027<\/strong> (please use mainly the app <strong>WhatsApp<\/strong>).<\/p>","protected":false},"excerpt":{"rendered":"<p>ROZDELENIE SEKCI\u00cd A \u010cASOV\u00dd HARMONOGRAM Piatok 27. 3. 2026Dopolud\u0148aj\u0161\u00ed blok: 9.00 \u2013 12.30 Miestnos\u0165 1. Sekcia te\u00f3rie pr\u00e1va a filozofie pr\u00e1va a \u00fastavn\u00e9ho pr\u00e1va(9.00 \u2013 12.30) Zasada\u010dka 1 10. Sekcia ob\u010dianskeho pr\u00e1va(9.00 \u2013 14.30) Zasada\u010dka 2 11. Sekcia trestn\u00e9ho pr\u00e1va, kriminol\u00f3gie a kriminalistiky(9.00 \u2013 19.00) Kinos\u00e1la 6. Sekcia spr\u00e1vneho pr\u00e1va(9.00 \u2013 12.30) Konferen\u010dn\u00e1 s\u00e1la Piatok [&hellip;]<\/p>\n","protected":false},"author":2,"featured_media":0,"parent":0,"menu_order":0,"comment_status":"closed","ping_status":"closed","template":"","meta":{"footnotes":""},"class_list":["post-36","page","type-page","status-publish","hentry"],"yoast_head":"<!-- This site is optimized with the Yoast SEO plugin v27.2 - https:\/\/yoast.com\/product\/yoast-seo-wordpress\/ -->\n<title>Program - Milniky<\/title>\n<meta name=\"robots\" content=\"index, follow, max-snippet:-1, max-image-preview:large, max-video-preview:-1\" \/>\n<link rel=\"canonical\" href=\"https:\/\/milniky.flaw.uniba.sk\/en\/program\/\" \/>\n<meta property=\"og:locale\" content=\"en_US\" \/>\n<meta property=\"og:type\" content=\"article\" \/>\n<meta property=\"og:title\" content=\"Program - Milniky\" \/>\n<meta property=\"og:description\" content=\"ROZDELENIE SEKCI\u00cd A \u010cASOV\u00dd HARMONOGRAM Piatok 27. 3. 2026Dopolud\u0148aj\u0161\u00ed blok: 9.00 \u2013 12.30 Miestnos\u0165 1. Sekcia te\u00f3rie pr\u00e1va a filozofie pr\u00e1va a \u00fastavn\u00e9ho pr\u00e1va(9.00 \u2013 12.30) Zasada\u010dka 1 10. Sekcia ob\u010dianskeho pr\u00e1va(9.00 \u2013 14.30) Zasada\u010dka 2 11. Sekcia trestn\u00e9ho pr\u00e1va, kriminol\u00f3gie a kriminalistiky(9.00 \u2013 19.00) Kinos\u00e1la 6. Sekcia spr\u00e1vneho pr\u00e1va(9.00 \u2013 12.30) Konferen\u010dn\u00e1 s\u00e1la Piatok [&hellip;]\" \/>\n<meta property=\"og:url\" content=\"https:\/\/milniky.flaw.uniba.sk\/en\/program\/\" \/>\n<meta property=\"og:site_name\" content=\"Milniky\" \/>\n<meta property=\"article:modified_time\" content=\"2026-03-25T08:49:52+00:00\" \/>\n<meta name=\"twitter:card\" content=\"summary_large_image\" \/>\n<meta name=\"twitter:label1\" content=\"Est. reading time\" \/>\n\t<meta name=\"twitter:data1\" content=\"2 minutes\" \/>\n<script type=\"application\/ld+json\" class=\"yoast-schema-graph\">{\"@context\":\"https:\/\/schema.org\",\"@graph\":[{\"@type\":\"WebPage\",\"@id\":\"https:\/\/milniky.flaw.uniba.sk\/program\/\",\"url\":\"https:\/\/milniky.flaw.uniba.sk\/program\/\",\"name\":\"Program - Milniky\",\"isPartOf\":{\"@id\":\"https:\/\/milniky.flaw.uniba.sk\/#website\"},\"datePublished\":\"2021-04-12T11:02:29+00:00\",\"dateModified\":\"2026-03-25T08:49:52+00:00\",\"breadcrumb\":{\"@id\":\"https:\/\/milniky.flaw.uniba.sk\/program\/#breadcrumb\"},\"inLanguage\":\"en-US\",\"potentialAction\":[{\"@type\":\"ReadAction\",\"target\":[\"https:\/\/milniky.flaw.uniba.sk\/program\/\"]}]},{\"@type\":\"BreadcrumbList\",\"@id\":\"https:\/\/milniky.flaw.uniba.sk\/program\/#breadcrumb\",\"itemListElement\":[{\"@type\":\"ListItem\",\"position\":1,\"name\":\"Home\",\"item\":\"https:\/\/milniky.flaw.uniba.sk\/\"},{\"@type\":\"ListItem\",\"position\":2,\"name\":\"Program\"}]},{\"@type\":\"WebSite\",\"@id\":\"https:\/\/milniky.flaw.uniba.sk\/#website\",\"url\":\"https:\/\/milniky.flaw.uniba.sk\/\",\"name\":\"Milniky\",\"description\":\"\",\"publisher\":{\"@id\":\"https:\/\/milniky.flaw.uniba.sk\/#organization\"},\"potentialAction\":[{\"@type\":\"SearchAction\",\"target\":{\"@type\":\"EntryPoint\",\"urlTemplate\":\"https:\/\/milniky.flaw.uniba.sk\/?s={search_term_string}\"},\"query-input\":{\"@type\":\"PropertyValueSpecification\",\"valueRequired\":true,\"valueName\":\"search_term_string\"}}],\"inLanguage\":\"en-US\"},{\"@type\":\"Organization\",\"@id\":\"https:\/\/milniky.flaw.uniba.sk\/#organization\",\"name\":\"Milniky\",\"url\":\"https:\/\/milniky.flaw.uniba.sk\/\",\"logo\":{\"@type\":\"ImageObject\",\"inLanguage\":\"en-US\",\"@id\":\"https:\/\/milniky.flaw.uniba.sk\/#\/schema\/logo\/image\/\",\"url\":\"https:\/\/milniky.flaw.uniba.sk\/wp-content\/uploads\/2026\/02\/SK-biela-scaled.png\",\"contentUrl\":\"https:\/\/milniky.flaw.uniba.sk\/wp-content\/uploads\/2026\/02\/SK-biela-scaled.png\",\"width\":2560,\"height\":672,\"caption\":\"Milniky\"},\"image\":{\"@id\":\"https:\/\/milniky.flaw.uniba.sk\/#\/schema\/logo\/image\/\"}}]}<\/script>\n<!-- \/ Yoast SEO plugin. -->","yoast_head_json":{"title":"Program - Milniky","robots":{"index":"index","follow":"follow","max-snippet":"max-snippet:-1","max-image-preview":"max-image-preview:large","max-video-preview":"max-video-preview:-1"},"canonical":"https:\/\/milniky.flaw.uniba.sk\/en\/program\/","og_locale":"en_US","og_type":"article","og_title":"Program - Milniky","og_description":"ROZDELENIE SEKCI\u00cd A \u010cASOV\u00dd HARMONOGRAM Piatok 27. 3. 2026Dopolud\u0148aj\u0161\u00ed blok: 9.00 \u2013 12.30 Miestnos\u0165 1. Sekcia te\u00f3rie pr\u00e1va a filozofie pr\u00e1va a \u00fastavn\u00e9ho pr\u00e1va(9.00 \u2013 12.30) Zasada\u010dka 1 10. Sekcia ob\u010dianskeho pr\u00e1va(9.00 \u2013 14.30) Zasada\u010dka 2 11. Sekcia trestn\u00e9ho pr\u00e1va, kriminol\u00f3gie a kriminalistiky(9.00 \u2013 19.00) Kinos\u00e1la 6. Sekcia spr\u00e1vneho pr\u00e1va(9.00 \u2013 12.30) Konferen\u010dn\u00e1 s\u00e1la Piatok [&hellip;]","og_url":"https:\/\/milniky.flaw.uniba.sk\/en\/program\/","og_site_name":"Milniky","article_modified_time":"2026-03-25T08:49:52+00:00","twitter_card":"summary_large_image","twitter_misc":{"Est. reading time":"2 minutes"},"schema":{"@context":"https:\/\/schema.org","@graph":[{"@type":"WebPage","@id":"https:\/\/milniky.flaw.uniba.sk\/program\/","url":"https:\/\/milniky.flaw.uniba.sk\/program\/","name":"Program - Milniky","isPartOf":{"@id":"https:\/\/milniky.flaw.uniba.sk\/#website"},"datePublished":"2021-04-12T11:02:29+00:00","dateModified":"2026-03-25T08:49:52+00:00","breadcrumb":{"@id":"https:\/\/milniky.flaw.uniba.sk\/program\/#breadcrumb"},"inLanguage":"en-US","potentialAction":[{"@type":"ReadAction","target":["https:\/\/milniky.flaw.uniba.sk\/program\/"]}]},{"@type":"BreadcrumbList","@id":"https:\/\/milniky.flaw.uniba.sk\/program\/#breadcrumb","itemListElement":[{"@type":"ListItem","position":1,"name":"Home","item":"https:\/\/milniky.flaw.uniba.sk\/"},{"@type":"ListItem","position":2,"name":"Program"}]},{"@type":"WebSite","@id":"https:\/\/milniky.flaw.uniba.sk\/#website","url":"https:\/\/milniky.flaw.uniba.sk\/","name":"Milestones","description":"","publisher":{"@id":"https:\/\/milniky.flaw.uniba.sk\/#organization"},"potentialAction":[{"@type":"SearchAction","target":{"@type":"EntryPoint","urlTemplate":"https:\/\/milniky.flaw.uniba.sk\/?s={search_term_string}"},"query-input":{"@type":"PropertyValueSpecification","valueRequired":true,"valueName":"search_term_string"}}],"inLanguage":"en-US"},{"@type":"Organization","@id":"https:\/\/milniky.flaw.uniba.sk\/#organization","name":"Milestones","url":"https:\/\/milniky.flaw.uniba.sk\/","logo":{"@type":"ImageObject","inLanguage":"en-US","@id":"https:\/\/milniky.flaw.uniba.sk\/#\/schema\/logo\/image\/","url":"https:\/\/milniky.flaw.uniba.sk\/wp-content\/uploads\/2026\/02\/SK-biela-scaled.png","contentUrl":"https:\/\/milniky.flaw.uniba.sk\/wp-content\/uploads\/2026\/02\/SK-biela-scaled.png","width":2560,"height":672,"caption":"Milniky"},"image":{"@id":"https:\/\/milniky.flaw.uniba.sk\/#\/schema\/logo\/image\/"}}]}},"_links":{"self":[{"href":"https:\/\/milniky.flaw.uniba.sk\/en\/wp-json\/wp\/v2\/pages\/36","targetHints":{"allow":["GET"]}}],"collection":[{"href":"https:\/\/milniky.flaw.uniba.sk\/en\/wp-json\/wp\/v2\/pages"}],"about":[{"href":"https:\/\/milniky.flaw.uniba.sk\/en\/wp-json\/wp\/v2\/types\/page"}],"author":[{"embeddable":true,"href":"https:\/\/milniky.flaw.uniba.sk\/en\/wp-json\/wp\/v2\/users\/2"}],"replies":[{"embeddable":true,"href":"https:\/\/milniky.flaw.uniba.sk\/en\/wp-json\/wp\/v2\/comments?post=36"}],"version-history":[{"count":573,"href":"https:\/\/milniky.flaw.uniba.sk\/en\/wp-json\/wp\/v2\/pages\/36\/revisions"}],"predecessor-version":[{"id":1769,"href":"https:\/\/milniky.flaw.uniba.sk\/en\/wp-json\/wp\/v2\/pages\/36\/revisions\/1769"}],"wp:attachment":[{"href":"https:\/\/milniky.flaw.uniba.sk\/en\/wp-json\/wp\/v2\/media?parent=36"}],"curies":[{"name":"wp","href":"https:\/\/api.w.org\/{rel}","templated":true}]}}