{"id":713,"date":"2024-02-21T10:29:04","date_gmt":"2024-02-21T09:29:04","guid":{"rendered":"https:\/\/milniky.flaw.uniba.sk\/?page_id=713"},"modified":"2026-02-05T13:47:40","modified_gmt":"2026-02-05T12:47:40","slug":"sekcia_financneho_prava","status":"publish","type":"page","link":"https:\/\/milniky.flaw.uniba.sk\/en\/sekcia_financneho_prava\/","title":{"rendered":"Financial Law Section"},"content":{"rendered":"<h2 class=\"wp-block-heading alignwide has-text-align-center\">Current Trends and Developments in Financial Law<\/h2>\n\n\n\n<p><\/p>\n\n\n\n<p>The section focuses on current legislative developments and application-related issues in financial law, particularly in the countries of the V4 region, in the context of ongoing economic, legislative, and social changes. The discussion will primarily address developments in tax legislation, the regulation of financial markets, as well as other areas of financial law. Special attention will be devoted to challenges related to the implementation of European Union law, the harmonisation of legal frameworks, and the search for a balance between the stability of the legal framework and the need for its modernisation and regulation in response to new regulatory and socio-economic challenges.<\/p>\n\n\n\n<p><strong>Guarantors of the section:<\/strong><\/p>\n\n\n\n<p>doc. JUDr. Yana Daudrikh, PhD.<\/p>\n\n\n\n<p>doc. JUDr. Simona Hesekov\u00e1, PhD.<\/p>","protected":false},"excerpt":{"rendered":"<p>S\u00fa\u010dasn\u00e9 trendy a v\u00fdvoj finan\u010dn\u00e9ho pr\u00e1va Sekcia sa zameriava na aktu\u00e1lny legislat\u00edvny v\u00fdvoj a aplika\u010dn\u00e9 ot\u00e1zky finan\u010dn\u00e9ho pr\u00e1va najm\u00e4 v krajin\u00e1ch regi\u00f3nu V4 v kontexte prebiehaj\u00facich hospod\u00e1rskych, legislat\u00edvnych a spolo\u010densk\u00fdch zmien. Diskusia bude s\u00fastreden\u00e1 najm\u00e4 na v\u00fdvoj da\u0148ovej legislat\u00edvy, pr\u00e1vnej \u00fapravy finan\u010dn\u00e9ho trhu, ako aj na \u010fal\u0161ie oblasti finan\u010dn\u00e9ho pr\u00e1va. Osobitn\u00e1 pozornos\u0165 bude venovan\u00e1 v\u00fdzvam [&hellip;]<\/p>\n","protected":false},"author":4,"featured_media":0,"parent":0,"menu_order":0,"comment_status":"closed","ping_status":"closed","template":"","meta":{"footnotes":""},"class_list":["post-713","page","type-page","status-publish","hentry"],"yoast_head":"<!-- This site is optimized with the Yoast SEO plugin v27.2 - https:\/\/yoast.com\/product\/yoast-seo-wordpress\/ -->\n<title>Sekcia finan\u010dn\u00e9ho pr\u00e1va - Milniky<\/title>\n<meta name=\"robots\" content=\"index, follow, max-snippet:-1, max-image-preview:large, max-video-preview:-1\" \/>\n<link rel=\"canonical\" href=\"https:\/\/milniky.flaw.uniba.sk\/en\/sekcia_financneho_prava\/\" \/>\n<meta property=\"og:locale\" content=\"en_US\" \/>\n<meta property=\"og:type\" content=\"article\" \/>\n<meta property=\"og:title\" content=\"Sekcia finan\u010dn\u00e9ho pr\u00e1va - Milniky\" \/>\n<meta property=\"og:description\" content=\"S\u00fa\u010dasn\u00e9 trendy a v\u00fdvoj finan\u010dn\u00e9ho pr\u00e1va Sekcia sa zameriava na aktu\u00e1lny legislat\u00edvny v\u00fdvoj a aplika\u010dn\u00e9 ot\u00e1zky finan\u010dn\u00e9ho pr\u00e1va najm\u00e4 v krajin\u00e1ch regi\u00f3nu V4 v kontexte prebiehaj\u00facich hospod\u00e1rskych, legislat\u00edvnych a spolo\u010densk\u00fdch zmien. Diskusia bude s\u00fastreden\u00e1 najm\u00e4 na v\u00fdvoj da\u0148ovej legislat\u00edvy, pr\u00e1vnej \u00fapravy finan\u010dn\u00e9ho trhu, ako aj na \u010fal\u0161ie oblasti finan\u010dn\u00e9ho pr\u00e1va. Osobitn\u00e1 pozornos\u0165 bude venovan\u00e1 v\u00fdzvam [&hellip;]\" \/>\n<meta property=\"og:url\" content=\"https:\/\/milniky.flaw.uniba.sk\/en\/sekcia_financneho_prava\/\" \/>\n<meta property=\"og:site_name\" content=\"Milniky\" \/>\n<meta property=\"article:modified_time\" content=\"2026-02-05T12:47:40+00:00\" \/>\n<meta name=\"twitter:card\" content=\"summary_large_image\" \/>\n<meta name=\"twitter:label1\" content=\"Est. reading time\" \/>\n\t<meta name=\"twitter:data1\" content=\"1 minute\" \/>\n<script type=\"application\/ld+json\" class=\"yoast-schema-graph\">{\"@context\":\"https:\/\/schema.org\",\"@graph\":[{\"@type\":\"WebPage\",\"@id\":\"https:\/\/milniky.flaw.uniba.sk\/sekcia_financneho_prava\/\",\"url\":\"https:\/\/milniky.flaw.uniba.sk\/sekcia_financneho_prava\/\",\"name\":\"Sekcia finan\u010dn\u00e9ho pr\u00e1va - Milniky\",\"isPartOf\":{\"@id\":\"https:\/\/milniky.flaw.uniba.sk\/#website\"},\"datePublished\":\"2024-02-21T09:29:04+00:00\",\"dateModified\":\"2026-02-05T12:47:40+00:00\",\"breadcrumb\":{\"@id\":\"https:\/\/milniky.flaw.uniba.sk\/sekcia_financneho_prava\/#breadcrumb\"},\"inLanguage\":\"en-US\",\"potentialAction\":[{\"@type\":\"ReadAction\",\"target\":[\"https:\/\/milniky.flaw.uniba.sk\/sekcia_financneho_prava\/\"]}]},{\"@type\":\"BreadcrumbList\",\"@id\":\"https:\/\/milniky.flaw.uniba.sk\/sekcia_financneho_prava\/#breadcrumb\",\"itemListElement\":[{\"@type\":\"ListItem\",\"position\":1,\"name\":\"Home\",\"item\":\"https:\/\/milniky.flaw.uniba.sk\/\"},{\"@type\":\"ListItem\",\"position\":2,\"name\":\"Sekcia finan\u010dn\u00e9ho pr\u00e1va\"}]},{\"@type\":\"WebSite\",\"@id\":\"https:\/\/milniky.flaw.uniba.sk\/#website\",\"url\":\"https:\/\/milniky.flaw.uniba.sk\/\",\"name\":\"Milniky\",\"description\":\"\",\"publisher\":{\"@id\":\"https:\/\/milniky.flaw.uniba.sk\/#organization\"},\"potentialAction\":[{\"@type\":\"SearchAction\",\"target\":{\"@type\":\"EntryPoint\",\"urlTemplate\":\"https:\/\/milniky.flaw.uniba.sk\/?s={search_term_string}\"},\"query-input\":{\"@type\":\"PropertyValueSpecification\",\"valueRequired\":true,\"valueName\":\"search_term_string\"}}],\"inLanguage\":\"en-US\"},{\"@type\":\"Organization\",\"@id\":\"https:\/\/milniky.flaw.uniba.sk\/#organization\",\"name\":\"Milniky\",\"url\":\"https:\/\/milniky.flaw.uniba.sk\/\",\"logo\":{\"@type\":\"ImageObject\",\"inLanguage\":\"en-US\",\"@id\":\"https:\/\/milniky.flaw.uniba.sk\/#\/schema\/logo\/image\/\",\"url\":\"https:\/\/milniky.flaw.uniba.sk\/wp-content\/uploads\/2026\/02\/SK-biela-scaled.png\",\"contentUrl\":\"https:\/\/milniky.flaw.uniba.sk\/wp-content\/uploads\/2026\/02\/SK-biela-scaled.png\",\"width\":2560,\"height\":672,\"caption\":\"Milniky\"},\"image\":{\"@id\":\"https:\/\/milniky.flaw.uniba.sk\/#\/schema\/logo\/image\/\"}}]}<\/script>\n<!-- \/ Yoast SEO plugin. -->","yoast_head_json":{"title":"Sekcia finan\u010dn\u00e9ho pr\u00e1va - Milniky","robots":{"index":"index","follow":"follow","max-snippet":"max-snippet:-1","max-image-preview":"max-image-preview:large","max-video-preview":"max-video-preview:-1"},"canonical":"https:\/\/milniky.flaw.uniba.sk\/en\/sekcia_financneho_prava\/","og_locale":"en_US","og_type":"article","og_title":"Sekcia finan\u010dn\u00e9ho pr\u00e1va - Milniky","og_description":"S\u00fa\u010dasn\u00e9 trendy a v\u00fdvoj finan\u010dn\u00e9ho pr\u00e1va Sekcia sa zameriava na aktu\u00e1lny legislat\u00edvny v\u00fdvoj a aplika\u010dn\u00e9 ot\u00e1zky finan\u010dn\u00e9ho pr\u00e1va najm\u00e4 v krajin\u00e1ch regi\u00f3nu V4 v kontexte prebiehaj\u00facich hospod\u00e1rskych, legislat\u00edvnych a spolo\u010densk\u00fdch zmien. Diskusia bude s\u00fastreden\u00e1 najm\u00e4 na v\u00fdvoj da\u0148ovej legislat\u00edvy, pr\u00e1vnej \u00fapravy finan\u010dn\u00e9ho trhu, ako aj na \u010fal\u0161ie oblasti finan\u010dn\u00e9ho pr\u00e1va. Osobitn\u00e1 pozornos\u0165 bude venovan\u00e1 v\u00fdzvam [&hellip;]","og_url":"https:\/\/milniky.flaw.uniba.sk\/en\/sekcia_financneho_prava\/","og_site_name":"Milniky","article_modified_time":"2026-02-05T12:47:40+00:00","twitter_card":"summary_large_image","twitter_misc":{"Est. reading time":"1 minute"},"schema":{"@context":"https:\/\/schema.org","@graph":[{"@type":"WebPage","@id":"https:\/\/milniky.flaw.uniba.sk\/sekcia_financneho_prava\/","url":"https:\/\/milniky.flaw.uniba.sk\/sekcia_financneho_prava\/","name":"Sekcia finan\u010dn\u00e9ho pr\u00e1va - Milniky","isPartOf":{"@id":"https:\/\/milniky.flaw.uniba.sk\/#website"},"datePublished":"2024-02-21T09:29:04+00:00","dateModified":"2026-02-05T12:47:40+00:00","breadcrumb":{"@id":"https:\/\/milniky.flaw.uniba.sk\/sekcia_financneho_prava\/#breadcrumb"},"inLanguage":"en-US","potentialAction":[{"@type":"ReadAction","target":["https:\/\/milniky.flaw.uniba.sk\/sekcia_financneho_prava\/"]}]},{"@type":"BreadcrumbList","@id":"https:\/\/milniky.flaw.uniba.sk\/sekcia_financneho_prava\/#breadcrumb","itemListElement":[{"@type":"ListItem","position":1,"name":"Home","item":"https:\/\/milniky.flaw.uniba.sk\/"},{"@type":"ListItem","position":2,"name":"Sekcia finan\u010dn\u00e9ho pr\u00e1va"}]},{"@type":"WebSite","@id":"https:\/\/milniky.flaw.uniba.sk\/#website","url":"https:\/\/milniky.flaw.uniba.sk\/","name":"Milestones","description":"","publisher":{"@id":"https:\/\/milniky.flaw.uniba.sk\/#organization"},"potentialAction":[{"@type":"SearchAction","target":{"@type":"EntryPoint","urlTemplate":"https:\/\/milniky.flaw.uniba.sk\/?s={search_term_string}"},"query-input":{"@type":"PropertyValueSpecification","valueRequired":true,"valueName":"search_term_string"}}],"inLanguage":"en-US"},{"@type":"Organization","@id":"https:\/\/milniky.flaw.uniba.sk\/#organization","name":"Milestones","url":"https:\/\/milniky.flaw.uniba.sk\/","logo":{"@type":"ImageObject","inLanguage":"en-US","@id":"https:\/\/milniky.flaw.uniba.sk\/#\/schema\/logo\/image\/","url":"https:\/\/milniky.flaw.uniba.sk\/wp-content\/uploads\/2026\/02\/SK-biela-scaled.png","contentUrl":"https:\/\/milniky.flaw.uniba.sk\/wp-content\/uploads\/2026\/02\/SK-biela-scaled.png","width":2560,"height":672,"caption":"Milniky"},"image":{"@id":"https:\/\/milniky.flaw.uniba.sk\/#\/schema\/logo\/image\/"}}]}},"_links":{"self":[{"href":"https:\/\/milniky.flaw.uniba.sk\/en\/wp-json\/wp\/v2\/pages\/713","targetHints":{"allow":["GET"]}}],"collection":[{"href":"https:\/\/milniky.flaw.uniba.sk\/en\/wp-json\/wp\/v2\/pages"}],"about":[{"href":"https:\/\/milniky.flaw.uniba.sk\/en\/wp-json\/wp\/v2\/types\/page"}],"author":[{"embeddable":true,"href":"https:\/\/milniky.flaw.uniba.sk\/en\/wp-json\/wp\/v2\/users\/4"}],"replies":[{"embeddable":true,"href":"https:\/\/milniky.flaw.uniba.sk\/en\/wp-json\/wp\/v2\/comments?post=713"}],"version-history":[{"count":16,"href":"https:\/\/milniky.flaw.uniba.sk\/en\/wp-json\/wp\/v2\/pages\/713\/revisions"}],"predecessor-version":[{"id":1687,"href":"https:\/\/milniky.flaw.uniba.sk\/en\/wp-json\/wp\/v2\/pages\/713\/revisions\/1687"}],"wp:attachment":[{"href":"https:\/\/milniky.flaw.uniba.sk\/en\/wp-json\/wp\/v2\/media?parent=713"}],"curies":[{"name":"wp","href":"https:\/\/api.w.org\/{rel}","templated":true}]}}